{"id":2004,"date":"2024-09-10T23:36:44","date_gmt":"2024-09-10T23:36:44","guid":{"rendered":"https:\/\/bettsun.com\/?page_id=2004"},"modified":"2024-09-10T23:42:40","modified_gmt":"2024-09-10T23:42:40","slug":"datenschutzbestimmungen","status":"publish","type":"page","link":"https:\/\/bettsun.com\/de\/datenschutzbestimmungen\/","title":{"rendered":"Datenschutzbestimmungen"},"content":{"rendered":"<div data-elementor-type=\"wp-page\" data-elementor-id=\"2004\" class=\"elementor elementor-2004\" data-elementor-post-type=\"page\">\n\t\t\t\t<div class=\"elementor-element elementor-element-095c320 e-flex e-con-boxed e-con e-parent\" data-id=\"095c320\" data-element_type=\"container\" data-e-type=\"container\" data-settings=\"{&quot;background_background&quot;:&quot;classic&quot;}\">\n\t\t\t\t\t<div class=\"e-con-inner\">\n\t\t\t\t<div class=\"elementor-element elementor-element-d099dc0 elementor-widget elementor-widget-woocommerce-breadcrumb\" data-id=\"d099dc0\" data-element_type=\"widget\" data-e-type=\"widget\" data-widget_type=\"woocommerce-breadcrumb.default\">\n\t\t\t\t<div class=\"elementor-widget-container\">\n\t\t\t\t\t<nav class=\"woocommerce-breadcrumb\" aria-label=\"Breadcrumb\" data-no-translation=\"\" data-trp-gettext=\"\">Startseite<\/nav>\t\t\t\t<\/div>\n\t\t\t\t<\/div>\n\t\t\t\t<div class=\"elementor-element elementor-element-b779177 elementor-widget elementor-widget-heading\" data-id=\"b779177\" data-element_type=\"widget\" data-e-type=\"widget\" data-widget_type=\"heading.default\">\n\t\t\t\t<div class=\"elementor-widget-container\">\n\t\t\t\t\t<h2 class=\"elementor-heading-title elementor-size-default\">Datenschutzbestimmungen<\/h2>\t\t\t\t<\/div>\n\t\t\t\t<\/div>\n\t\t\t\t\t<\/div>\n\t\t\t\t<\/div>\n\t\t<div class=\"elementor-element elementor-element-341e52cf e-flex e-con-boxed e-con e-parent\" data-id=\"341e52cf\" data-element_type=\"container\" data-e-type=\"container\">\n\t\t\t\t\t<div class=\"e-con-inner\">\n\t\t\t\t<div class=\"elementor-element elementor-element-14fd42aa elementor-widget elementor-widget-text-editor\" data-id=\"14fd42aa\" data-element_type=\"widget\" data-e-type=\"widget\" data-widget_type=\"text-editor.default\">\n\t\t\t\t<div class=\"elementor-widget-container\">\n\t\t\t\t\t\t\t\t\t\n<p><strong>Datum des Inkrafttretens: Heutiges Datum<\/strong><\/p>\n\n\n\n<p>Willkommen bei BettSun! Wir verpflichten uns, Ihre Privatsph\u00e4re zu sch\u00fctzen. Diese Datenschutzrichtlinie beschreibt, wie wir Informationen von Benutzern der BettSun-Website sammeln, verwenden, sch\u00fctzen und weitergeben. <a href=\"https:\/\/bettsun.com\/de\/\">www.bettsun.com<\/a>.<\/p>\n\n\n\n<p><strong>1. Informationssammlung<\/strong> Wir erfassen Informationen, die Sie uns direkt zur Verf\u00fcgung stellen, wenn Sie sich auf unserer Website registrieren, eine Bestellung aufgeben, unseren Newsletter abonnieren, an einer Umfrage teilnehmen, ein Formular ausf\u00fcllen oder mit uns kommunizieren. Dazu geh\u00f6ren Ihr Name, Ihre E-Mail-Adresse, Ihre Postanschrift, Ihre Telefonnummer und Ihre finanziellen Daten.<\/p>\n\n\n\n<p><strong>2. Verwendung von Informationen<\/strong> Die Informationen, die wir von Ihnen sammeln, k\u00f6nnen auf eine der folgenden Arten verwendet werden:<\/p>\n\n\n\n<ul class=\"wp-block-list\">\n<li>Um Ihr Erlebnis zu personalisieren<\/li>\n\n\n\n<li>Um unsere Website zu verbessern<\/li>\n\n\n\n<li>Um Transaktionen zu verarbeiten<\/li>\n\n\n\n<li>Zum Versenden regelm\u00e4\u00dfiger E-Mails \u00fcber Ihre Bestellung oder andere Produkte und Dienstleistungen<\/li>\n<\/ul>\n\n\n\n<p><strong>3. Schutz von Informationen<\/strong> Wir setzen eine Reihe von Sicherheitsma\u00dfnahmen ein, um die Sicherheit Ihrer pers\u00f6nlichen Daten zu gew\u00e4hrleisten, wenn Sie eine Bestellung aufgeben oder Ihre pers\u00f6nlichen Daten eingeben, \u00fcbermitteln oder abrufen.<\/p>\n\n\n\n<p><strong>4. Offenlegung von Informationen<\/strong> Wir werden Ihre personenbezogenen Daten nicht verkaufen, tauschen oder anderweitig an Dritte weitergeben. Davon ausgenommen sind vertrauensw\u00fcrdige Dritte, die uns beim Betrieb unserer Website, bei der Abwicklung unserer Gesch\u00e4fte oder bei der Erbringung von Dienstleistungen f\u00fcr Sie unterst\u00fctzen, sofern diese Parteien zustimmen, diese Informationen vertraulich zu behandeln.<\/p>\n\n\n\n<p><strong>5. Links von Dritten<\/strong> Gelegentlich k\u00f6nnen wir nach unserem Ermessen Produkte oder Dienstleistungen von Dritten auf unserer Website einbinden oder anbieten. Diese Websites Dritter haben separate und unabh\u00e4ngige Datenschutzrichtlinien. Wir \u00fcbernehmen daher keine Verantwortung oder Haftung f\u00fcr die Inhalte und Aktivit\u00e4ten dieser verlinkten Websites.<\/p>\n\n\n\n<p><strong>6. Cookies<\/strong> Unsere Website kann \"Cookies\" verwenden, um die Benutzerfreundlichkeit zu verbessern. Sie k\u00f6nnen w\u00e4hlen, ob Ihr Computer Sie jedes Mal warnen soll, wenn ein Cookie gesendet wird, oder ob Sie alle Cookies \u00fcber Ihre Browsereinstellungen deaktivieren m\u00f6chten.<\/p>\n\n\n\n<p><strong>7. Zustimmung<\/strong> Durch die Nutzung unserer Website erkl\u00e4ren Sie sich mit den Datenschutzbestimmungen unserer Website einverstanden.<\/p>\n\n\n\n<p><strong>8. \u00c4nderungen unserer Datenschutzrichtlinien<\/strong> Wenn wir uns entscheiden, unsere Datenschutzrichtlinie zu \u00e4ndern, werden wir diese \u00c4nderungen auf dieser Seite ver\u00f6ffentlichen und\/oder das \u00c4nderungsdatum der Datenschutzrichtlinie oben aktualisieren.<\/p>\n\n\n\n<p><strong>9. Kontaktieren Sie uns<\/strong> Wenn Sie Fragen zu dieser Datenschutzerkl\u00e4rung haben, k\u00f6nnen Sie uns \u00fcber die unten stehenden Informationen kontaktieren:<\/p>\n\n\n\n<ul class=\"wp-block-list\">\n<li>E-Mail: <a>contact@bettsun.com<\/a><\/li>\n\n\n\n<li>Telefon: +123 456 7890<\/li>\n\n\n\n<li>Adresse: 123 Energy Drive, Innovationspark<\/li>\n<\/ul>\n\t\t\t\t\t\t\t\t<\/div>\n\t\t\t\t<\/div>\n\t\t\t\t\t<\/div>\n\t\t\t\t<\/div>\n\t\t\t\t<\/div>","protected":false},"excerpt":{"rendered":"<p>Privacy Policy Effective Date: Today&#8217;s Date Welcome to BettSun! We are committed to protecting your privacy. This Privacy Policy outlines how we collect, use, protect, and disclose information obtained from users of the BettSun website located at www.bettsun.com. 1. Information Collection We collect information that you provide directly to us when you register on our [&hellip;]<\/p>\n","protected":false},"author":2,"featured_media":0,"parent":0,"menu_order":0,"comment_status":"closed","ping_status":"closed","template":"","meta":{"_acf_changed":false,"footnotes":""},"class_list":["post-2004","page","type-page","status-publish","hentry"],"acf":[],"_links":{"self":[{"href":"https:\/\/bettsun.com\/de\/wp-json\/wp\/v2\/pages\/2004","targetHints":{"allow":["GET"]}}],"collection":[{"href":"https:\/\/bettsun.com\/de\/wp-json\/wp\/v2\/pages"}],"about":[{"href":"https:\/\/bettsun.com\/de\/wp-json\/wp\/v2\/types\/page"}],"author":[{"embeddable":true,"href":"https:\/\/bettsun.com\/de\/wp-json\/wp\/v2\/users\/2"}],"replies":[{"embeddable":true,"href":"https:\/\/bettsun.com\/de\/wp-json\/wp\/v2\/comments?post=2004"}],"version-history":[{"count":0,"href":"https:\/\/bettsun.com\/de\/wp-json\/wp\/v2\/pages\/2004\/revisions"}],"wp:attachment":[{"href":"https:\/\/bettsun.com\/de\/wp-json\/wp\/v2\/media?parent=2004"}],"curies":[{"name":"wp","href":"https:\/\/api.w.org\/{rel}","templated":true}]}}