{"id":2007,"date":"2024-09-10T23:40:38","date_gmt":"2024-09-10T23:40:38","guid":{"rendered":"https:\/\/bettsun.com\/?page_id=2007"},"modified":"2024-09-10T23:44:31","modified_gmt":"2024-09-10T23:44:31","slug":"bedingungen","status":"publish","type":"page","link":"https:\/\/bettsun.com\/de\/bedingungen\/","title":{"rendered":"Bedingungen &amp; Konditionen"},"content":{"rendered":"<div data-elementor-type=\"wp-page\" data-elementor-id=\"2007\" class=\"elementor elementor-2007\" data-elementor-post-type=\"page\">\n\t\t\t\t<div class=\"elementor-element elementor-element-af56cb6 e-flex e-con-boxed e-con e-parent\" data-id=\"af56cb6\" data-element_type=\"container\" data-e-type=\"container\" data-settings=\"{&quot;background_background&quot;:&quot;classic&quot;}\">\n\t\t\t\t\t<div class=\"e-con-inner\">\n\t\t\t\t<div class=\"elementor-element elementor-element-1da980f elementor-widget elementor-widget-woocommerce-breadcrumb\" data-id=\"1da980f\" data-element_type=\"widget\" data-e-type=\"widget\" data-widget_type=\"woocommerce-breadcrumb.default\">\n\t\t\t\t<div class=\"elementor-widget-container\">\n\t\t\t\t\t<nav class=\"woocommerce-breadcrumb\" aria-label=\"Breadcrumb\" data-no-translation=\"\" data-trp-gettext=\"\">Startseite<\/nav>\t\t\t\t<\/div>\n\t\t\t\t<\/div>\n\t\t\t\t<div class=\"elementor-element elementor-element-186b415 elementor-widget elementor-widget-heading\" data-id=\"186b415\" data-element_type=\"widget\" data-e-type=\"widget\" data-widget_type=\"heading.default\">\n\t\t\t\t<div class=\"elementor-widget-container\">\n\t\t\t\t\t<h2 class=\"elementor-heading-title elementor-size-default\">Bedingungen &amp; Konditionen<\/h2>\t\t\t\t<\/div>\n\t\t\t\t<\/div>\n\t\t\t\t\t<\/div>\n\t\t\t\t<\/div>\n\t\t<div class=\"elementor-element elementor-element-1b130f16 e-flex e-con-boxed e-con e-parent\" data-id=\"1b130f16\" data-element_type=\"container\" data-e-type=\"container\">\n\t\t\t\t\t<div class=\"e-con-inner\">\n\t\t\t\t<div class=\"elementor-element elementor-element-6758dfdb elementor-widget elementor-widget-text-editor\" data-id=\"6758dfdb\" data-element_type=\"widget\" data-e-type=\"widget\" data-widget_type=\"text-editor.default\">\n\t\t\t\t<div class=\"elementor-widget-container\">\n\t\t\t\t\t\t\t\t\t\n<p><strong>Willkommen bei BettSun!<\/strong><\/p>\n\n\n\n<p>Diese Bedingungen beschreiben die Regeln und Vorschriften f\u00fcr die Nutzung der Website von BettSun, die sich unter <a href=\"https:\/\/bettsun.com\/de\/\">www.bettsun.com<\/a>.<\/p>\n\n\n\n<p>Wenn Sie auf diese Website zugreifen, gehen wir davon aus, dass Sie diese Bedingungen und Konditionen akzeptieren. Nutzen Sie BettSun nicht weiter, wenn Sie nicht mit allen auf dieser Seite genannten Bedingungen einverstanden sind.<\/p>\n\n\n\n<p><strong>1. Lizenz<\/strong> Sofern nicht anders angegeben, besitzen BettSun und\/oder seine Lizenzgeber die geistigen Eigentumsrechte f\u00fcr alle Inhalte auf BettSun. Alle geistigen Eigentumsrechte sind vorbehalten. Sie k\u00f6nnen auf dieses Material von BettSun f\u00fcr Ihren pers\u00f6nlichen Gebrauch zugreifen, vorbehaltlich der in diesen Bedingungen und Konditionen festgelegten Einschr\u00e4nkungen.<\/p>\n\n\n\n<p><strong>2. Das d\u00fcrfen Sie nicht:<\/strong><\/p>\n\n\n\n<ul class=\"wp-block-list\">\n<li>Material von BettSun wiederver\u00f6ffentlichen<\/li>\n\n\n\n<li>Material von BettSun verkaufen, vermieten oder unterlizenzieren<\/li>\n\n\n\n<li>Material von BettSun zu reproduzieren, zu duplizieren oder zu kopieren<\/li>\n\n\n\n<li>Inhalte von BettSun weiterverteilen<\/li>\n<\/ul>\n\n\n\n<p><strong>3. Benutzer-Kommentare<\/strong><\/p>\n\n\n\n<ul class=\"wp-block-list\">\n<li>Dieser Vertrag beginnt mit dem Datum dieses Vertrages.<\/li>\n\n\n\n<li>Bestimmte Teile dieser Website bieten Nutzern die M\u00f6glichkeit, Meinungen und Informationen zu ver\u00f6ffentlichen und auszutauschen. BettSun filtert, bearbeitet, ver\u00f6ffentlicht oder \u00fcberpr\u00fcft die Kommentare nicht, bevor sie auf der Website ver\u00f6ffentlicht werden. Die Kommentare geben nicht die Ansichten und Meinungen von BettSun, seinen Vertretern oder Partnern wieder. Die Kommentare spiegeln die Ansichten und Meinungen der Person wider, die ihre Ansichten und Meinungen gepostet hat. BettSun haftet im Rahmen der geltenden Gesetze nicht f\u00fcr die Kommentare oder f\u00fcr jegliche Haftung, Sch\u00e4den oder Ausgaben, die durch die Nutzung und\/oder Ver\u00f6ffentlichung und\/oder das Erscheinen der Kommentare auf dieser Website verursacht und\/oder erlitten werden.<\/li>\n<\/ul>\n\n\n\n<p><strong>4. Hyperlinks zu unserem Inhalt<\/strong><\/p>\n\n\n\n<ul class=\"wp-block-list\">\n<li>Organisationen k\u00f6nnen Links zu unserer Homepage, zu Ver\u00f6ffentlichungen oder zu anderen Informationen auf der Website einrichten, solange der Link nicht irref\u00fchrend ist: (a) in keiner Weise irref\u00fchrend ist; (b) nicht f\u00e4lschlicherweise eine F\u00f6rderung, Bef\u00fcrwortung oder Genehmigung der verlinkenden Partei und ihrer Produkte und\/oder Dienstleistungen impliziert; und (c) in den Kontext der Website der verlinkenden Partei passt.<\/li>\n<\/ul>\n\n\n\n<p><strong>5. Inhalt Haftung<\/strong> Wir sind nicht f\u00fcr Inhalte verantwortlich, die auf Ihrer Website erscheinen. Sie verpflichten sich, uns gegen alle Anspr\u00fcche zu sch\u00fctzen und zu verteidigen, die auf Ihrer Website erhoben werden. Es d\u00fcrfen keine Links auf einer Website erscheinen, die als verleumderisch, obsz\u00f6n oder kriminell ausgelegt werden k\u00f6nnen oder die Rechte Dritter verletzen oder anderweitig gegen sie versto\u00dfen oder die Verletzung oder anderweitige Verletzung von Rechten Dritter bef\u00fcrworten.<\/p>\n\n\n\n<p><strong>6. Vorbehalt der Rechte<\/strong> Wir behalten uns das Recht vor, Sie aufzufordern, alle Links oder einen bestimmten Link zu unserer Website zu entfernen. Sie verpflichten sich, alle Links zu unserer Website auf Anfrage unverz\u00fcglich zu entfernen. Wir behalten uns au\u00dferdem das Recht vor, diese Bedingungen und die Linkpolitik jederzeit zu \u00e4ndern. Indem Sie kontinuierlich einen Link zu unserer Website herstellen, erkl\u00e4ren Sie sich damit einverstanden, diese Link-Bedingungen zu akzeptieren und zu befolgen.<\/p>\n\n\n\n<p><strong>7. Entfernung von Links von unserer Website<\/strong> Wenn Sie einen Link auf unserer Website finden, der aus irgendeinem Grund anst\u00f6\u00dfig ist, k\u00f6nnen Sie uns jederzeit kontaktieren und informieren. Wir werden Anfragen zur Entfernung von Links pr\u00fcfen, sind aber nicht verpflichtet, dies zu tun oder Ihnen direkt zu antworten.<\/p>\n\n\n\n<p><strong>8. Haftungsausschluss<\/strong><\/p>\n\n\n\n<ul class=\"wp-block-list\">\n<li>Die Informationen auf dieser Website werden ohne M\u00e4ngelgew\u00e4hr zur Verf\u00fcgung gestellt, und BettSun gibt keine ausdr\u00fccklichen oder stillschweigenden Zusicherungen oder Gew\u00e4hrleistungen jeglicher Art in Bezug auf diese Website oder die auf dieser Website enthaltenen Materialien. Dar\u00fcber hinaus darf nichts auf dieser Website so ausgelegt werden, dass es eine Beratung oder einen Ratschlag f\u00fcr Sie darstellt.<\/li>\n<\/ul>\n\n\n\n<p><strong>Kontaktieren Sie uns<\/strong> Wenn Sie Fragen zu diesen Allgemeinen Gesch\u00e4ftsbedingungen haben, k\u00f6nnen Sie uns unter folgender Adresse kontaktieren:<\/p>\n\n\n\n<ul class=\"wp-block-list\">\n<li>E-Mail: <a>contact@bettsun.com<\/a><\/li>\n\n\n\n<li>Telefon: +123 456 7890<\/li>\n\n\n\n<li>Adresse: 123 Energy Drive, Innovationspark<\/li>\n<\/ul>\n\t\t\t\t\t\t\t\t<\/div>\n\t\t\t\t<\/div>\n\t\t\t\t\t<\/div>\n\t\t\t\t<\/div>\n\t\t\t\t<\/div>","protected":false},"excerpt":{"rendered":"<p>Terms &#038; Conditions Welcome to BettSun! These terms and conditions outline the rules and regulations for the use of BettSun&#8217;s Website, located at www.bettsun.com. By accessing this website we assume you accept these terms and conditions. Do not continue to use BettSun if you do not agree to take all of the terms and conditions [&hellip;]<\/p>\n","protected":false},"author":2,"featured_media":0,"parent":0,"menu_order":0,"comment_status":"closed","ping_status":"closed","template":"","meta":{"_acf_changed":false,"footnotes":""},"class_list":["post-2007","page","type-page","status-publish","hentry"],"acf":[],"_links":{"self":[{"href":"https:\/\/bettsun.com\/de\/wp-json\/wp\/v2\/pages\/2007","targetHints":{"allow":["GET"]}}],"collection":[{"href":"https:\/\/bettsun.com\/de\/wp-json\/wp\/v2\/pages"}],"about":[{"href":"https:\/\/bettsun.com\/de\/wp-json\/wp\/v2\/types\/page"}],"author":[{"embeddable":true,"href":"https:\/\/bettsun.com\/de\/wp-json\/wp\/v2\/users\/2"}],"replies":[{"embeddable":true,"href":"https:\/\/bettsun.com\/de\/wp-json\/wp\/v2\/comments?post=2007"}],"version-history":[{"count":0,"href":"https:\/\/bettsun.com\/de\/wp-json\/wp\/v2\/pages\/2007\/revisions"}],"wp:attachment":[{"href":"https:\/\/bettsun.com\/de\/wp-json\/wp\/v2\/media?parent=2007"}],"curies":[{"name":"wp","href":"https:\/\/api.w.org\/{rel}","templated":true}]}}