{"id":3242,"date":"2024-09-24T15:04:38","date_gmt":"2024-09-24T15:04:38","guid":{"rendered":"https:\/\/bettsun.com\/?post_type=product&#038;p=3242"},"modified":"2025-02-17T21:23:32","modified_gmt":"2025-02-17T21:23:32","slug":"bettsun-7kw-48v-hybrid-solar-wechselrichter-mit-dual-mppt","status":"publish","type":"product","link":"https:\/\/bettsun.com\/de\/produkte\/bettsun-7kw-48v-hybrid-solar-wechselrichter-mit-dual-mppt\/","title":{"rendered":"Bettsun 7KW 48V Hybrid Solar Wechselrichter mit Dual MPPT"},"content":{"rendered":"<p>Der Bettsun 7KW 48V Hybrid Solar Inverter verf\u00fcgt \u00fcber einen PV-Eingangsbereich von 110-450Vdc, ein 48V-Batteriesystem, das mit Blei-S\u00e4ure- und Lithium-Ionen-Batterien kompatibel ist, einen einzelnen MPPT mit 97,5% Effizienz und unterst\u00fctzt Ausgangsspannungen von 208Vac, 230Vac und 240Vac. Er liefert eine maximale Eingangsleistung von 6000W.<\/p>","protected":false},"excerpt":{"rendered":"<h3 data-start=\"637\" data-end=\"660\"><strong data-start=\"641\" data-end=\"658\">Wichtige Merkmale:<\/strong><\/h3>\n<ul>\n<li data-start=\"661\" data-end=\"956\"><strong>PV-Eingangsspannungsbereich:<\/strong> 110-450Vdc f\u00fcr breite Kompatibilit\u00e4t mit Solarmodulen.<\/li>\n<li data-start=\"661\" data-end=\"956\"><strong>Batterie-System:<\/strong> 48V, kompatibel mit Blei-S\u00e4ure- und Lithium-Ionen-Akkus.<\/li>\n<li data-start=\"661\" data-end=\"956\"><strong>Einzelner MPPT:<\/strong> 97,5% Wirkungsgrad bei einer maximalen Eingangsleistung von 6000W.<\/li>\n<li data-start=\"661\" data-end=\"956\"><strong>Mehrere Ausgangsspannungen:<\/strong> Unterst\u00fctzt 208Vac, 230Vac und 240Vac f\u00fcr einen vielseitigen Einsatz.<\/li>\n<\/ul>","protected":false},"featured_media":3553,"comment_status":"open","ping_status":"closed","template":"","meta":{"_acf_changed":false},"product_brand":[],"product_cat":[66,65],"product_tag":[],"class_list":{"0":"post-3242","1":"product","2":"type-product","3":"status-publish","4":"has-post-thumbnail","6":"product_cat-hybrid-inverter","7":"product_cat-inverter","9":"first","10":"instock","11":"shipping-taxable","12":"purchasable","13":"product-type-simple"},"acf":[],"_links":{"self":[{"href":"https:\/\/bettsun.com\/de\/wp-json\/wp\/v2\/product\/3242","targetHints":{"allow":["GET"]}}],"collection":[{"href":"https:\/\/bettsun.com\/de\/wp-json\/wp\/v2\/product"}],"about":[{"href":"https:\/\/bettsun.com\/de\/wp-json\/wp\/v2\/types\/product"}],"replies":[{"embeddable":true,"href":"https:\/\/bettsun.com\/de\/wp-json\/wp\/v2\/comments?post=3242"}],"version-history":[{"count":3,"href":"https:\/\/bettsun.com\/de\/wp-json\/wp\/v2\/product\/3242\/revisions"}],"predecessor-version":[{"id":8273,"href":"https:\/\/bettsun.com\/de\/wp-json\/wp\/v2\/product\/3242\/revisions\/8273"}],"wp:featuredmedia":[{"embeddable":true,"href":"https:\/\/bettsun.com\/de\/wp-json\/wp\/v2\/media\/3553"}],"wp:attachment":[{"href":"https:\/\/bettsun.com\/de\/wp-json\/wp\/v2\/media?parent=3242"}],"wp:term":[{"taxonomy":"product_brand","embeddable":true,"href":"https:\/\/bettsun.com\/de\/wp-json\/wp\/v2\/product_brand?post=3242"},{"taxonomy":"product_cat","embeddable":true,"href":"https:\/\/bettsun.com\/de\/wp-json\/wp\/v2\/product_cat?post=3242"},{"taxonomy":"product_tag","embeddable":true,"href":"https:\/\/bettsun.com\/de\/wp-json\/wp\/v2\/product_tag?post=3242"}],"curies":[{"name":"wp","href":"https:\/\/api.w.org\/{rel}","templated":true}]}}