{"id":3246,"date":"2024-09-24T15:15:55","date_gmt":"2024-09-24T15:15:55","guid":{"rendered":"https:\/\/bettsun.com\/?post_type=product&#038;p=3246"},"modified":"2025-02-17T21:17:00","modified_gmt":"2025-02-17T21:17:00","slug":"bettsun-10kw-48v-hybrid-solar-wechselrichter-mit-dual-mppt","status":"publish","type":"product","link":"https:\/\/bettsun.com\/de\/produkte\/bettsun-10kw-48v-hybrid-solar-wechselrichter-mit-dual-mppt\/","title":{"rendered":"Bettsun 10KW 48V Hybrid Solar Wechselrichter mit Dual MPPT"},"content":{"rendered":"<p>Der Bettsun 10KW 48V Hybrid Solar Inverter verf\u00fcgt \u00fcber einen PV-Eingangsbereich von 110-450Vdc, ein 48V-Batteriesystem, das mit Blei-S\u00e4ure- und Lithium-Ionen-Batterien kompatibel ist, ein duales MPPT f\u00fcr einen Wirkungsgrad von 97,5% und Ausgangsspannungen von 208Vac, 230Vac und 240Vac. Au\u00dferdem verf\u00fcgt er \u00fcber Stromwandlersensoren und einen Anti-Blockier-Schalter f\u00fcr verbesserte Netzsicherheit.<\/p>","protected":false},"excerpt":{"rendered":"<h3 data-start=\"656\" data-end=\"679\"><strong data-start=\"660\" data-end=\"677\">Wichtige Merkmale:<\/strong><\/h3>\n<ul>\n<li data-start=\"680\" data-end=\"1057\"><strong>PV-Eingangsspannungsbereich:<\/strong> 110-450Vdc f\u00fcr breite Kompatibilit\u00e4t mit Solarmodulen.<\/li>\n<li data-start=\"680\" data-end=\"1057\"><strong>Batterie-System:<\/strong> 48V, funktioniert mit Blei-S\u00e4ure- und Lithium-Ionen-Akkus.<\/li>\n<li data-start=\"680\" data-end=\"1057\"><strong>Dual MPPT:<\/strong> 97,5% Wirkungsgrad bei einer maximalen Eingangsleistung von 10000W.<\/li>\n<li data-start=\"680\" data-end=\"1057\"><strong>Mehrere Ausgangsspannungen:<\/strong> Unterst\u00fctzt 208Vac, 230Vac und 240Vac f\u00fcr einen vielseitigen Einsatz.<\/li>\n<li data-start=\"680\" data-end=\"1057\"><strong>Sicherheit im Netz:<\/strong> Ausgestattet mit Stromwandlersensoren und Anti-Blockier-Schalter f\u00fcr eine sichere Netzintegration.<\/li>\n<\/ul>","protected":false},"featured_media":2991,"comment_status":"open","ping_status":"closed","template":"","meta":{"_acf_changed":false},"product_brand":[],"product_cat":[66,65],"product_tag":[],"class_list":{"0":"post-3246","1":"product","2":"type-product","3":"status-publish","4":"has-post-thumbnail","6":"product_cat-hybrid-inverter","7":"product_cat-inverter","9":"first","10":"instock","11":"shipping-taxable","12":"purchasable","13":"product-type-simple"},"acf":[],"_links":{"self":[{"href":"https:\/\/bettsun.com\/de\/wp-json\/wp\/v2\/product\/3246","targetHints":{"allow":["GET"]}}],"collection":[{"href":"https:\/\/bettsun.com\/de\/wp-json\/wp\/v2\/product"}],"about":[{"href":"https:\/\/bettsun.com\/de\/wp-json\/wp\/v2\/types\/product"}],"replies":[{"embeddable":true,"href":"https:\/\/bettsun.com\/de\/wp-json\/wp\/v2\/comments?post=3246"}],"version-history":[{"count":6,"href":"https:\/\/bettsun.com\/de\/wp-json\/wp\/v2\/product\/3246\/revisions"}],"predecessor-version":[{"id":8269,"href":"https:\/\/bettsun.com\/de\/wp-json\/wp\/v2\/product\/3246\/revisions\/8269"}],"wp:featuredmedia":[{"embeddable":true,"href":"https:\/\/bettsun.com\/de\/wp-json\/wp\/v2\/media\/2991"}],"wp:attachment":[{"href":"https:\/\/bettsun.com\/de\/wp-json\/wp\/v2\/media?parent=3246"}],"wp:term":[{"taxonomy":"product_brand","embeddable":true,"href":"https:\/\/bettsun.com\/de\/wp-json\/wp\/v2\/product_brand?post=3246"},{"taxonomy":"product_cat","embeddable":true,"href":"https:\/\/bettsun.com\/de\/wp-json\/wp\/v2\/product_cat?post=3246"},{"taxonomy":"product_tag","embeddable":true,"href":"https:\/\/bettsun.com\/de\/wp-json\/wp\/v2\/product_tag?post=3246"}],"curies":[{"name":"wp","href":"https:\/\/api.w.org\/{rel}","templated":true}]}}