{"id":3249,"date":"2024-09-24T15:17:36","date_gmt":"2024-09-24T15:17:36","guid":{"rendered":"https:\/\/bettsun.com\/?post_type=product&#038;p=3249"},"modified":"2025-02-17T21:12:34","modified_gmt":"2025-02-17T21:12:34","slug":"solar-kit","status":"publish","type":"product","link":"https:\/\/bettsun.com\/de\/produkte\/solar-kit\/","title":{"rendered":"Bausatz Solar"},"content":{"rendered":"<p>seine <strong data-start=\"104\" data-end=\"117\">Solar Bausatz<\/strong> verf\u00fcgt \u00fcber einen PV-Eingangsbereich von 110-450Vdc, ein 48V-Batteriesystem, das mit Blei-S\u00e4ure- und Lithium-Ionen-Batterien kompatibel ist, ein duales MPPT f\u00fcr eine Effizienz von 97,5% und Ausgangsspannungen von 208Vac, 230Vac und 240Vac. Au\u00dferdem verf\u00fcgt er \u00fcber Stromwandlersensoren und einen Anti-Blockier-Schalter f\u00fcr die Netzsicherheit.<\/p>","protected":false},"excerpt":{"rendered":"<h3 data-start=\"598\" data-end=\"621\"><strong data-start=\"602\" data-end=\"619\">Wichtige Merkmale:<\/strong><\/h3>\n<p data-start=\"622\" data-end=\"985\"><strong>PV-Eingangsspannungsbereich:<\/strong> 110-450Vdc f\u00fcr flexible Panel-Kompatibilit\u00e4t.<br data-start=\"690\" data-end=\"693\" \/><strong>Batterie-System:<\/strong> 48V, kompatibel mit Blei-S\u00e4ure- und Lithium-Ionen-Akkus.<br data-start=\"771\" data-end=\"774\" \/><strong>Dual MPPT:<\/strong> 97,5% Wirkungsgrad bei einer maximalen Eingangsleistung von 12000W.<br data-start=\"832\" data-end=\"835\" \/><strong>Mehrere Ausgangsspannungen:<\/strong> 208Vac, 230Vac, und 240Vac f\u00fcr vielseitige Anwendungen.<br data-start=\"915\" data-end=\"918\" \/><strong>Sicherheit im Netz:<\/strong> CT-Sensoren und Anti-Blockierschalter f\u00fcr eine sichere Integration.<\/p>","protected":false},"featured_media":2991,"comment_status":"open","ping_status":"closed","template":"","meta":{"_acf_changed":false},"product_brand":[],"product_cat":[90,89],"product_tag":[],"class_list":{"0":"post-3249","1":"product","2":"type-product","3":"status-publish","4":"has-post-thumbnail","6":"product_cat-rv-solutions","7":"product_cat-solutions","9":"first","10":"instock","11":"shipping-taxable","12":"purchasable","13":"product-type-simple"},"acf":[],"_links":{"self":[{"href":"https:\/\/bettsun.com\/de\/wp-json\/wp\/v2\/product\/3249","targetHints":{"allow":["GET"]}}],"collection":[{"href":"https:\/\/bettsun.com\/de\/wp-json\/wp\/v2\/product"}],"about":[{"href":"https:\/\/bettsun.com\/de\/wp-json\/wp\/v2\/types\/product"}],"replies":[{"embeddable":true,"href":"https:\/\/bettsun.com\/de\/wp-json\/wp\/v2\/comments?post=3249"}],"version-history":[{"count":2,"href":"https:\/\/bettsun.com\/de\/wp-json\/wp\/v2\/product\/3249\/revisions"}],"predecessor-version":[{"id":8267,"href":"https:\/\/bettsun.com\/de\/wp-json\/wp\/v2\/product\/3249\/revisions\/8267"}],"wp:featuredmedia":[{"embeddable":true,"href":"https:\/\/bettsun.com\/de\/wp-json\/wp\/v2\/media\/2991"}],"wp:attachment":[{"href":"https:\/\/bettsun.com\/de\/wp-json\/wp\/v2\/media?parent=3249"}],"wp:term":[{"taxonomy":"product_brand","embeddable":true,"href":"https:\/\/bettsun.com\/de\/wp-json\/wp\/v2\/product_brand?post=3249"},{"taxonomy":"product_cat","embeddable":true,"href":"https:\/\/bettsun.com\/de\/wp-json\/wp\/v2\/product_cat?post=3249"},{"taxonomy":"product_tag","embeddable":true,"href":"https:\/\/bettsun.com\/de\/wp-json\/wp\/v2\/product_tag?post=3249"}],"curies":[{"name":"wp","href":"https:\/\/api.w.org\/{rel}","templated":true}]}}