{"id":3252,"date":"2024-09-24T15:37:43","date_gmt":"2024-09-24T15:37:43","guid":{"rendered":"https:\/\/bettsun.com\/?post_type=product&#038;p=3252"},"modified":"2025-02-17T21:08:05","modified_gmt":"2025-02-17T21:08:05","slug":"bettsun-m100a-mppt-solar-laderegler","status":"publish","type":"product","link":"https:\/\/bettsun.com\/de\/produkte\/bettsun-m100a-mppt-solar-laderegler\/","title":{"rendered":"BettSun M100A MPPT Solarladeregler"},"content":{"rendered":"<p>Der Bettsun M100A MPPT Solarladeregler bietet einen leistungsstarken DSP f\u00fcr eine optimierte Steuerung, eine automatische Erkennung der Batteriespannung, Voltage LOCK f\u00fcr einen stabilen Betrieb und eine Fern\u00fcberwachung \u00fcber eine mobile App.<\/p>","protected":false},"excerpt":{"rendered":"<h3 data-start=\"546\" data-end=\"569\"><strong data-start=\"550\" data-end=\"567\">Wichtige Merkmale:<\/strong><\/h3>\n<ul>\n<li data-start=\"570\" data-end=\"858\"><strong>Leistungsstarker DSP:<\/strong> Optimierte Steuerung f\u00fcr maximale Energieeffizienz.<\/li>\n<li data-start=\"570\" data-end=\"858\"><strong>Automatische Erkennung der Batteriespannung:<\/strong> Nahtlose Kompatibilit\u00e4t mit verschiedenen Batterietypen.<\/li>\n<li data-start=\"570\" data-end=\"858\"><strong>Spannung LOCK:<\/strong> Gew\u00e4hrleistet einen stabilen und zuverl\u00e4ssigen Betrieb.<\/li>\n<li data-start=\"570\" data-end=\"858\"><strong>Fern\u00fcberwachung:<\/strong> Bequemer Zugriff \u00fcber eine mobile App f\u00fcr Echtzeitkontrolle.<\/li>\n<\/ul>","protected":false},"featured_media":3217,"comment_status":"open","ping_status":"closed","template":"","meta":{"_acf_changed":false},"product_brand":[],"product_cat":[69,77,78,72],"product_tag":[],"class_list":{"0":"post-3252","1":"product","2":"type-product","3":"status-publish","4":"has-post-thumbnail","6":"product_cat-charger","7":"product_cat-controller","8":"product_cat-mppt-solar-controller","9":"product_cat-solar-charger","11":"first","12":"instock","13":"shipping-taxable","14":"purchasable","15":"product-type-simple"},"acf":[],"_links":{"self":[{"href":"https:\/\/bettsun.com\/de\/wp-json\/wp\/v2\/product\/3252","targetHints":{"allow":["GET"]}}],"collection":[{"href":"https:\/\/bettsun.com\/de\/wp-json\/wp\/v2\/product"}],"about":[{"href":"https:\/\/bettsun.com\/de\/wp-json\/wp\/v2\/types\/product"}],"replies":[{"embeddable":true,"href":"https:\/\/bettsun.com\/de\/wp-json\/wp\/v2\/comments?post=3252"}],"version-history":[{"count":2,"href":"https:\/\/bettsun.com\/de\/wp-json\/wp\/v2\/product\/3252\/revisions"}],"predecessor-version":[{"id":8266,"href":"https:\/\/bettsun.com\/de\/wp-json\/wp\/v2\/product\/3252\/revisions\/8266"}],"wp:featuredmedia":[{"embeddable":true,"href":"https:\/\/bettsun.com\/de\/wp-json\/wp\/v2\/media\/3217"}],"wp:attachment":[{"href":"https:\/\/bettsun.com\/de\/wp-json\/wp\/v2\/media?parent=3252"}],"wp:term":[{"taxonomy":"product_brand","embeddable":true,"href":"https:\/\/bettsun.com\/de\/wp-json\/wp\/v2\/product_brand?post=3252"},{"taxonomy":"product_cat","embeddable":true,"href":"https:\/\/bettsun.com\/de\/wp-json\/wp\/v2\/product_cat?post=3252"},{"taxonomy":"product_tag","embeddable":true,"href":"https:\/\/bettsun.com\/de\/wp-json\/wp\/v2\/product_tag?post=3252"}],"curies":[{"name":"wp","href":"https:\/\/api.w.org\/{rel}","templated":true}]}}