{"id":3500,"date":"2024-09-26T02:15:06","date_gmt":"2024-09-26T02:15:06","guid":{"rendered":"https:\/\/bettsun.com\/?post_type=product&#038;p=3500"},"modified":"2025-02-17T20:36:55","modified_gmt":"2025-02-17T20:36:55","slug":"bettsun-4kw-48v-split-phase-wechselrichter","status":"publish","type":"product","link":"https:\/\/bettsun.com\/de\/produkte\/bettsun-4kw-48v-split-phase-wechselrichter\/","title":{"rendered":"Bettsun 4KW 48V Split-Phase Wechselrichter"},"content":{"rendered":"<p>Der Bettsun 4KW 48V Split-Phase-Wechselrichter verf\u00fcgt \u00fcber eine intelligente 120V\/240V Split-Phase-Technologie, duales MPPT f\u00fcr maximale Solarnutzung und unterst\u00fctzt alle Batterietypen. Er hat eine hohe PV-Eingangsspannung von bis zu 450Vdc.<\/p>","protected":false},"excerpt":{"rendered":"<h3 data-start=\"542\" data-end=\"565\"><strong data-start=\"546\" data-end=\"563\">Wichtige Merkmale:<\/strong><\/h3>\n<ul>\n<li data-start=\"566\" data-end=\"902\"><strong>120V\/240V Split-Phase-Technologie:<\/strong> Sorgt f\u00fcr eine effiziente Energieverteilung f\u00fcr optimale Leistung.<\/li>\n<li data-start=\"566\" data-end=\"902\"><strong>Kompatibel mit allen Batterietypen:<\/strong> Vielseitig und funktioniert mit verschiedenen Batterietechnologien.<\/li>\n<li data-start=\"566\" data-end=\"902\"><strong>Dual MPPT:<\/strong> Maximiert die Umwandlung von Sonnenenergie f\u00fcr eine h\u00f6here Effizienz.<\/li>\n<li data-start=\"566\" data-end=\"902\"><strong>Hohe PV-Eingangsspannung:<\/strong> Unterst\u00fctzt bis zu 450Vdc f\u00fcr bessere Panel-Kompatibilit\u00e4t.<\/li>\n<\/ul>","protected":false},"featured_media":3215,"comment_status":"open","ping_status":"closed","template":"","meta":{"_acf_changed":false},"product_brand":[],"product_cat":[65,102],"product_tag":[],"class_list":{"0":"post-3500","1":"product","2":"type-product","3":"status-publish","4":"has-post-thumbnail","6":"product_cat-inverter","7":"product_cat-split-phase-inverter","9":"first","10":"instock","11":"shipping-taxable","12":"purchasable","13":"product-type-simple"},"acf":[],"_links":{"self":[{"href":"https:\/\/bettsun.com\/de\/wp-json\/wp\/v2\/product\/3500","targetHints":{"allow":["GET"]}}],"collection":[{"href":"https:\/\/bettsun.com\/de\/wp-json\/wp\/v2\/product"}],"about":[{"href":"https:\/\/bettsun.com\/de\/wp-json\/wp\/v2\/types\/product"}],"replies":[{"embeddable":true,"href":"https:\/\/bettsun.com\/de\/wp-json\/wp\/v2\/comments?post=3500"}],"version-history":[{"count":3,"href":"https:\/\/bettsun.com\/de\/wp-json\/wp\/v2\/product\/3500\/revisions"}],"predecessor-version":[{"id":8260,"href":"https:\/\/bettsun.com\/de\/wp-json\/wp\/v2\/product\/3500\/revisions\/8260"}],"wp:featuredmedia":[{"embeddable":true,"href":"https:\/\/bettsun.com\/de\/wp-json\/wp\/v2\/media\/3215"}],"wp:attachment":[{"href":"https:\/\/bettsun.com\/de\/wp-json\/wp\/v2\/media?parent=3500"}],"wp:term":[{"taxonomy":"product_brand","embeddable":true,"href":"https:\/\/bettsun.com\/de\/wp-json\/wp\/v2\/product_brand?post=3500"},{"taxonomy":"product_cat","embeddable":true,"href":"https:\/\/bettsun.com\/de\/wp-json\/wp\/v2\/product_cat?post=3500"},{"taxonomy":"product_tag","embeddable":true,"href":"https:\/\/bettsun.com\/de\/wp-json\/wp\/v2\/product_tag?post=3500"}],"curies":[{"name":"wp","href":"https:\/\/api.w.org\/{rel}","templated":true}]}}