{"id":3506,"date":"2024-09-26T02:26:47","date_gmt":"2024-09-26T02:26:47","guid":{"rendered":"https:\/\/bettsun.com\/?post_type=product&#038;p=3506"},"modified":"2025-02-17T20:30:41","modified_gmt":"2025-02-17T20:30:41","slug":"bettsun-6kw-48v-split-phase-wechselrichter","status":"publish","type":"product","link":"https:\/\/bettsun.com\/de\/produkte\/bettsun-6kw-48v-split-phase-wechselrichter\/","title":{"rendered":"Bettsun 6KW 48V Split-Phase Wechselrichter"},"content":{"rendered":"<p>Der Bettsun 6KW 48V Split-Phase-Wechselrichter verf\u00fcgt \u00fcber eine intelligente 120V\/240V Split-Phase-Technologie, duales MPPT f\u00fcr maximale Solarnutzung und unterst\u00fctzt alle Batterietypen. Au\u00dferdem bietet er eine hohe PV-Eingangsspannung von bis zu 450Vdc<\/p>","protected":false},"excerpt":{"rendered":"<h3 data-start=\"550\" data-end=\"573\"><strong data-start=\"554\" data-end=\"571\">Wichtige Merkmale:<\/strong><\/h3>\n<ul>\n<li data-start=\"574\" data-end=\"912\"><strong>120V\/240V Split-Phase-Technologie:<\/strong> Intelligentes Design f\u00fcr effiziente Energieverteilung.<\/li>\n<li data-start=\"574\" data-end=\"912\"><strong>Kompatibel mit allen Batterietypen:<\/strong> Arbeitet mit verschiedenen Batterietechnologien f\u00fcr mehr Flexibilit\u00e4t.<\/li>\n<li data-start=\"574\" data-end=\"912\"><strong>Dual MPPT:<\/strong> Maximiert die Nutzung der Sonnenenergie f\u00fcr eine h\u00f6here Effizienz.<\/li>\n<li data-start=\"574\" data-end=\"912\"><strong>Hohe PV-Eingangsspannung:<\/strong> Unterst\u00fctzt bis zu 450Vdc f\u00fcr eine bessere Kompatibilit\u00e4t mit Solarmodulen.<\/li>\n<\/ul>","protected":false},"featured_media":3215,"comment_status":"open","ping_status":"closed","template":"","meta":{"_acf_changed":false},"product_brand":[],"product_cat":[65,102],"product_tag":[],"class_list":{"0":"post-3506","1":"product","2":"type-product","3":"status-publish","4":"has-post-thumbnail","6":"product_cat-inverter","7":"product_cat-split-phase-inverter","9":"first","10":"instock","11":"shipping-taxable","12":"purchasable","13":"product-type-simple"},"acf":[],"_links":{"self":[{"href":"https:\/\/bettsun.com\/de\/wp-json\/wp\/v2\/product\/3506","targetHints":{"allow":["GET"]}}],"collection":[{"href":"https:\/\/bettsun.com\/de\/wp-json\/wp\/v2\/product"}],"about":[{"href":"https:\/\/bettsun.com\/de\/wp-json\/wp\/v2\/types\/product"}],"replies":[{"embeddable":true,"href":"https:\/\/bettsun.com\/de\/wp-json\/wp\/v2\/comments?post=3506"}],"version-history":[{"count":3,"href":"https:\/\/bettsun.com\/de\/wp-json\/wp\/v2\/product\/3506\/revisions"}],"predecessor-version":[{"id":8256,"href":"https:\/\/bettsun.com\/de\/wp-json\/wp\/v2\/product\/3506\/revisions\/8256"}],"wp:featuredmedia":[{"embeddable":true,"href":"https:\/\/bettsun.com\/de\/wp-json\/wp\/v2\/media\/3215"}],"wp:attachment":[{"href":"https:\/\/bettsun.com\/de\/wp-json\/wp\/v2\/media?parent=3506"}],"wp:term":[{"taxonomy":"product_brand","embeddable":true,"href":"https:\/\/bettsun.com\/de\/wp-json\/wp\/v2\/product_brand?post=3506"},{"taxonomy":"product_cat","embeddable":true,"href":"https:\/\/bettsun.com\/de\/wp-json\/wp\/v2\/product_cat?post=3506"},{"taxonomy":"product_tag","embeddable":true,"href":"https:\/\/bettsun.com\/de\/wp-json\/wp\/v2\/product_tag?post=3506"}],"curies":[{"name":"wp","href":"https:\/\/api.w.org\/{rel}","templated":true}]}}