{"id":3546,"date":"2024-09-28T03:28:13","date_gmt":"2024-09-28T03:28:13","guid":{"rendered":"https:\/\/bettsun.com\/?post_type=product&#038;p=3546"},"modified":"2025-02-17T20:06:57","modified_gmt":"2025-02-17T20:06:57","slug":"solar-dc-abwartswandler-fur-12v-dc-gerate","status":"publish","type":"product","link":"https:\/\/bettsun.com\/de\/produkte\/solar-dc-abwartswandler-fur-12v-dc-gerate\/","title":{"rendered":"Solar DC-DC Abw\u00e4rtswandler f\u00fcr 12V DC Ger\u00e4te"},"content":{"rendered":"<p>Der Solar-DC-DC-Wandler liefert bis zu 80A mit einem stabilen 13,5V-Ausgang f\u00fcr 12V-Ger\u00e4te. Vollst\u00e4ndig abgedichtetes IP68-Geh\u00e4use, CE- und ROHS-zertifiziert f\u00fcr Langlebigkeit.<\/p>","protected":false},"excerpt":{"rendered":"<p><strong>Wichtige Merkmale:<\/strong><\/p>\n<ul>\n<li><strong>Solar DC-DC-Wandler:<\/strong> Bietet einen stabilen 13,5-V-Ausgang f\u00fcr 12-V-Ger\u00e4te.<\/li>\n<li><strong>Zertifizierte Sicherheit:<\/strong> CE &amp; ROHS-zertifiziert f\u00fcr sicheren und effizienten Betrieb.<\/li>\n<li><strong>Langlebiges Geh\u00e4use:<\/strong> Vollst\u00e4ndig versiegeltes IP68-zertifiziertes Design zum Schutz vor Wasser und Staub.<\/li>\n<li><strong>Hoher Ausgangsstrom:<\/strong> Liefert bis zu 80A f\u00fcr Anwendungen mit hoher Leistung.<\/li>\n<\/ul>","protected":false},"featured_media":3550,"comment_status":"open","ping_status":"closed","template":"","meta":{"_acf_changed":false},"product_brand":[],"product_cat":[73,76],"product_tag":[],"class_list":{"0":"post-3546","1":"product","2":"type-product","3":"status-publish","4":"has-post-thumbnail","6":"product_cat-converter","7":"product_cat-solar-converter","9":"first","10":"instock","11":"shipping-taxable","12":"purchasable","13":"product-type-simple"},"acf":[],"_links":{"self":[{"href":"https:\/\/bettsun.com\/de\/wp-json\/wp\/v2\/product\/3546","targetHints":{"allow":["GET"]}}],"collection":[{"href":"https:\/\/bettsun.com\/de\/wp-json\/wp\/v2\/product"}],"about":[{"href":"https:\/\/bettsun.com\/de\/wp-json\/wp\/v2\/types\/product"}],"replies":[{"embeddable":true,"href":"https:\/\/bettsun.com\/de\/wp-json\/wp\/v2\/comments?post=3546"}],"version-history":[{"count":3,"href":"https:\/\/bettsun.com\/de\/wp-json\/wp\/v2\/product\/3546\/revisions"}],"predecessor-version":[{"id":8247,"href":"https:\/\/bettsun.com\/de\/wp-json\/wp\/v2\/product\/3546\/revisions\/8247"}],"wp:featuredmedia":[{"embeddable":true,"href":"https:\/\/bettsun.com\/de\/wp-json\/wp\/v2\/media\/3550"}],"wp:attachment":[{"href":"https:\/\/bettsun.com\/de\/wp-json\/wp\/v2\/media?parent=3546"}],"wp:term":[{"taxonomy":"product_brand","embeddable":true,"href":"https:\/\/bettsun.com\/de\/wp-json\/wp\/v2\/product_brand?post=3546"},{"taxonomy":"product_cat","embeddable":true,"href":"https:\/\/bettsun.com\/de\/wp-json\/wp\/v2\/product_cat?post=3546"},{"taxonomy":"product_tag","embeddable":true,"href":"https:\/\/bettsun.com\/de\/wp-json\/wp\/v2\/product_tag?post=3546"}],"curies":[{"name":"wp","href":"https:\/\/api.w.org\/{rel}","templated":true}]}}