{"id":3558,"date":"2024-09-28T03:45:15","date_gmt":"2024-09-28T03:45:15","guid":{"rendered":"https:\/\/bettsun.com\/?post_type=product&#038;p=3558"},"modified":"2025-02-17T20:01:43","modified_gmt":"2025-02-17T20:01:43","slug":"rv-100a-dc-gleichstromwandler-fur-12v-gerate","status":"publish","type":"product","link":"https:\/\/bettsun.com\/de\/produkte\/rv-100a-dc-gleichstromwandler-fur-12v-gerate\/","title":{"rendered":"RV 100A DC-DC-Wandler f\u00fcr 12V-Ger\u00e4te"},"content":{"rendered":"<p><strong data-start=\"153\" data-end=\"175\">RV DC-DC-Wandler<\/strong> sorgt f\u00fcr einen stabilen 13,5V-Ausgang mit bis zu 100A Stromst\u00e4rke. Vollst\u00e4ndig abgedichtetes IP68-Geh\u00e4use, CE- und ROHS-zertifiziert f\u00fcr Haltbarkeit und Leistung.<\/p>","protected":false},"excerpt":{"rendered":"<p><strong data-start=\"441\" data-end=\"458\">Wichtige Merkmale:<\/strong><\/p>\n<ul>\n<li><strong>Zertifizierte Sicherheit:<\/strong> CE &amp; ROHS-zertifiziert f\u00fcr zuverl\u00e4ssigen und sicheren Betrieb.<\/li>\n<li><strong>Langlebiges Geh\u00e4use:<\/strong> Vollst\u00e4ndig versiegeltes IP68-zertifiziertes Design zum Schutz vor Staub und Wasser.<\/li>\n<li><strong>Hoher Ausgangsstrom:<\/strong> Kann bis zu 100A f\u00fcr 12V-Ger\u00e4te liefern.<\/li>\n<li><strong>Stabile Spannungsversorgung:<\/strong> Sorgt f\u00fcr eine konsistente 13,5-V-Ausgabe f\u00fcr effiziente Leistung.<\/li>\n<\/ul>","protected":false},"featured_media":3559,"comment_status":"open","ping_status":"closed","template":"","meta":{"_acf_changed":false},"product_brand":[],"product_cat":[77,73,74],"product_tag":[],"class_list":{"0":"post-3558","1":"product","2":"type-product","3":"status-publish","4":"has-post-thumbnail","6":"product_cat-controller","7":"product_cat-converter","8":"product_cat-rv-converter","10":"first","11":"instock","12":"shipping-taxable","13":"purchasable","14":"product-type-simple"},"acf":[],"_links":{"self":[{"href":"https:\/\/bettsun.com\/de\/wp-json\/wp\/v2\/product\/3558","targetHints":{"allow":["GET"]}}],"collection":[{"href":"https:\/\/bettsun.com\/de\/wp-json\/wp\/v2\/product"}],"about":[{"href":"https:\/\/bettsun.com\/de\/wp-json\/wp\/v2\/types\/product"}],"replies":[{"embeddable":true,"href":"https:\/\/bettsun.com\/de\/wp-json\/wp\/v2\/comments?post=3558"}],"version-history":[{"count":4,"href":"https:\/\/bettsun.com\/de\/wp-json\/wp\/v2\/product\/3558\/revisions"}],"predecessor-version":[{"id":8245,"href":"https:\/\/bettsun.com\/de\/wp-json\/wp\/v2\/product\/3558\/revisions\/8245"}],"wp:featuredmedia":[{"embeddable":true,"href":"https:\/\/bettsun.com\/de\/wp-json\/wp\/v2\/media\/3559"}],"wp:attachment":[{"href":"https:\/\/bettsun.com\/de\/wp-json\/wp\/v2\/media?parent=3558"}],"wp:term":[{"taxonomy":"product_brand","embeddable":true,"href":"https:\/\/bettsun.com\/de\/wp-json\/wp\/v2\/product_brand?post=3558"},{"taxonomy":"product_cat","embeddable":true,"href":"https:\/\/bettsun.com\/de\/wp-json\/wp\/v2\/product_cat?post=3558"},{"taxonomy":"product_tag","embeddable":true,"href":"https:\/\/bettsun.com\/de\/wp-json\/wp\/v2\/product_tag?post=3558"}],"curies":[{"name":"wp","href":"https:\/\/api.w.org\/{rel}","templated":true}]}}