{"id":3562,"date":"2024-09-28T03:56:43","date_gmt":"2024-09-28T03:56:43","guid":{"rendered":"https:\/\/bettsun.com\/?post_type=product&#038;p=3562"},"modified":"2025-02-17T17:51:52","modified_gmt":"2025-02-17T17:51:52","slug":"rv-150a-dc-gleichstromwandler-fur-12v-gerate","status":"publish","type":"product","link":"https:\/\/bettsun.com\/de\/produkte\/rv-150a-dc-gleichstromwandler-fur-12v-gerate\/","title":{"rendered":"RV 150A DC-DC-Wandler f\u00fcr 12V-Ger\u00e4te"},"content":{"rendered":"<p>Der langlebige RV 150A DC-DC-Wandler bietet einen stabilen 13,5V-Ausgang mit 150A Stromst\u00e4rke, IP68-Schutz und CE- &amp; ROHS-Zertifizierung f\u00fcr eine zuverl\u00e4ssige 12V-Ger\u00e4teversorgung.<\/p>","protected":false},"excerpt":{"rendered":"<p data-start=\"120\" data-end=\"139\"><strong data-start=\"120\" data-end=\"137\">Wichtige Merkmale:<\/strong><\/p>\n<ul data-start=\"140\" data-end=\"358\">\n<li data-start=\"140\" data-end=\"201\"><strong data-start=\"142\" data-end=\"165\">CE &amp; ROHS zertifiziert<\/strong> f\u00fcr Sicherheit und Qualit\u00e4tssicherung.<\/li>\n<li data-start=\"202\" data-end=\"260\"><strong data-start=\"204\" data-end=\"232\">Vollst\u00e4ndig abgedichtet, IP68-zertifiziert<\/strong> Geh\u00e4use f\u00fcr Langlebigkeit.<\/li>\n<li data-start=\"261\" data-end=\"304\"><strong data-start=\"263\" data-end=\"286\">Liefert bis zu 150A<\/strong> Ausgangsstrom.<\/li>\n<li data-start=\"305\" data-end=\"358\"><strong data-start=\"307\" data-end=\"330\">Stabiler 13,5V Ausgang<\/strong> f\u00fcr zuverl\u00e4ssige Leistung.<\/li>\n<\/ul>","protected":false},"featured_media":3559,"comment_status":"open","ping_status":"closed","template":"","meta":{"_acf_changed":false},"product_brand":[],"product_cat":[73,74],"product_tag":[],"class_list":{"0":"post-3562","1":"product","2":"type-product","3":"status-publish","4":"has-post-thumbnail","6":"product_cat-converter","7":"product_cat-rv-converter","9":"first","10":"instock","11":"shipping-taxable","12":"purchasable","13":"product-type-simple"},"acf":[],"_links":{"self":[{"href":"https:\/\/bettsun.com\/de\/wp-json\/wp\/v2\/product\/3562","targetHints":{"allow":["GET"]}}],"collection":[{"href":"https:\/\/bettsun.com\/de\/wp-json\/wp\/v2\/product"}],"about":[{"href":"https:\/\/bettsun.com\/de\/wp-json\/wp\/v2\/types\/product"}],"replies":[{"embeddable":true,"href":"https:\/\/bettsun.com\/de\/wp-json\/wp\/v2\/comments?post=3562"}],"version-history":[{"count":2,"href":"https:\/\/bettsun.com\/de\/wp-json\/wp\/v2\/product\/3562\/revisions"}],"predecessor-version":[{"id":8234,"href":"https:\/\/bettsun.com\/de\/wp-json\/wp\/v2\/product\/3562\/revisions\/8234"}],"wp:featuredmedia":[{"embeddable":true,"href":"https:\/\/bettsun.com\/de\/wp-json\/wp\/v2\/media\/3559"}],"wp:attachment":[{"href":"https:\/\/bettsun.com\/de\/wp-json\/wp\/v2\/media?parent=3562"}],"wp:term":[{"taxonomy":"product_brand","embeddable":true,"href":"https:\/\/bettsun.com\/de\/wp-json\/wp\/v2\/product_brand?post=3562"},{"taxonomy":"product_cat","embeddable":true,"href":"https:\/\/bettsun.com\/de\/wp-json\/wp\/v2\/product_cat?post=3562"},{"taxonomy":"product_tag","embeddable":true,"href":"https:\/\/bettsun.com\/de\/wp-json\/wp\/v2\/product_tag?post=3562"}],"curies":[{"name":"wp","href":"https:\/\/api.w.org\/{rel}","templated":true}]}}