{"id":3574,"date":"2024-09-28T09:02:11","date_gmt":"2024-09-28T09:02:11","guid":{"rendered":"https:\/\/bettsun.com\/?post_type=product&#038;p=3574"},"modified":"2025-02-17T17:48:22","modified_gmt":"2025-02-17T17:48:22","slug":"bettsun-1kw-rv-bidirektionales-intelligentes-dc-dc-ladegerat","status":"publish","type":"product","link":"https:\/\/bettsun.com\/de\/produkte\/bettsun-1kw-rv-bidirektionales-intelligentes-dc-dc-ladegerat\/","title":{"rendered":"Bettsun 1KW RV Bidirektionales Intelligentes DC-DC Ladeger\u00e4t"},"content":{"rendered":"<p>Das leistungsstarke 1KW RV DC-DC-Ladeger\u00e4t unterst\u00fctzt bidirektionales Laden, einen 12V-48V-Eingang und 60A Schnellladung und sorgt f\u00fcr eine zuverl\u00e4ssige Stromversorgung mit IP68-Schutz.<\/p>","protected":false},"excerpt":{"rendered":"<p data-start=\"108\" data-end=\"127\"><strong data-start=\"108\" data-end=\"125\">Wichtige Merkmale:<\/strong><\/p>\n<ul data-start=\"128\" data-end=\"389\">\n<li data-start=\"128\" data-end=\"188\"><strong data-start=\"130\" data-end=\"156\">Bidirektionales Laden<\/strong> f\u00fcr eine effiziente Energie\u00fcbertragung.<\/li>\n<li data-start=\"189\" data-end=\"232\"><strong data-start=\"191\" data-end=\"214\">Unterst\u00fctzt 12V bis 48V<\/strong> Anklage wegen Fahrens.<\/li>\n<li data-start=\"233\" data-end=\"281\"><strong data-start=\"235\" data-end=\"252\">Schnelles Laden<\/strong> mit bis zu <strong data-start=\"264\" data-end=\"278\">60A Ausgang<\/strong>.<\/li>\n<li data-start=\"282\" data-end=\"337\"><strong data-start=\"284\" data-end=\"303\">Schutzart IP68<\/strong> gegen Staub, Wasser und St\u00f6\u00dfe.<\/li>\n<li data-start=\"338\" data-end=\"389\"><strong data-start=\"340\" data-end=\"387\">Kompakt, leicht (2,4 kg) und tragbar.<\/strong><\/li>\n<\/ul>","protected":false},"featured_media":3575,"comment_status":"open","ping_status":"closed","template":"","meta":{"_acf_changed":false},"product_brand":[],"product_cat":[69,73,70],"product_tag":[],"class_list":{"0":"post-3574","1":"product","2":"type-product","3":"status-publish","4":"has-post-thumbnail","6":"product_cat-charger","7":"product_cat-converter","8":"product_cat-rv-dc-charger","10":"first","11":"instock","12":"shipping-taxable","13":"purchasable","14":"product-type-simple"},"acf":[],"_links":{"self":[{"href":"https:\/\/bettsun.com\/de\/wp-json\/wp\/v2\/product\/3574","targetHints":{"allow":["GET"]}}],"collection":[{"href":"https:\/\/bettsun.com\/de\/wp-json\/wp\/v2\/product"}],"about":[{"href":"https:\/\/bettsun.com\/de\/wp-json\/wp\/v2\/types\/product"}],"replies":[{"embeddable":true,"href":"https:\/\/bettsun.com\/de\/wp-json\/wp\/v2\/comments?post=3574"}],"version-history":[{"count":3,"href":"https:\/\/bettsun.com\/de\/wp-json\/wp\/v2\/product\/3574\/revisions"}],"predecessor-version":[{"id":8232,"href":"https:\/\/bettsun.com\/de\/wp-json\/wp\/v2\/product\/3574\/revisions\/8232"}],"wp:featuredmedia":[{"embeddable":true,"href":"https:\/\/bettsun.com\/de\/wp-json\/wp\/v2\/media\/3575"}],"wp:attachment":[{"href":"https:\/\/bettsun.com\/de\/wp-json\/wp\/v2\/media?parent=3574"}],"wp:term":[{"taxonomy":"product_brand","embeddable":true,"href":"https:\/\/bettsun.com\/de\/wp-json\/wp\/v2\/product_brand?post=3574"},{"taxonomy":"product_cat","embeddable":true,"href":"https:\/\/bettsun.com\/de\/wp-json\/wp\/v2\/product_cat?post=3574"},{"taxonomy":"product_tag","embeddable":true,"href":"https:\/\/bettsun.com\/de\/wp-json\/wp\/v2\/product_tag?post=3574"}],"curies":[{"name":"wp","href":"https:\/\/api.w.org\/{rel}","templated":true}]}}