{"id":3577,"date":"2024-09-28T09:02:38","date_gmt":"2024-09-28T09:02:38","guid":{"rendered":"https:\/\/bettsun.com\/?post_type=product&#038;p=3577"},"modified":"2025-02-17T20:00:31","modified_gmt":"2025-02-17T20:00:31","slug":"bettsun-2kw-rv-bidirektionales-intelligentes-dc-dc-ladegerat","status":"publish","type":"product","link":"https:\/\/bettsun.com\/de\/produkte\/bettsun-2kw-rv-bidirektionales-intelligentes-dc-dc-ladegerat\/","title":{"rendered":"Bettsun 2KW RV Bidirektionales Intelligentes DC-DC Ladeger\u00e4t"},"content":{"rendered":"<p>Das effiziente 2KW DC-DC-Ladeger\u00e4t f\u00fcr Wohnmobile unterst\u00fctzt bidirektionales Laden, einen 12V-48V-Eingang und IP68-Schutz und gew\u00e4hrleistet so eine zuverl\u00e4ssige Stromversorgung f\u00fcr Wohnmobile und netzunabh\u00e4ngige Einrichtungen.<\/p>","protected":false},"excerpt":{"rendered":"<p data-start=\"112\" data-end=\"131\"><strong data-start=\"112\" data-end=\"129\">Wichtige Merkmale:<\/strong><\/p>\n<ul data-start=\"132\" data-end=\"344\">\n<li data-start=\"132\" data-end=\"192\"><strong data-start=\"134\" data-end=\"160\">Bidirektionales Laden<\/strong> f\u00fcr eine effiziente Energie\u00fcbertragung.<\/li>\n<li data-start=\"193\" data-end=\"236\"><strong data-start=\"195\" data-end=\"218\">Unterst\u00fctzt 12V bis 48V<\/strong> Anklage wegen Fahrens.<\/li>\n<li data-start=\"237\" data-end=\"292\"><strong data-start=\"239\" data-end=\"258\">Schutzart IP68<\/strong> gegen Staub, Wasser und St\u00f6\u00dfe.<\/li>\n<li data-start=\"293\" data-end=\"344\"><strong data-start=\"295\" data-end=\"342\">Kompakt, leicht (2,4 kg) und tragbar.<\/strong><\/li>\n<\/ul>","protected":false},"featured_media":3575,"comment_status":"open","ping_status":"closed","template":"","meta":{"_acf_changed":false},"product_brand":[],"product_cat":[69,73,70],"product_tag":[],"class_list":{"0":"post-3577","1":"product","2":"type-product","3":"status-publish","4":"has-post-thumbnail","6":"product_cat-charger","7":"product_cat-converter","8":"product_cat-rv-dc-charger","10":"first","11":"instock","12":"shipping-taxable","13":"purchasable","14":"product-type-simple"},"acf":[],"_links":{"self":[{"href":"https:\/\/bettsun.com\/de\/wp-json\/wp\/v2\/product\/3577","targetHints":{"allow":["GET"]}}],"collection":[{"href":"https:\/\/bettsun.com\/de\/wp-json\/wp\/v2\/product"}],"about":[{"href":"https:\/\/bettsun.com\/de\/wp-json\/wp\/v2\/types\/product"}],"replies":[{"embeddable":true,"href":"https:\/\/bettsun.com\/de\/wp-json\/wp\/v2\/comments?post=3577"}],"version-history":[{"count":3,"href":"https:\/\/bettsun.com\/de\/wp-json\/wp\/v2\/product\/3577\/revisions"}],"predecessor-version":[{"id":8229,"href":"https:\/\/bettsun.com\/de\/wp-json\/wp\/v2\/product\/3577\/revisions\/8229"}],"wp:featuredmedia":[{"embeddable":true,"href":"https:\/\/bettsun.com\/de\/wp-json\/wp\/v2\/media\/3575"}],"wp:attachment":[{"href":"https:\/\/bettsun.com\/de\/wp-json\/wp\/v2\/media?parent=3577"}],"wp:term":[{"taxonomy":"product_brand","embeddable":true,"href":"https:\/\/bettsun.com\/de\/wp-json\/wp\/v2\/product_brand?post=3577"},{"taxonomy":"product_cat","embeddable":true,"href":"https:\/\/bettsun.com\/de\/wp-json\/wp\/v2\/product_cat?post=3577"},{"taxonomy":"product_tag","embeddable":true,"href":"https:\/\/bettsun.com\/de\/wp-json\/wp\/v2\/product_tag?post=3577"}],"curies":[{"name":"wp","href":"https:\/\/api.w.org\/{rel}","templated":true}]}}