{"id":2004,"date":"2024-09-10T23:36:44","date_gmt":"2024-09-10T23:36:44","guid":{"rendered":"https:\/\/bettsun.com\/?page_id=2004"},"modified":"2024-09-10T23:42:40","modified_gmt":"2024-09-10T23:42:40","slug":"politica-de-privacidad","status":"publish","type":"page","link":"https:\/\/bettsun.com\/es\/politica-de-privacidad\/","title":{"rendered":"Pol\u00edtica de privacidad"},"content":{"rendered":"<div data-elementor-type=\"wp-page\" data-elementor-id=\"2004\" class=\"elementor elementor-2004\" data-elementor-post-type=\"page\">\n\t\t\t\t<div class=\"elementor-element elementor-element-095c320 e-flex e-con-boxed e-con e-parent\" data-id=\"095c320\" data-element_type=\"container\" data-e-type=\"container\" data-settings=\"{&quot;background_background&quot;:&quot;classic&quot;}\">\n\t\t\t\t\t<div class=\"e-con-inner\">\n\t\t\t\t<div class=\"elementor-element elementor-element-d099dc0 elementor-widget elementor-widget-woocommerce-breadcrumb\" data-id=\"d099dc0\" data-element_type=\"widget\" data-e-type=\"widget\" data-widget_type=\"woocommerce-breadcrumb.default\">\n\t\t\t\t<div class=\"elementor-widget-container\">\n\t\t\t\t\t<nav class=\"woocommerce-breadcrumb\" aria-label=\"Breadcrumb\" data-no-translation=\"\" data-trp-gettext=\"\">Inicio<\/nav>\t\t\t\t<\/div>\n\t\t\t\t<\/div>\n\t\t\t\t<div class=\"elementor-element elementor-element-b779177 elementor-widget elementor-widget-heading\" data-id=\"b779177\" data-element_type=\"widget\" data-e-type=\"widget\" data-widget_type=\"heading.default\">\n\t\t\t\t<div class=\"elementor-widget-container\">\n\t\t\t\t\t<h2 class=\"elementor-heading-title elementor-size-default\">Pol\u00edtica de privacidad<\/h2>\t\t\t\t<\/div>\n\t\t\t\t<\/div>\n\t\t\t\t\t<\/div>\n\t\t\t\t<\/div>\n\t\t<div class=\"elementor-element elementor-element-341e52cf e-flex e-con-boxed e-con e-parent\" data-id=\"341e52cf\" data-element_type=\"container\" data-e-type=\"container\">\n\t\t\t\t\t<div class=\"e-con-inner\">\n\t\t\t\t<div class=\"elementor-element elementor-element-14fd42aa elementor-widget elementor-widget-text-editor\" data-id=\"14fd42aa\" data-element_type=\"widget\" data-e-type=\"widget\" data-widget_type=\"text-editor.default\">\n\t\t\t\t<div class=\"elementor-widget-container\">\n\t\t\t\t\t\t\t\t\t\n<p><strong>Fecha de entrada en vigor: Fecha de hoy<\/strong><\/p>\n\n\n\n<p>Bienvenido a BettSun Nos comprometemos a proteger su privacidad. Esta Pol\u00edtica de Privacidad describe c\u00f3mo recopilamos, utilizamos, protegemos y divulgamos la informaci\u00f3n obtenida de los usuarios del sitio web de BettSun ubicado en <a href=\"https:\/\/bettsun.com\/es\/\">www.bettsun.com<\/a>.<\/p>\n\n\n\n<p><strong>1. Recogida de informaci\u00f3n<\/strong> Recopilamos la informaci\u00f3n que usted nos proporciona directamente cuando se registra en nuestro sitio web, realiza un pedido, se suscribe a nuestro bolet\u00edn de noticias, responde a una encuesta, rellena un formulario o se comunica con nosotros. Esto puede incluir su nombre, direcci\u00f3n de correo electr\u00f3nico, direcci\u00f3n postal, n\u00famero de tel\u00e9fono e informaci\u00f3n financiera.<\/p>\n\n\n\n<p><strong>2. Uso de la informaci\u00f3n<\/strong> La informaci\u00f3n que recopilamos sobre usted puede utilizarse de una de las siguientes maneras:<\/p>\n\n\n\n<ul class=\"wp-block-list\">\n<li>Para personalizar su experiencia<\/li>\n\n\n\n<li>Para mejorar nuestro sitio web<\/li>\n\n\n\n<li>Para procesar transacciones<\/li>\n\n\n\n<li>Para enviar correos electr\u00f3nicos peri\u00f3dicos sobre su pedido u otros productos y servicios<\/li>\n<\/ul>\n\n\n\n<p><strong>3. Protecci\u00f3n de la informaci\u00f3n<\/strong> Aplicamos diversas medidas de seguridad para mantener la seguridad de su informaci\u00f3n personal cuando realiza un pedido o introduce, env\u00eda o accede a su informaci\u00f3n personal.<\/p>\n\n\n\n<p><strong>4. Divulgaci\u00f3n de la informaci\u00f3n<\/strong> No vendemos, intercambiamos ni transferimos a terceros sus datos personales. Esto no incluye a terceras partes de confianza que nos ayudan a operar nuestro sitio web, llevar a cabo nuestro negocio, o servirle a usted, siempre y cuando dichas partes se comprometan a mantener esta informaci\u00f3n confidencial.<\/p>\n\n\n\n<p><strong>5. Enlaces de terceros<\/strong> Ocasionalmente, a nuestra discreci\u00f3n, podemos incluir u ofrecer productos o servicios de terceros en nuestro sitio web. Estos sitios de terceros tienen pol\u00edticas de privacidad separadas e independientes. Por lo tanto, no tenemos responsabilidad alguna por el contenido y las actividades de estos sitios enlazados.<\/p>\n\n\n\n<p><strong>6. Cookies<\/strong> Nuestro sitio web puede utilizar \"cookies\" para mejorar la experiencia del usuario. Puede elegir que su ordenador le avise cada vez que se env\u00ede una cookie, o puede optar por desactivar todas las cookies a trav\u00e9s de la configuraci\u00f3n de su navegador.<\/p>\n\n\n\n<p><strong>7. Consentimiento<\/strong> Al utilizar nuestro sitio, usted acepta la pol\u00edtica de privacidad del mismo.<\/p>\n\n\n\n<p><strong>8. Cambios en nuestra pol\u00edtica de privacidad<\/strong> Si decidimos cambiar nuestra pol\u00edtica de privacidad, publicaremos dichos cambios en esta p\u00e1gina y\/o actualizaremos la fecha de modificaci\u00f3n de la pol\u00edtica de privacidad que aparece m\u00e1s arriba.<\/p>\n\n\n\n<p><strong>9. Contacto<\/strong> Si tiene alguna pregunta sobre esta pol\u00edtica de privacidad, puede ponerse en contacto con nosotros utilizando la informaci\u00f3n que figura a continuaci\u00f3n:<\/p>\n\n\n\n<ul class=\"wp-block-list\">\n<li>Correo electr\u00f3nico: <a>contact@bettsun.com<\/a><\/li>\n\n\n\n<li>Tel: +123 456 7890<\/li>\n\n\n\n<li>Direcci\u00f3n: 123 Energy Drive, Parque de la Innovaci\u00f3n<\/li>\n<\/ul>\n\t\t\t\t\t\t\t\t<\/div>\n\t\t\t\t<\/div>\n\t\t\t\t\t<\/div>\n\t\t\t\t<\/div>\n\t\t\t\t<\/div>","protected":false},"excerpt":{"rendered":"<p>Privacy Policy Effective Date: Today&#8217;s Date Welcome to BettSun! We are committed to protecting your privacy. This Privacy Policy outlines how we collect, use, protect, and disclose information obtained from users of the BettSun website located at www.bettsun.com. 1. Information Collection We collect information that you provide directly to us when you register on our [&hellip;]<\/p>\n","protected":false},"author":2,"featured_media":0,"parent":0,"menu_order":0,"comment_status":"closed","ping_status":"closed","template":"","meta":{"_acf_changed":false,"footnotes":""},"class_list":["post-2004","page","type-page","status-publish","hentry"],"acf":[],"_links":{"self":[{"href":"https:\/\/bettsun.com\/es\/wp-json\/wp\/v2\/pages\/2004","targetHints":{"allow":["GET"]}}],"collection":[{"href":"https:\/\/bettsun.com\/es\/wp-json\/wp\/v2\/pages"}],"about":[{"href":"https:\/\/bettsun.com\/es\/wp-json\/wp\/v2\/types\/page"}],"author":[{"embeddable":true,"href":"https:\/\/bettsun.com\/es\/wp-json\/wp\/v2\/users\/2"}],"replies":[{"embeddable":true,"href":"https:\/\/bettsun.com\/es\/wp-json\/wp\/v2\/comments?post=2004"}],"version-history":[{"count":0,"href":"https:\/\/bettsun.com\/es\/wp-json\/wp\/v2\/pages\/2004\/revisions"}],"wp:attachment":[{"href":"https:\/\/bettsun.com\/es\/wp-json\/wp\/v2\/media?parent=2004"}],"curies":[{"name":"wp","href":"https:\/\/api.w.org\/{rel}","templated":true}]}}