{"id":2007,"date":"2024-09-10T23:40:38","date_gmt":"2024-09-10T23:40:38","guid":{"rendered":"https:\/\/bettsun.com\/?page_id=2007"},"modified":"2024-09-10T23:44:31","modified_gmt":"2024-09-10T23:44:31","slug":"condiciones","status":"publish","type":"page","link":"https:\/\/bettsun.com\/es\/condiciones\/","title":{"rendered":"Condiciones generales"},"content":{"rendered":"<div data-elementor-type=\"wp-page\" data-elementor-id=\"2007\" class=\"elementor elementor-2007\" data-elementor-post-type=\"page\">\n\t\t\t\t<div class=\"elementor-element elementor-element-af56cb6 e-flex e-con-boxed e-con e-parent\" data-id=\"af56cb6\" data-element_type=\"container\" data-e-type=\"container\" data-settings=\"{&quot;background_background&quot;:&quot;classic&quot;}\">\n\t\t\t\t\t<div class=\"e-con-inner\">\n\t\t\t\t<div class=\"elementor-element elementor-element-1da980f elementor-widget elementor-widget-woocommerce-breadcrumb\" data-id=\"1da980f\" data-element_type=\"widget\" data-e-type=\"widget\" data-widget_type=\"woocommerce-breadcrumb.default\">\n\t\t\t\t<div class=\"elementor-widget-container\">\n\t\t\t\t\t<nav class=\"woocommerce-breadcrumb\" aria-label=\"Breadcrumb\" data-no-translation=\"\" data-trp-gettext=\"\">Inicio<\/nav>\t\t\t\t<\/div>\n\t\t\t\t<\/div>\n\t\t\t\t<div class=\"elementor-element elementor-element-186b415 elementor-widget elementor-widget-heading\" data-id=\"186b415\" data-element_type=\"widget\" data-e-type=\"widget\" data-widget_type=\"heading.default\">\n\t\t\t\t<div class=\"elementor-widget-container\">\n\t\t\t\t\t<h2 class=\"elementor-heading-title elementor-size-default\">Condiciones generales<\/h2>\t\t\t\t<\/div>\n\t\t\t\t<\/div>\n\t\t\t\t\t<\/div>\n\t\t\t\t<\/div>\n\t\t<div class=\"elementor-element elementor-element-1b130f16 e-flex e-con-boxed e-con e-parent\" data-id=\"1b130f16\" data-element_type=\"container\" data-e-type=\"container\">\n\t\t\t\t\t<div class=\"e-con-inner\">\n\t\t\t\t<div class=\"elementor-element elementor-element-6758dfdb elementor-widget elementor-widget-text-editor\" data-id=\"6758dfdb\" data-element_type=\"widget\" data-e-type=\"widget\" data-widget_type=\"text-editor.default\">\n\t\t\t\t<div class=\"elementor-widget-container\">\n\t\t\t\t\t\t\t\t\t\n<p><strong>\u00a1Bienvenido a BettSun!<\/strong><\/p>\n\n\n\n<p>Estos t\u00e9rminos y condiciones describen las normas y reglamentos para el uso del sitio web de BettSun, ubicado en <a href=\"https:\/\/bettsun.com\/es\/\">www.bettsun.com<\/a>.<\/p>\n\n\n\n<p>Al acceder a este sitio web asumimos que acepta estos t\u00e9rminos y condiciones. No contin\u00fae utilizando BettSun si no est\u00e1 de acuerdo en aceptar todos los t\u00e9rminos y condiciones establecidos en esta p\u00e1gina.<\/p>\n\n\n\n<p><strong>1. Licencia<\/strong> A menos que se indique lo contrario, BettSun y\/o sus licenciantes poseen los derechos de propiedad intelectual de todo el material de BettSun. Todos los derechos de propiedad intelectual est\u00e1n reservados. Usted puede acceder a esto desde BettSun para su uso personal sujeto a las restricciones establecidas en estos t\u00e9rminos y condiciones.<\/p>\n\n\n\n<p><strong>2. No debes:<\/strong><\/p>\n\n\n\n<ul class=\"wp-block-list\">\n<li>Volver a publicar material de BettSun<\/li>\n\n\n\n<li>Vender, alquilar o sublicenciar material de BettSun<\/li>\n\n\n\n<li>Reproducir, duplicar o copiar material de BettSun<\/li>\n\n\n\n<li>Redistribuir contenidos de BettSun<\/li>\n<\/ul>\n\n\n\n<p><strong>3. Comentarios de los usuarios<\/strong><\/p>\n\n\n\n<ul class=\"wp-block-list\">\n<li>El presente Acuerdo entrar\u00e1 en vigor en la fecha del mismo.<\/li>\n\n\n\n<li>Ciertas partes de este sitio web ofrecen a los usuarios la oportunidad de publicar e intercambiar opiniones e informaci\u00f3n. BettSun no filtra, edita, publica o revisa los Comentarios antes de su presencia en el sitio web. Los comentarios no reflejan los puntos de vista y opiniones de BettSun, sus agentes o afiliados. Los comentarios reflejan los puntos de vista y opiniones de la persona que los publica. En la medida permitida por las leyes aplicables, BettSun no ser\u00e1 responsable de los Comentarios ni de ninguna responsabilidad, da\u00f1os o gastos causados y\/o sufridos como resultado de cualquier uso y\/o publicaci\u00f3n y\/o aparici\u00f3n de los Comentarios en este sitio web.<\/li>\n<\/ul>\n\n\n\n<p><strong>4. Hiperv\u00ednculos a nuestro contenido<\/strong><\/p>\n\n\n\n<ul class=\"wp-block-list\">\n<li>Las organizaciones pueden enlazar a nuestra p\u00e1gina de inicio, a publicaciones o a otra informaci\u00f3n del sitio web siempre que el enlace (a) no sea en modo alguno enga\u00f1oso; (b) no implique falsamente el patrocinio, respaldo o aprobaci\u00f3n de la parte enlazante y sus productos y\/o servicios; y (c) se ajuste al contexto del sitio de la parte enlazante.<\/li>\n<\/ul>\n\n\n\n<p><strong>5. Responsabilidad por contenidos<\/strong> No seremos responsables de ning\u00fan contenido que aparezca en su Sitio Web. Usted se compromete a protegernos y defendernos de todas las reclamaciones que surjan en su Sitio Web. No debe aparecer en ning\u00fan sitio web ning\u00fan enlace que pueda interpretarse como difamatorio, obsceno o delictivo, o que infrinja, viole de otro modo o propugne la infracci\u00f3n u otra violaci\u00f3n de los derechos de terceros.<\/p>\n\n\n\n<p><strong>6. 6. Reserva de derechos<\/strong> Nos reservamos el derecho a solicitarle que elimine todos los enlaces o cualquier enlace concreto a nuestro sitio web. Usted se compromete a eliminar inmediatamente todos los enlaces a nuestro sitio web cuando as\u00ed se le solicite. Tambi\u00e9n nos reservamos el derecho a modificar estas condiciones y su pol\u00edtica de enlaces en cualquier momento. Al enlazar de forma continuada a nuestro sitio web, usted acepta quedar vinculado y seguir estos t\u00e9rminos y condiciones de enlace.<\/p>\n\n\n\n<p><strong>7. Eliminaci\u00f3n de enlaces de nuestro sitio web<\/strong> Si encuentra alg\u00fan enlace en nuestro Sitio Web que le resulte ofensivo por cualquier motivo, puede ponerse en contacto con nosotros e informarnos en cualquier momento. Tendremos en cuenta las solicitudes de eliminaci\u00f3n de enlaces, pero no estamos obligados a hacerlo ni a responderle directamente.<\/p>\n\n\n\n<p><strong>8. Descargo de responsabilidad<\/strong><\/p>\n\n\n\n<ul class=\"wp-block-list\">\n<li>La informaci\u00f3n en este sitio web se proporciona \"tal cual\", con todos los defectos, y BettSun no hace representaciones expresas o impl\u00edcitas o garant\u00edas, de ning\u00fan tipo en relaci\u00f3n con este sitio web o los materiales contenidos en este sitio web. Adem\u00e1s, nada de lo contenido en este sitio web se interpretar\u00e1 como una consulta o asesoramiento para usted.<\/li>\n<\/ul>\n\n\n\n<p><strong>Contacto<\/strong> Si tiene alguna pregunta sobre estas Condiciones Generales, puede ponerse en contacto con nosotros en:<\/p>\n\n\n\n<ul class=\"wp-block-list\">\n<li>Correo electr\u00f3nico: <a>contact@bettsun.com<\/a><\/li>\n\n\n\n<li>Tel: +123 456 7890<\/li>\n\n\n\n<li>Direcci\u00f3n: 123 Energy Drive, Parque de la Innovaci\u00f3n<\/li>\n<\/ul>\n\t\t\t\t\t\t\t\t<\/div>\n\t\t\t\t<\/div>\n\t\t\t\t\t<\/div>\n\t\t\t\t<\/div>\n\t\t\t\t<\/div>","protected":false},"excerpt":{"rendered":"<p>Terms &#038; Conditions Welcome to BettSun! These terms and conditions outline the rules and regulations for the use of BettSun&#8217;s Website, located at www.bettsun.com. By accessing this website we assume you accept these terms and conditions. Do not continue to use BettSun if you do not agree to take all of the terms and conditions [&hellip;]<\/p>\n","protected":false},"author":2,"featured_media":0,"parent":0,"menu_order":0,"comment_status":"closed","ping_status":"closed","template":"","meta":{"_acf_changed":false,"footnotes":""},"class_list":["post-2007","page","type-page","status-publish","hentry"],"acf":[],"_links":{"self":[{"href":"https:\/\/bettsun.com\/es\/wp-json\/wp\/v2\/pages\/2007","targetHints":{"allow":["GET"]}}],"collection":[{"href":"https:\/\/bettsun.com\/es\/wp-json\/wp\/v2\/pages"}],"about":[{"href":"https:\/\/bettsun.com\/es\/wp-json\/wp\/v2\/types\/page"}],"author":[{"embeddable":true,"href":"https:\/\/bettsun.com\/es\/wp-json\/wp\/v2\/users\/2"}],"replies":[{"embeddable":true,"href":"https:\/\/bettsun.com\/es\/wp-json\/wp\/v2\/comments?post=2007"}],"version-history":[{"count":0,"href":"https:\/\/bettsun.com\/es\/wp-json\/wp\/v2\/pages\/2007\/revisions"}],"wp:attachment":[{"href":"https:\/\/bettsun.com\/es\/wp-json\/wp\/v2\/media?parent=2007"}],"curies":[{"name":"wp","href":"https:\/\/api.w.org\/{rel}","templated":true}]}}