{"id":3133,"date":"2024-09-24T06:24:48","date_gmt":"2024-09-24T06:24:48","guid":{"rendered":"https:\/\/bettsun.com\/?post_type=product&#038;p=3133"},"modified":"2025-02-17T21:36:12","modified_gmt":"2025-02-17T21:36:12","slug":"inversor-solar-hibrido-bettsun-3kw-24v","status":"publish","type":"product","link":"https:\/\/bettsun.com\/es\/productos\/inversor-solar-hibrido-bettsun-3kw-24v\/","title":{"rendered":"Inversor solar h\u00edbrido Bettsun 3KW 24V"},"content":{"rendered":"<p>El inversor solar h\u00edbrido Bettsun 3KW 24V cuenta con un rango de entrada FV de hasta 450Vcc, un sistema de bater\u00edas de 24V compatible con varios tipos de bater\u00edas, un \u00fanico MPPT con una eficiencia de 99,9% y admite tensiones de salida de 208, 220, 230 y 240Vca. Suministra una corriente m\u00e1xima de 22A.<\/p>","protected":false},"excerpt":{"rendered":"<h3 data-start=\"601\" data-end=\"624\"><strong data-start=\"605\" data-end=\"622\">Caracter\u00edsticas principales:<\/strong><\/h3>\n<ul>\n<li data-start=\"625\" data-end=\"913\"><strong>Rango de tensi\u00f3n de entrada FV:<\/strong> Hasta 450 Vcc para compatibilidad con paneles solares flexibles.<\/li>\n<li data-start=\"625\" data-end=\"913\"><strong>Sistema de bater\u00eda:<\/strong> 24V, compatible con varios tipos de bater\u00eda.<\/li>\n<li data-start=\"625\" data-end=\"913\"><strong>MPPT simple:<\/strong> Rendimiento del 99,9% con una corriente m\u00e1xima de 22A.<\/li>\n<li data-start=\"625\" data-end=\"913\"><strong>M\u00faltiples tensiones de salida:<\/strong> Admite 208, 220, 230 y 240 Vca para aplicaciones vers\u00e1tiles.<\/li>\n<\/ul>","protected":false},"featured_media":2991,"comment_status":"open","ping_status":"closed","template":"","meta":{"_acf_changed":false},"product_brand":[],"product_cat":[66,65],"product_tag":[],"class_list":{"0":"post-3133","1":"product","2":"type-product","3":"status-publish","4":"has-post-thumbnail","6":"product_cat-hybrid-inverter","7":"product_cat-inverter","9":"first","10":"instock","11":"shipping-taxable","12":"purchasable","13":"product-type-simple"},"acf":[],"_links":{"self":[{"href":"https:\/\/bettsun.com\/es\/wp-json\/wp\/v2\/product\/3133","targetHints":{"allow":["GET"]}}],"collection":[{"href":"https:\/\/bettsun.com\/es\/wp-json\/wp\/v2\/product"}],"about":[{"href":"https:\/\/bettsun.com\/es\/wp-json\/wp\/v2\/types\/product"}],"replies":[{"embeddable":true,"href":"https:\/\/bettsun.com\/es\/wp-json\/wp\/v2\/comments?post=3133"}],"version-history":[{"count":3,"href":"https:\/\/bettsun.com\/es\/wp-json\/wp\/v2\/product\/3133\/revisions"}],"predecessor-version":[{"id":8281,"href":"https:\/\/bettsun.com\/es\/wp-json\/wp\/v2\/product\/3133\/revisions\/8281"}],"wp:featuredmedia":[{"embeddable":true,"href":"https:\/\/bettsun.com\/es\/wp-json\/wp\/v2\/media\/2991"}],"wp:attachment":[{"href":"https:\/\/bettsun.com\/es\/wp-json\/wp\/v2\/media?parent=3133"}],"wp:term":[{"taxonomy":"product_brand","embeddable":true,"href":"https:\/\/bettsun.com\/es\/wp-json\/wp\/v2\/product_brand?post=3133"},{"taxonomy":"product_cat","embeddable":true,"href":"https:\/\/bettsun.com\/es\/wp-json\/wp\/v2\/product_cat?post=3133"},{"taxonomy":"product_tag","embeddable":true,"href":"https:\/\/bettsun.com\/es\/wp-json\/wp\/v2\/product_tag?post=3133"}],"curies":[{"name":"wp","href":"https:\/\/api.w.org\/{rel}","templated":true}]}}