{"id":3160,"date":"2024-09-24T07:47:22","date_gmt":"2024-09-24T07:47:22","guid":{"rendered":"https:\/\/bettsun.com\/?post_type=product&#038;p=3160"},"modified":"2025-02-17T21:25:48","modified_gmt":"2025-02-17T21:25:48","slug":"inversor-solar-hibrido-bettsun-6kw-48v","status":"publish","type":"product","link":"https:\/\/bettsun.com\/es\/productos\/inversor-solar-hibrido-bettsun-6kw-48v\/","title":{"rendered":"Inversor solar h\u00edbrido Bettsun 6KW 48V"},"content":{"rendered":"<p>El inversor solar h\u00edbrido Bettsun 6KW 48V cuenta con un rango de entrada FV de 110-450Vcc, un sistema de bater\u00edas de 48V compatible con bater\u00edas de plomo-\u00e1cido y de iones de litio, un \u00fanico MPPT con una eficiencia de 97,5% y admite tensiones de salida de 208Vca, 230Vca y 240Vca. Ofrece una potencia m\u00e1xima de entrada de 6.000 W.<\/p>","protected":false},"excerpt":{"rendered":"<h3 data-start=\"623\" data-end=\"646\"><strong data-start=\"627\" data-end=\"644\">Caracter\u00edsticas principales:<\/strong><\/h3>\n<ul>\n<li data-start=\"647\" data-end=\"942\"><strong>Rango de tensi\u00f3n de entrada FV:<\/strong> 110-450Vdc para una amplia compatibilidad con paneles solares.<\/li>\n<li data-start=\"647\" data-end=\"942\"><strong>Sistema de bater\u00edas<\/strong>: 48 V, compatible con bater\u00edas de plomo y de iones de litio.<\/li>\n<li data-start=\"647\" data-end=\"942\"><strong>MPPT simple:<\/strong> Rendimiento de 97,5% con una potencia m\u00e1xima de entrada de 6000W.<\/li>\n<li data-start=\"647\" data-end=\"942\"><strong>M\u00faltiples tensiones de salida:<\/strong> Admite 208 V CA, 230 V CA y 240 V CA para un uso vers\u00e1til.<\/li>\n<\/ul>","protected":false},"featured_media":3553,"comment_status":"open","ping_status":"closed","template":"","meta":{"_acf_changed":false},"product_brand":[],"product_cat":[66,65],"product_tag":[],"class_list":{"0":"post-3160","1":"product","2":"type-product","3":"status-publish","4":"has-post-thumbnail","6":"product_cat-hybrid-inverter","7":"product_cat-inverter","9":"first","10":"instock","11":"shipping-taxable","12":"purchasable","13":"product-type-simple"},"acf":[],"_links":{"self":[{"href":"https:\/\/bettsun.com\/es\/wp-json\/wp\/v2\/product\/3160","targetHints":{"allow":["GET"]}}],"collection":[{"href":"https:\/\/bettsun.com\/es\/wp-json\/wp\/v2\/product"}],"about":[{"href":"https:\/\/bettsun.com\/es\/wp-json\/wp\/v2\/types\/product"}],"replies":[{"embeddable":true,"href":"https:\/\/bettsun.com\/es\/wp-json\/wp\/v2\/comments?post=3160"}],"version-history":[{"count":3,"href":"https:\/\/bettsun.com\/es\/wp-json\/wp\/v2\/product\/3160\/revisions"}],"predecessor-version":[{"id":8274,"href":"https:\/\/bettsun.com\/es\/wp-json\/wp\/v2\/product\/3160\/revisions\/8274"}],"wp:featuredmedia":[{"embeddable":true,"href":"https:\/\/bettsun.com\/es\/wp-json\/wp\/v2\/media\/3553"}],"wp:attachment":[{"href":"https:\/\/bettsun.com\/es\/wp-json\/wp\/v2\/media?parent=3160"}],"wp:term":[{"taxonomy":"product_brand","embeddable":true,"href":"https:\/\/bettsun.com\/es\/wp-json\/wp\/v2\/product_brand?post=3160"},{"taxonomy":"product_cat","embeddable":true,"href":"https:\/\/bettsun.com\/es\/wp-json\/wp\/v2\/product_cat?post=3160"},{"taxonomy":"product_tag","embeddable":true,"href":"https:\/\/bettsun.com\/es\/wp-json\/wp\/v2\/product_tag?post=3160"}],"curies":[{"name":"wp","href":"https:\/\/api.w.org\/{rel}","templated":true}]}}