{"id":3242,"date":"2024-09-24T15:04:38","date_gmt":"2024-09-24T15:04:38","guid":{"rendered":"https:\/\/bettsun.com\/?post_type=product&#038;p=3242"},"modified":"2025-02-17T21:23:32","modified_gmt":"2025-02-17T21:23:32","slug":"inversor-solar-hibrido-bettsun-7kw-48v-con-doble-mppt","status":"publish","type":"product","link":"https:\/\/bettsun.com\/es\/productos\/inversor-solar-hibrido-bettsun-7kw-48v-con-doble-mppt\/","title":{"rendered":"Inversor solar h\u00edbrido Bettsun 7KW 48V con MPPT dual"},"content":{"rendered":"<p>El inversor solar h\u00edbrido Bettsun 7KW 48V cuenta con un rango de entrada FV de 110-450Vcc, un sistema de bater\u00edas de 48V compatible con bater\u00edas de plomo-\u00e1cido y de iones de litio, un \u00fanico MPPT con una eficiencia de 97,5% y admite tensiones de salida de 208Vca, 230Vca y 240Vca. Ofrece una potencia m\u00e1xima de entrada de 6.000 W.<\/p>","protected":false},"excerpt":{"rendered":"<h3 data-start=\"637\" data-end=\"660\"><strong data-start=\"641\" data-end=\"658\">Caracter\u00edsticas principales:<\/strong><\/h3>\n<ul>\n<li data-start=\"661\" data-end=\"956\"><strong>Rango de tensi\u00f3n de entrada FV:<\/strong> 110-450Vdc para una amplia compatibilidad con paneles solares.<\/li>\n<li data-start=\"661\" data-end=\"956\"><strong>Sistema de bater\u00eda:<\/strong> 48 V, compatible con bater\u00edas de plomo y de iones de litio.<\/li>\n<li data-start=\"661\" data-end=\"956\"><strong>MPPT simple:<\/strong> Rendimiento de 97,5% con una potencia m\u00e1xima de entrada de 6000W.<\/li>\n<li data-start=\"661\" data-end=\"956\"><strong>M\u00faltiples tensiones de salida:<\/strong> Admite 208 V CA, 230 V CA y 240 V CA para un uso vers\u00e1til.<\/li>\n<\/ul>","protected":false},"featured_media":3553,"comment_status":"open","ping_status":"closed","template":"","meta":{"_acf_changed":false},"product_brand":[],"product_cat":[66,65],"product_tag":[],"class_list":{"0":"post-3242","1":"product","2":"type-product","3":"status-publish","4":"has-post-thumbnail","6":"product_cat-hybrid-inverter","7":"product_cat-inverter","9":"first","10":"instock","11":"shipping-taxable","12":"purchasable","13":"product-type-simple"},"acf":[],"_links":{"self":[{"href":"https:\/\/bettsun.com\/es\/wp-json\/wp\/v2\/product\/3242","targetHints":{"allow":["GET"]}}],"collection":[{"href":"https:\/\/bettsun.com\/es\/wp-json\/wp\/v2\/product"}],"about":[{"href":"https:\/\/bettsun.com\/es\/wp-json\/wp\/v2\/types\/product"}],"replies":[{"embeddable":true,"href":"https:\/\/bettsun.com\/es\/wp-json\/wp\/v2\/comments?post=3242"}],"version-history":[{"count":3,"href":"https:\/\/bettsun.com\/es\/wp-json\/wp\/v2\/product\/3242\/revisions"}],"predecessor-version":[{"id":8273,"href":"https:\/\/bettsun.com\/es\/wp-json\/wp\/v2\/product\/3242\/revisions\/8273"}],"wp:featuredmedia":[{"embeddable":true,"href":"https:\/\/bettsun.com\/es\/wp-json\/wp\/v2\/media\/3553"}],"wp:attachment":[{"href":"https:\/\/bettsun.com\/es\/wp-json\/wp\/v2\/media?parent=3242"}],"wp:term":[{"taxonomy":"product_brand","embeddable":true,"href":"https:\/\/bettsun.com\/es\/wp-json\/wp\/v2\/product_brand?post=3242"},{"taxonomy":"product_cat","embeddable":true,"href":"https:\/\/bettsun.com\/es\/wp-json\/wp\/v2\/product_cat?post=3242"},{"taxonomy":"product_tag","embeddable":true,"href":"https:\/\/bettsun.com\/es\/wp-json\/wp\/v2\/product_tag?post=3242"}],"curies":[{"name":"wp","href":"https:\/\/api.w.org\/{rel}","templated":true}]}}