{"id":3249,"date":"2024-09-24T15:17:36","date_gmt":"2024-09-24T15:17:36","guid":{"rendered":"https:\/\/bettsun.com\/?post_type=product&#038;p=3249"},"modified":"2025-02-17T21:12:34","modified_gmt":"2025-02-17T21:12:34","slug":"bettsun-12kw-48v-inversor-solar-hibrido-con-doble-mppt","status":"publish","type":"product","link":"https:\/\/bettsun.com\/es\/productos\/bettsun-12kw-48v-inversor-solar-hibrido-con-doble-mppt\/","title":{"rendered":"Kit solar"},"content":{"rendered":"<p>su <strong data-start=\"104\" data-end=\"117\">Kit solar<\/strong> cuenta con un rango de entrada FV de 110-450 Vcc, un sistema de bater\u00edas de 48 V compatible con bater\u00edas de plomo-\u00e1cido y de iones de litio, MPPT dual para una eficiencia de 97,5% y tensiones de salida de 208 Vca, 230 Vca y 240 Vca. Tambi\u00e9n incluye sensores CT y un interruptor antibloqueo para la seguridad de la red.<\/p>","protected":false},"excerpt":{"rendered":"<h3 data-start=\"598\" data-end=\"621\"><strong data-start=\"602\" data-end=\"619\">Caracter\u00edsticas principales:<\/strong><\/h3>\n<p data-start=\"622\" data-end=\"985\"><strong>Rango de tensi\u00f3n de entrada FV:<\/strong> 110-450Vcc para compatibilidad con paneles flexibles.<br data-start=\"690\" data-end=\"693\" \/><strong>Sistema de bater\u00eda:<\/strong> 48 V, compatible con bater\u00edas de plomo y de iones de litio.<br data-start=\"771\" data-end=\"774\" \/><strong>Doble MPPT:<\/strong> Rendimiento de 97,5% con una potencia m\u00e1xima de entrada de 12000W.<br data-start=\"832\" data-end=\"835\" \/><strong>M\u00faltiples tensiones de salida:<\/strong> 208Vac, 230Vac y 240Vac para aplicaciones vers\u00e1tiles.<br data-start=\"915\" data-end=\"918\" \/><strong>Seguridad en la red:<\/strong> Sensores CT e interruptor antibloqueo para una integraci\u00f3n segura.<\/p>","protected":false},"featured_media":2991,"comment_status":"open","ping_status":"closed","template":"","meta":{"_acf_changed":false},"product_brand":[],"product_cat":[90,89],"product_tag":[],"class_list":{"0":"post-3249","1":"product","2":"type-product","3":"status-publish","4":"has-post-thumbnail","6":"product_cat-rv-solutions","7":"product_cat-solutions","9":"first","10":"instock","11":"shipping-taxable","12":"purchasable","13":"product-type-simple"},"acf":[],"_links":{"self":[{"href":"https:\/\/bettsun.com\/es\/wp-json\/wp\/v2\/product\/3249","targetHints":{"allow":["GET"]}}],"collection":[{"href":"https:\/\/bettsun.com\/es\/wp-json\/wp\/v2\/product"}],"about":[{"href":"https:\/\/bettsun.com\/es\/wp-json\/wp\/v2\/types\/product"}],"replies":[{"embeddable":true,"href":"https:\/\/bettsun.com\/es\/wp-json\/wp\/v2\/comments?post=3249"}],"version-history":[{"count":2,"href":"https:\/\/bettsun.com\/es\/wp-json\/wp\/v2\/product\/3249\/revisions"}],"predecessor-version":[{"id":8267,"href":"https:\/\/bettsun.com\/es\/wp-json\/wp\/v2\/product\/3249\/revisions\/8267"}],"wp:featuredmedia":[{"embeddable":true,"href":"https:\/\/bettsun.com\/es\/wp-json\/wp\/v2\/media\/2991"}],"wp:attachment":[{"href":"https:\/\/bettsun.com\/es\/wp-json\/wp\/v2\/media?parent=3249"}],"wp:term":[{"taxonomy":"product_brand","embeddable":true,"href":"https:\/\/bettsun.com\/es\/wp-json\/wp\/v2\/product_brand?post=3249"},{"taxonomy":"product_cat","embeddable":true,"href":"https:\/\/bettsun.com\/es\/wp-json\/wp\/v2\/product_cat?post=3249"},{"taxonomy":"product_tag","embeddable":true,"href":"https:\/\/bettsun.com\/es\/wp-json\/wp\/v2\/product_tag?post=3249"}],"curies":[{"name":"wp","href":"https:\/\/api.w.org\/{rel}","templated":true}]}}