{"id":3252,"date":"2024-09-24T15:37:43","date_gmt":"2024-09-24T15:37:43","guid":{"rendered":"https:\/\/bettsun.com\/?post_type=product&#038;p=3252"},"modified":"2025-02-17T21:08:05","modified_gmt":"2025-02-17T21:08:05","slug":"regulador-de-carga-solar-bettsun-m100a-mppt","status":"publish","type":"product","link":"https:\/\/bettsun.com\/es\/productos\/regulador-de-carga-solar-bettsun-m100a-mppt\/","title":{"rendered":"Regulador de carga solar BettSun M100A MPPT"},"content":{"rendered":"<p>El controlador de carga solar Bettsun M100A MPPT ofrece DSP de alto rendimiento para un control optimizado, detecci\u00f3n autom\u00e1tica del voltaje de la bater\u00eda, bloqueo de voltaje para un funcionamiento estable y monitorizaci\u00f3n remota a trav\u00e9s de una aplicaci\u00f3n m\u00f3vil.<\/p>","protected":false},"excerpt":{"rendered":"<h3 data-start=\"546\" data-end=\"569\"><strong data-start=\"550\" data-end=\"567\">Caracter\u00edsticas principales:<\/strong><\/h3>\n<ul>\n<li data-start=\"570\" data-end=\"858\"><strong>DSP de alto rendimiento:<\/strong> Control optimizado para una m\u00e1xima eficiencia energ\u00e9tica.<\/li>\n<li data-start=\"570\" data-end=\"858\"><strong>Detecci\u00f3n autom\u00e1tica del voltaje de la bater\u00eda:<\/strong> Compatibilidad perfecta con varios tipos de bater\u00edas.<\/li>\n<li data-start=\"570\" data-end=\"858\"><strong>Bloqueo de tensi\u00f3n:<\/strong> Garantiza un funcionamiento estable y fiable.<\/li>\n<li data-start=\"570\" data-end=\"858\"><strong>Monitorizaci\u00f3n remota:<\/strong> C\u00f3modo acceso a la aplicaci\u00f3n m\u00f3vil para un control en tiempo real.<\/li>\n<\/ul>","protected":false},"featured_media":3217,"comment_status":"open","ping_status":"closed","template":"","meta":{"_acf_changed":false},"product_brand":[],"product_cat":[69,77,78,72],"product_tag":[],"class_list":{"0":"post-3252","1":"product","2":"type-product","3":"status-publish","4":"has-post-thumbnail","6":"product_cat-charger","7":"product_cat-controller","8":"product_cat-mppt-solar-controller","9":"product_cat-solar-charger","11":"first","12":"instock","13":"shipping-taxable","14":"purchasable","15":"product-type-simple"},"acf":[],"_links":{"self":[{"href":"https:\/\/bettsun.com\/es\/wp-json\/wp\/v2\/product\/3252","targetHints":{"allow":["GET"]}}],"collection":[{"href":"https:\/\/bettsun.com\/es\/wp-json\/wp\/v2\/product"}],"about":[{"href":"https:\/\/bettsun.com\/es\/wp-json\/wp\/v2\/types\/product"}],"replies":[{"embeddable":true,"href":"https:\/\/bettsun.com\/es\/wp-json\/wp\/v2\/comments?post=3252"}],"version-history":[{"count":2,"href":"https:\/\/bettsun.com\/es\/wp-json\/wp\/v2\/product\/3252\/revisions"}],"predecessor-version":[{"id":8266,"href":"https:\/\/bettsun.com\/es\/wp-json\/wp\/v2\/product\/3252\/revisions\/8266"}],"wp:featuredmedia":[{"embeddable":true,"href":"https:\/\/bettsun.com\/es\/wp-json\/wp\/v2\/media\/3217"}],"wp:attachment":[{"href":"https:\/\/bettsun.com\/es\/wp-json\/wp\/v2\/media?parent=3252"}],"wp:term":[{"taxonomy":"product_brand","embeddable":true,"href":"https:\/\/bettsun.com\/es\/wp-json\/wp\/v2\/product_brand?post=3252"},{"taxonomy":"product_cat","embeddable":true,"href":"https:\/\/bettsun.com\/es\/wp-json\/wp\/v2\/product_cat?post=3252"},{"taxonomy":"product_tag","embeddable":true,"href":"https:\/\/bettsun.com\/es\/wp-json\/wp\/v2\/product_tag?post=3252"}],"curies":[{"name":"wp","href":"https:\/\/api.w.org\/{rel}","templated":true}]}}