{"id":3257,"date":"2024-09-24T15:45:05","date_gmt":"2024-09-24T15:45:05","guid":{"rendered":"https:\/\/bettsun.com\/?post_type=product&#038;p=3257"},"modified":"2025-02-17T21:04:17","modified_gmt":"2025-02-17T21:04:17","slug":"regulador-de-carga-solar-bettsun-m120a-mppt","status":"publish","type":"product","link":"https:\/\/bettsun.com\/es\/productos\/regulador-de-carga-solar-bettsun-m120a-mppt\/","title":{"rendered":"Regulador de carga solar BettSun M120A MPPT"},"content":{"rendered":"<p>El controlador de carga solar Bettsun M120A MPPT cuenta con DSP de alto rendimiento para un control optimizado, detecci\u00f3n autom\u00e1tica del voltaje de la bater\u00eda, bloqueo de voltaje para un funcionamiento estable y monitorizaci\u00f3n remota a trav\u00e9s de una aplicaci\u00f3n m\u00f3vil.<\/p>","protected":false},"excerpt":{"rendered":"<h3 data-start=\"554\" data-end=\"577\"><strong data-start=\"558\" data-end=\"575\">Caracter\u00edsticas principales:<\/strong><\/h3>\n<ul>\n<li data-start=\"578\" data-end=\"889\"><strong>DSP de alto rendimiento:<\/strong> Control optimizado para una m\u00e1xima eficiencia solar.<\/li>\n<li data-start=\"578\" data-end=\"889\"><strong>Detecci\u00f3n autom\u00e1tica del voltaje de la bater\u00eda:<\/strong> Garantiza la compatibilidad con distintos tipos de pilas.<\/li>\n<li data-start=\"578\" data-end=\"889\"><strong>Bloqueo de tensi\u00f3n:<\/strong> Proporciona un funcionamiento estable al evitar las fluctuaciones de tensi\u00f3n.<\/li>\n<li data-start=\"578\" data-end=\"889\"><strong>Monitorizaci\u00f3n remota:<\/strong> Supervisi\u00f3n y control a trav\u00e9s de una aplicaci\u00f3n m\u00f3vil para mayor comodidad.<\/li>\n<\/ul>","protected":false},"featured_media":3217,"comment_status":"open","ping_status":"closed","template":"","meta":{"_acf_changed":false},"product_brand":[],"product_cat":[69,77,78,72],"product_tag":[],"class_list":{"0":"post-3257","1":"product","2":"type-product","3":"status-publish","4":"has-post-thumbnail","6":"product_cat-charger","7":"product_cat-controller","8":"product_cat-mppt-solar-controller","9":"product_cat-solar-charger","11":"first","12":"instock","13":"shipping-taxable","14":"purchasable","15":"product-type-simple"},"acf":[],"_links":{"self":[{"href":"https:\/\/bettsun.com\/es\/wp-json\/wp\/v2\/product\/3257","targetHints":{"allow":["GET"]}}],"collection":[{"href":"https:\/\/bettsun.com\/es\/wp-json\/wp\/v2\/product"}],"about":[{"href":"https:\/\/bettsun.com\/es\/wp-json\/wp\/v2\/types\/product"}],"replies":[{"embeddable":true,"href":"https:\/\/bettsun.com\/es\/wp-json\/wp\/v2\/comments?post=3257"}],"version-history":[{"count":2,"href":"https:\/\/bettsun.com\/es\/wp-json\/wp\/v2\/product\/3257\/revisions"}],"predecessor-version":[{"id":8264,"href":"https:\/\/bettsun.com\/es\/wp-json\/wp\/v2\/product\/3257\/revisions\/8264"}],"wp:featuredmedia":[{"embeddable":true,"href":"https:\/\/bettsun.com\/es\/wp-json\/wp\/v2\/media\/3217"}],"wp:attachment":[{"href":"https:\/\/bettsun.com\/es\/wp-json\/wp\/v2\/media?parent=3257"}],"wp:term":[{"taxonomy":"product_brand","embeddable":true,"href":"https:\/\/bettsun.com\/es\/wp-json\/wp\/v2\/product_brand?post=3257"},{"taxonomy":"product_cat","embeddable":true,"href":"https:\/\/bettsun.com\/es\/wp-json\/wp\/v2\/product_cat?post=3257"},{"taxonomy":"product_tag","embeddable":true,"href":"https:\/\/bettsun.com\/es\/wp-json\/wp\/v2\/product_tag?post=3257"}],"curies":[{"name":"wp","href":"https:\/\/api.w.org\/{rel}","templated":true}]}}