{"id":3500,"date":"2024-09-26T02:15:06","date_gmt":"2024-09-26T02:15:06","guid":{"rendered":"https:\/\/bettsun.com\/?post_type=product&#038;p=3500"},"modified":"2025-02-17T20:36:55","modified_gmt":"2025-02-17T20:36:55","slug":"inversor-trifasico-bettsun-4kw-48v","status":"publish","type":"product","link":"https:\/\/bettsun.com\/es\/productos\/inversor-trifasico-bettsun-4kw-48v\/","title":{"rendered":"Inversor trif\u00e1sico Bettsun 4KW 48V"},"content":{"rendered":"<p>El inversor de fase dividida Bettsun 4KW 48V cuenta con tecnolog\u00eda inteligente de fase dividida 120V\/240V, MPPT dual para un m\u00e1ximo aprovechamiento solar y es compatible con todo tipo de bater\u00edas. Tiene una alta tensi\u00f3n de entrada FV de hasta 450Vcc.<\/p>","protected":false},"excerpt":{"rendered":"<h3 data-start=\"542\" data-end=\"565\"><strong data-start=\"546\" data-end=\"563\">Caracter\u00edsticas principales:<\/strong><\/h3>\n<ul>\n<li data-start=\"566\" data-end=\"902\"><strong>Tecnolog\u00eda de fase dividida 120V\/240V:<\/strong> Garantiza una distribuci\u00f3n eficiente de la energ\u00eda para un rendimiento \u00f3ptimo.<\/li>\n<li data-start=\"566\" data-end=\"902\"><strong>Compatible con todos los tipos de bater\u00eda:<\/strong> Vers\u00e1til y funciona con varias tecnolog\u00edas de bater\u00eda.<\/li>\n<li data-start=\"566\" data-end=\"902\"><strong>Doble MPPT:<\/strong> Maximiza la conversi\u00f3n de energ\u00eda solar para una mayor eficiencia.<\/li>\n<li data-start=\"566\" data-end=\"902\"><strong>Alta tensi\u00f3n de entrada FV:<\/strong> Admite hasta 450 Vcc para una mayor compatibilidad con los paneles.<\/li>\n<\/ul>","protected":false},"featured_media":3215,"comment_status":"open","ping_status":"closed","template":"","meta":{"_acf_changed":false},"product_brand":[],"product_cat":[65,102],"product_tag":[],"class_list":{"0":"post-3500","1":"product","2":"type-product","3":"status-publish","4":"has-post-thumbnail","6":"product_cat-inverter","7":"product_cat-split-phase-inverter","9":"first","10":"instock","11":"shipping-taxable","12":"purchasable","13":"product-type-simple"},"acf":[],"_links":{"self":[{"href":"https:\/\/bettsun.com\/es\/wp-json\/wp\/v2\/product\/3500","targetHints":{"allow":["GET"]}}],"collection":[{"href":"https:\/\/bettsun.com\/es\/wp-json\/wp\/v2\/product"}],"about":[{"href":"https:\/\/bettsun.com\/es\/wp-json\/wp\/v2\/types\/product"}],"replies":[{"embeddable":true,"href":"https:\/\/bettsun.com\/es\/wp-json\/wp\/v2\/comments?post=3500"}],"version-history":[{"count":3,"href":"https:\/\/bettsun.com\/es\/wp-json\/wp\/v2\/product\/3500\/revisions"}],"predecessor-version":[{"id":8260,"href":"https:\/\/bettsun.com\/es\/wp-json\/wp\/v2\/product\/3500\/revisions\/8260"}],"wp:featuredmedia":[{"embeddable":true,"href":"https:\/\/bettsun.com\/es\/wp-json\/wp\/v2\/media\/3215"}],"wp:attachment":[{"href":"https:\/\/bettsun.com\/es\/wp-json\/wp\/v2\/media?parent=3500"}],"wp:term":[{"taxonomy":"product_brand","embeddable":true,"href":"https:\/\/bettsun.com\/es\/wp-json\/wp\/v2\/product_brand?post=3500"},{"taxonomy":"product_cat","embeddable":true,"href":"https:\/\/bettsun.com\/es\/wp-json\/wp\/v2\/product_cat?post=3500"},{"taxonomy":"product_tag","embeddable":true,"href":"https:\/\/bettsun.com\/es\/wp-json\/wp\/v2\/product_tag?post=3500"}],"curies":[{"name":"wp","href":"https:\/\/api.w.org\/{rel}","templated":true}]}}