{"id":3506,"date":"2024-09-26T02:26:47","date_gmt":"2024-09-26T02:26:47","guid":{"rendered":"https:\/\/bettsun.com\/?post_type=product&#038;p=3506"},"modified":"2025-02-17T20:30:41","modified_gmt":"2025-02-17T20:30:41","slug":"inversor-trifasico-bettsun-6kw-48v","status":"publish","type":"product","link":"https:\/\/bettsun.com\/es\/productos\/inversor-trifasico-bettsun-6kw-48v\/","title":{"rendered":"Inversor trif\u00e1sico Bettsun 6KW 48V"},"content":{"rendered":"<p>El inversor de fase dividida Bettsun 6KW 48V cuenta con tecnolog\u00eda inteligente de fase dividida 120V\/240V, MPPT dual para un m\u00e1ximo aprovechamiento solar y admite todo tipo de bater\u00edas. Tambi\u00e9n ofrece una alta tensi\u00f3n de entrada fotovoltaica de hasta 450 Vcc.<\/p>","protected":false},"excerpt":{"rendered":"<h3 data-start=\"550\" data-end=\"573\"><strong data-start=\"554\" data-end=\"571\">Caracter\u00edsticas principales:<\/strong><\/h3>\n<ul>\n<li data-start=\"574\" data-end=\"912\"><strong>Tecnolog\u00eda de fase dividida 120V\/240V:<\/strong> Dise\u00f1o inteligente para una distribuci\u00f3n eficiente de la energ\u00eda.<\/li>\n<li data-start=\"574\" data-end=\"912\"><strong>Compatible con todos los tipos de bater\u00eda:<\/strong> Funciona con varias tecnolog\u00edas de bater\u00eda para mayor flexibilidad.<\/li>\n<li data-start=\"574\" data-end=\"912\"><strong>Doble MPPT:<\/strong> Maximiza el aprovechamiento de la energ\u00eda solar para una mayor eficiencia.<\/li>\n<li data-start=\"574\" data-end=\"912\"><strong>Alta tensi\u00f3n de entrada FV:<\/strong> Soporta hasta 450Vdc para una mejor compatibilidad con paneles solares.<\/li>\n<\/ul>","protected":false},"featured_media":3215,"comment_status":"open","ping_status":"closed","template":"","meta":{"_acf_changed":false},"product_brand":[],"product_cat":[65,102],"product_tag":[],"class_list":{"0":"post-3506","1":"product","2":"type-product","3":"status-publish","4":"has-post-thumbnail","6":"product_cat-inverter","7":"product_cat-split-phase-inverter","9":"first","10":"instock","11":"shipping-taxable","12":"purchasable","13":"product-type-simple"},"acf":[],"_links":{"self":[{"href":"https:\/\/bettsun.com\/es\/wp-json\/wp\/v2\/product\/3506","targetHints":{"allow":["GET"]}}],"collection":[{"href":"https:\/\/bettsun.com\/es\/wp-json\/wp\/v2\/product"}],"about":[{"href":"https:\/\/bettsun.com\/es\/wp-json\/wp\/v2\/types\/product"}],"replies":[{"embeddable":true,"href":"https:\/\/bettsun.com\/es\/wp-json\/wp\/v2\/comments?post=3506"}],"version-history":[{"count":3,"href":"https:\/\/bettsun.com\/es\/wp-json\/wp\/v2\/product\/3506\/revisions"}],"predecessor-version":[{"id":8256,"href":"https:\/\/bettsun.com\/es\/wp-json\/wp\/v2\/product\/3506\/revisions\/8256"}],"wp:featuredmedia":[{"embeddable":true,"href":"https:\/\/bettsun.com\/es\/wp-json\/wp\/v2\/media\/3215"}],"wp:attachment":[{"href":"https:\/\/bettsun.com\/es\/wp-json\/wp\/v2\/media?parent=3506"}],"wp:term":[{"taxonomy":"product_brand","embeddable":true,"href":"https:\/\/bettsun.com\/es\/wp-json\/wp\/v2\/product_brand?post=3506"},{"taxonomy":"product_cat","embeddable":true,"href":"https:\/\/bettsun.com\/es\/wp-json\/wp\/v2\/product_cat?post=3506"},{"taxonomy":"product_tag","embeddable":true,"href":"https:\/\/bettsun.com\/es\/wp-json\/wp\/v2\/product_tag?post=3506"}],"curies":[{"name":"wp","href":"https:\/\/api.w.org\/{rel}","templated":true}]}}