{"id":3508,"date":"2024-09-26T02:41:05","date_gmt":"2024-09-26T02:41:05","guid":{"rendered":"https:\/\/bettsun.com\/?post_type=product&#038;p=3508"},"modified":"2025-02-17T20:26:49","modified_gmt":"2025-02-17T20:26:49","slug":"inversor-trifasico-bettsun-8kw","status":"publish","type":"product","link":"https:\/\/bettsun.com\/es\/productos\/inversor-trifasico-bettsun-8kw\/","title":{"rendered":"Inversor trif\u00e1sico Bettsun 8KW"},"content":{"rendered":"<p>El inversor trif\u00e1sico Bettsun 8KW viene con controladores MPPT duales que ofrecen una eficiencia de 99,9%, tecnolog\u00eda trif\u00e1sica inteligente de 120V\/240V y funcionalidad antirreflujo con un sensor CT externo.<\/p>","protected":false},"excerpt":{"rendered":"<h3 data-start=\"528\" data-end=\"551\"><strong data-start=\"532\" data-end=\"549\">Caracter\u00edsticas principales:<\/strong><\/h3>\n<ul>\n<li data-start=\"552\" data-end=\"976\"><strong>Reguladores solares MPPT dobles:<\/strong> Rendimiento del 99,9% para la m\u00e1xima conversi\u00f3n de energ\u00eda.<\/li>\n<li data-start=\"552\" data-end=\"976\"><strong>Tecnolog\u00eda trif\u00e1sica:<\/strong> Sistema inteligente de 120 V\/240 V para una distribuci\u00f3n \u00f3ptima de la energ\u00eda.<\/li>\n<li data-start=\"552\" data-end=\"976\"><strong>Funcionalidad antirreflujo:<\/strong> Con sensor de TC externo para mejorar la seguridad y la estabilidad de la red.<\/li>\n<li data-start=\"552\" data-end=\"976\"><strong>Alta potencia de salida:<\/strong> Capacidad de 8 kW adecuada para sistemas solares de mediana y gran escala.<\/li>\n<li data-start=\"552\" data-end=\"976\"><strong>Dise\u00f1o duradero:<\/strong> Fabricado para soportar condiciones duras, garantizando un rendimiento a largo plazo.<\/li>\n<\/ul>","protected":false},"featured_media":3215,"comment_status":"open","ping_status":"closed","template":"","meta":{"_acf_changed":false},"product_brand":[],"product_cat":[65],"product_tag":[],"class_list":{"0":"post-3508","1":"product","2":"type-product","3":"status-publish","4":"has-post-thumbnail","6":"product_cat-inverter","8":"first","9":"instock","10":"shipping-taxable","11":"purchasable","12":"product-type-simple"},"acf":[],"_links":{"self":[{"href":"https:\/\/bettsun.com\/es\/wp-json\/wp\/v2\/product\/3508","targetHints":{"allow":["GET"]}}],"collection":[{"href":"https:\/\/bettsun.com\/es\/wp-json\/wp\/v2\/product"}],"about":[{"href":"https:\/\/bettsun.com\/es\/wp-json\/wp\/v2\/types\/product"}],"replies":[{"embeddable":true,"href":"https:\/\/bettsun.com\/es\/wp-json\/wp\/v2\/comments?post=3508"}],"version-history":[{"count":3,"href":"https:\/\/bettsun.com\/es\/wp-json\/wp\/v2\/product\/3508\/revisions"}],"predecessor-version":[{"id":8254,"href":"https:\/\/bettsun.com\/es\/wp-json\/wp\/v2\/product\/3508\/revisions\/8254"}],"wp:featuredmedia":[{"embeddable":true,"href":"https:\/\/bettsun.com\/es\/wp-json\/wp\/v2\/media\/3215"}],"wp:attachment":[{"href":"https:\/\/bettsun.com\/es\/wp-json\/wp\/v2\/media?parent=3508"}],"wp:term":[{"taxonomy":"product_brand","embeddable":true,"href":"https:\/\/bettsun.com\/es\/wp-json\/wp\/v2\/product_brand?post=3508"},{"taxonomy":"product_cat","embeddable":true,"href":"https:\/\/bettsun.com\/es\/wp-json\/wp\/v2\/product_cat?post=3508"},{"taxonomy":"product_tag","embeddable":true,"href":"https:\/\/bettsun.com\/es\/wp-json\/wp\/v2\/product_tag?post=3508"}],"curies":[{"name":"wp","href":"https:\/\/api.w.org\/{rel}","templated":true}]}}