{"id":3515,"date":"2024-09-26T09:16:22","date_gmt":"2024-09-26T09:16:22","guid":{"rendered":"https:\/\/bettsun.com\/?post_type=product&#038;p=3515"},"modified":"2025-02-17T20:06:02","modified_gmt":"2025-02-17T20:06:02","slug":"120v-220v-ac-a-48v-30a-ac-dc-cargador-de-baterias-de-litio-de-plomo-aisladas","status":"publish","type":"product","link":"https:\/\/bettsun.com\/es\/productos\/120v-220v-ac-a-48v-30a-ac-dc-cargador-de-baterias-de-litio-de-plomo-aisladas\/","title":{"rendered":"Cargador de bater\u00edas de litio de 120 V\/220 V CA a 48 V 30 A CA-CC aislado"},"content":{"rendered":"<p>El cargador de bater\u00edas de CA a 48 V proporciona hasta 30 A con una entrada de 80-260 V y eficiencia energ\u00e9tica 95%. Ideal para bater\u00edas de plomo y litio, con un grado de impermeabilidad IP68.<\/p>","protected":false},"excerpt":{"rendered":"<p><strong>Caracter\u00edsticas principales:<\/strong><\/p>\n<ul>\n<li><strong>Cargador de bater\u00eda de CA a 48 V:<\/strong> Compatible con bater\u00edas de plomo y litio.<\/li>\n<li><strong>Alta corriente de salida:<\/strong> Proporciona hasta 30 A de carga r\u00e1pida.<\/li>\n<li><strong>Entrada CA ancha:<\/strong> Compatible con 80-260 V para un uso vers\u00e1til.<\/li>\n<li><strong>Eficiencia energ\u00e9tica:<\/strong> Alcanza una eficiencia de hasta 95% para reducir la p\u00e9rdida de potencia.<\/li>\n<li><strong>Dise\u00f1o impermeable:<\/strong> Certificaci\u00f3n IP68 para una mayor durabilidad en entornos dif\u00edciles.<\/li>\n<\/ul>","protected":false},"featured_media":2905,"comment_status":"open","ping_status":"closed","template":"","meta":{"_acf_changed":false},"product_brand":[],"product_cat":[69],"product_tag":[],"class_list":{"0":"post-3515","1":"product","2":"type-product","3":"status-publish","4":"has-post-thumbnail","6":"product_cat-charger","8":"first","9":"instock","10":"shipping-taxable","11":"purchasable","12":"product-type-simple"},"acf":[],"_links":{"self":[{"href":"https:\/\/bettsun.com\/es\/wp-json\/wp\/v2\/product\/3515","targetHints":{"allow":["GET"]}}],"collection":[{"href":"https:\/\/bettsun.com\/es\/wp-json\/wp\/v2\/product"}],"about":[{"href":"https:\/\/bettsun.com\/es\/wp-json\/wp\/v2\/types\/product"}],"replies":[{"embeddable":true,"href":"https:\/\/bettsun.com\/es\/wp-json\/wp\/v2\/comments?post=3515"}],"version-history":[{"count":4,"href":"https:\/\/bettsun.com\/es\/wp-json\/wp\/v2\/product\/3515\/revisions"}],"predecessor-version":[{"id":8248,"href":"https:\/\/bettsun.com\/es\/wp-json\/wp\/v2\/product\/3515\/revisions\/8248"}],"wp:featuredmedia":[{"embeddable":true,"href":"https:\/\/bettsun.com\/es\/wp-json\/wp\/v2\/media\/2905"}],"wp:attachment":[{"href":"https:\/\/bettsun.com\/es\/wp-json\/wp\/v2\/media?parent=3515"}],"wp:term":[{"taxonomy":"product_brand","embeddable":true,"href":"https:\/\/bettsun.com\/es\/wp-json\/wp\/v2\/product_brand?post=3515"},{"taxonomy":"product_cat","embeddable":true,"href":"https:\/\/bettsun.com\/es\/wp-json\/wp\/v2\/product_cat?post=3515"},{"taxonomy":"product_tag","embeddable":true,"href":"https:\/\/bettsun.com\/es\/wp-json\/wp\/v2\/product_tag?post=3515"}],"curies":[{"name":"wp","href":"https:\/\/api.w.org\/{rel}","templated":true}]}}