{"id":3546,"date":"2024-09-28T03:28:13","date_gmt":"2024-09-28T03:28:13","guid":{"rendered":"https:\/\/bettsun.com\/?post_type=product&#038;p=3546"},"modified":"2025-02-17T20:06:57","modified_gmt":"2025-02-17T20:06:57","slug":"convertidor-reductor-solar-de-cc-para-aparatos-de-12v-cc","status":"publish","type":"product","link":"https:\/\/bettsun.com\/es\/productos\/convertidor-reductor-solar-de-cc-para-aparatos-de-12v-cc\/","title":{"rendered":"Convertidor reductor CC-CC solar para aparatos de 12 V CC"},"content":{"rendered":"<p>El convertidor CC-CC solar proporciona hasta 80 A con una salida estable de 13,5 V para aparatos de 12 V. Carcasa IP68 totalmente sellada, con certificaci\u00f3n CE y ROHS para una mayor durabilidad.<\/p>","protected":false},"excerpt":{"rendered":"<p><strong>Caracter\u00edsticas principales:<\/strong><\/p>\n<ul>\n<li><strong>Convertidor DC-DC solar:<\/strong> Proporciona una salida estable de 13,5 V para aparatos de 12 V.<\/li>\n<li><strong>Seguridad certificada:<\/strong> Certificado CE y ROHS para un funcionamiento seguro y eficiente.<\/li>\n<li><strong>Carcasa duradera:<\/strong> Dise\u00f1o totalmente sellado con clasificaci\u00f3n IP68 para protecci\u00f3n contra el agua y el polvo.<\/li>\n<li><strong>Alta corriente de salida:<\/strong> Proporciona hasta 80 A para aplicaciones de alta potencia.<\/li>\n<\/ul>","protected":false},"featured_media":3550,"comment_status":"open","ping_status":"closed","template":"","meta":{"_acf_changed":false},"product_brand":[],"product_cat":[73,76],"product_tag":[],"class_list":{"0":"post-3546","1":"product","2":"type-product","3":"status-publish","4":"has-post-thumbnail","6":"product_cat-converter","7":"product_cat-solar-converter","9":"first","10":"instock","11":"shipping-taxable","12":"purchasable","13":"product-type-simple"},"acf":[],"_links":{"self":[{"href":"https:\/\/bettsun.com\/es\/wp-json\/wp\/v2\/product\/3546","targetHints":{"allow":["GET"]}}],"collection":[{"href":"https:\/\/bettsun.com\/es\/wp-json\/wp\/v2\/product"}],"about":[{"href":"https:\/\/bettsun.com\/es\/wp-json\/wp\/v2\/types\/product"}],"replies":[{"embeddable":true,"href":"https:\/\/bettsun.com\/es\/wp-json\/wp\/v2\/comments?post=3546"}],"version-history":[{"count":3,"href":"https:\/\/bettsun.com\/es\/wp-json\/wp\/v2\/product\/3546\/revisions"}],"predecessor-version":[{"id":8247,"href":"https:\/\/bettsun.com\/es\/wp-json\/wp\/v2\/product\/3546\/revisions\/8247"}],"wp:featuredmedia":[{"embeddable":true,"href":"https:\/\/bettsun.com\/es\/wp-json\/wp\/v2\/media\/3550"}],"wp:attachment":[{"href":"https:\/\/bettsun.com\/es\/wp-json\/wp\/v2\/media?parent=3546"}],"wp:term":[{"taxonomy":"product_brand","embeddable":true,"href":"https:\/\/bettsun.com\/es\/wp-json\/wp\/v2\/product_brand?post=3546"},{"taxonomy":"product_cat","embeddable":true,"href":"https:\/\/bettsun.com\/es\/wp-json\/wp\/v2\/product_cat?post=3546"},{"taxonomy":"product_tag","embeddable":true,"href":"https:\/\/bettsun.com\/es\/wp-json\/wp\/v2\/product_tag?post=3546"}],"curies":[{"name":"wp","href":"https:\/\/api.w.org\/{rel}","templated":true}]}}