{"id":3552,"date":"2024-09-28T03:36:00","date_gmt":"2024-09-28T03:36:00","guid":{"rendered":"https:\/\/bettsun.com\/?post_type=product&#038;p=3552"},"modified":"2025-02-17T20:03:46","modified_gmt":"2025-02-17T20:03:46","slug":"convertidor-reductor-solar-de-c-c-para-aparatos-de-c-c-de-24v","status":"publish","type":"product","link":"https:\/\/bettsun.com\/es\/productos\/convertidor-reductor-solar-de-c-c-para-aparatos-de-c-c-de-24v\/","title":{"rendered":"Convertidor reductor CC-CC solar para aparatos de 24 V CC"},"content":{"rendered":"<p>El convertidor reductor CC-CC solar proporciona hasta 100 A con una salida estable de 27 V para aparatos de 24 V. Carcasa IP68 totalmente sellada, con certificaci\u00f3n CE y ROHS para una mayor durabilidad.<\/p>","protected":false},"excerpt":{"rendered":"<h3 data-start=\"479\" data-end=\"502\"><strong data-start=\"483\" data-end=\"500\">Caracter\u00edsticas principales:<\/strong><\/h3>\n<ul>\n<li><strong>Convertidor reductor CC-CC solar:<\/strong> Proporciona una salida estable de 27 V para aparatos de 24 V.<\/li>\n<li><strong>Seguridad certificada:<\/strong> Certificado CE y ROHS para un funcionamiento seguro y eficiente.<\/li>\n<li><strong>Carcasa duradera:<\/strong> Dise\u00f1o totalmente sellado con clasificaci\u00f3n IP68 para protecci\u00f3n contra el agua y el polvo.<\/li>\n<li><strong>Alta corriente de salida:<\/strong> Suministra hasta 100 A para aplicaciones de alta potencia.<\/li>\n<\/ul>","protected":false},"featured_media":3550,"comment_status":"open","ping_status":"closed","template":"","meta":{"_acf_changed":false},"product_brand":[],"product_cat":[73,76],"product_tag":[],"class_list":{"0":"post-3552","1":"product","2":"type-product","3":"status-publish","4":"has-post-thumbnail","6":"product_cat-converter","7":"product_cat-solar-converter","9":"first","10":"instock","11":"shipping-taxable","12":"purchasable","13":"product-type-simple"},"acf":[],"_links":{"self":[{"href":"https:\/\/bettsun.com\/es\/wp-json\/wp\/v2\/product\/3552","targetHints":{"allow":["GET"]}}],"collection":[{"href":"https:\/\/bettsun.com\/es\/wp-json\/wp\/v2\/product"}],"about":[{"href":"https:\/\/bettsun.com\/es\/wp-json\/wp\/v2\/types\/product"}],"replies":[{"embeddable":true,"href":"https:\/\/bettsun.com\/es\/wp-json\/wp\/v2\/comments?post=3552"}],"version-history":[{"count":3,"href":"https:\/\/bettsun.com\/es\/wp-json\/wp\/v2\/product\/3552\/revisions"}],"predecessor-version":[{"id":8246,"href":"https:\/\/bettsun.com\/es\/wp-json\/wp\/v2\/product\/3552\/revisions\/8246"}],"wp:featuredmedia":[{"embeddable":true,"href":"https:\/\/bettsun.com\/es\/wp-json\/wp\/v2\/media\/3550"}],"wp:attachment":[{"href":"https:\/\/bettsun.com\/es\/wp-json\/wp\/v2\/media?parent=3552"}],"wp:term":[{"taxonomy":"product_brand","embeddable":true,"href":"https:\/\/bettsun.com\/es\/wp-json\/wp\/v2\/product_brand?post=3552"},{"taxonomy":"product_cat","embeddable":true,"href":"https:\/\/bettsun.com\/es\/wp-json\/wp\/v2\/product_cat?post=3552"},{"taxonomy":"product_tag","embeddable":true,"href":"https:\/\/bettsun.com\/es\/wp-json\/wp\/v2\/product_tag?post=3552"}],"curies":[{"name":"wp","href":"https:\/\/api.w.org\/{rel}","templated":true}]}}