{"id":3562,"date":"2024-09-28T03:56:43","date_gmt":"2024-09-28T03:56:43","guid":{"rendered":"https:\/\/bettsun.com\/?post_type=product&#038;p=3562"},"modified":"2025-02-17T17:51:52","modified_gmt":"2025-02-17T17:51:52","slug":"rv-150a-convertidor-de-cc-para-aparatos-de-12v","status":"publish","type":"product","link":"https:\/\/bettsun.com\/es\/productos\/rv-150a-convertidor-de-cc-para-aparatos-de-12v\/","title":{"rendered":"Convertidor CC-CC RV 150A para aparatos de 12 V"},"content":{"rendered":"<p>El duradero convertidor CC-CC RV 150A proporciona una salida estable de 13,5 V con una corriente de 150 A, protecci\u00f3n IP68 y certificaci\u00f3n CE y ROHS para una alimentaci\u00f3n fiable de 12 V de los aparatos.<\/p>","protected":false},"excerpt":{"rendered":"<p data-start=\"120\" data-end=\"139\"><strong data-start=\"120\" data-end=\"137\">Caracter\u00edsticas principales:<\/strong><\/p>\n<ul data-start=\"140\" data-end=\"358\">\n<li data-start=\"140\" data-end=\"201\"><strong data-start=\"142\" data-end=\"165\">Certificado CE y ROHS<\/strong> para garantizar la seguridad y la calidad.<\/li>\n<li data-start=\"202\" data-end=\"260\"><strong data-start=\"204\" data-end=\"232\">Totalmente sellado, clasificaci\u00f3n IP68<\/strong> para una mayor durabilidad.<\/li>\n<li data-start=\"261\" data-end=\"304\"><strong data-start=\"263\" data-end=\"286\">Suministra hasta 150 A<\/strong> corriente de salida.<\/li>\n<li data-start=\"305\" data-end=\"358\"><strong data-start=\"307\" data-end=\"330\">Salida estable de 13,5 V<\/strong> para un rendimiento fiable.<\/li>\n<\/ul>","protected":false},"featured_media":3559,"comment_status":"open","ping_status":"closed","template":"","meta":{"_acf_changed":false},"product_brand":[],"product_cat":[73,74],"product_tag":[],"class_list":{"0":"post-3562","1":"product","2":"type-product","3":"status-publish","4":"has-post-thumbnail","6":"product_cat-converter","7":"product_cat-rv-converter","9":"first","10":"instock","11":"shipping-taxable","12":"purchasable","13":"product-type-simple"},"acf":[],"_links":{"self":[{"href":"https:\/\/bettsun.com\/es\/wp-json\/wp\/v2\/product\/3562","targetHints":{"allow":["GET"]}}],"collection":[{"href":"https:\/\/bettsun.com\/es\/wp-json\/wp\/v2\/product"}],"about":[{"href":"https:\/\/bettsun.com\/es\/wp-json\/wp\/v2\/types\/product"}],"replies":[{"embeddable":true,"href":"https:\/\/bettsun.com\/es\/wp-json\/wp\/v2\/comments?post=3562"}],"version-history":[{"count":2,"href":"https:\/\/bettsun.com\/es\/wp-json\/wp\/v2\/product\/3562\/revisions"}],"predecessor-version":[{"id":8234,"href":"https:\/\/bettsun.com\/es\/wp-json\/wp\/v2\/product\/3562\/revisions\/8234"}],"wp:featuredmedia":[{"embeddable":true,"href":"https:\/\/bettsun.com\/es\/wp-json\/wp\/v2\/media\/3559"}],"wp:attachment":[{"href":"https:\/\/bettsun.com\/es\/wp-json\/wp\/v2\/media?parent=3562"}],"wp:term":[{"taxonomy":"product_brand","embeddable":true,"href":"https:\/\/bettsun.com\/es\/wp-json\/wp\/v2\/product_brand?post=3562"},{"taxonomy":"product_cat","embeddable":true,"href":"https:\/\/bettsun.com\/es\/wp-json\/wp\/v2\/product_cat?post=3562"},{"taxonomy":"product_tag","embeddable":true,"href":"https:\/\/bettsun.com\/es\/wp-json\/wp\/v2\/product_tag?post=3562"}],"curies":[{"name":"wp","href":"https:\/\/api.w.org\/{rel}","templated":true}]}}