{"id":2004,"date":"2024-09-10T23:36:44","date_gmt":"2024-09-10T23:36:44","guid":{"rendered":"https:\/\/bettsun.com\/?page_id=2004"},"modified":"2024-09-10T23:42:40","modified_gmt":"2024-09-10T23:42:40","slug":"politique-de-confidentialite","status":"publish","type":"page","link":"https:\/\/bettsun.com\/fr\/politique-de-confidentialite\/","title":{"rendered":"Politique de confidentialit\u00e9"},"content":{"rendered":"<div data-elementor-type=\"wp-page\" data-elementor-id=\"2004\" class=\"elementor elementor-2004\" data-elementor-post-type=\"page\">\n\t\t\t\t<div class=\"elementor-element elementor-element-095c320 e-flex e-con-boxed e-con e-parent\" data-id=\"095c320\" data-element_type=\"container\" data-e-type=\"container\" data-settings=\"{&quot;background_background&quot;:&quot;classic&quot;}\">\n\t\t\t\t\t<div class=\"e-con-inner\">\n\t\t\t\t<div class=\"elementor-element elementor-element-d099dc0 elementor-widget elementor-widget-woocommerce-breadcrumb\" data-id=\"d099dc0\" data-element_type=\"widget\" data-e-type=\"widget\" data-widget_type=\"woocommerce-breadcrumb.default\">\n\t\t\t\t<div class=\"elementor-widget-container\">\n\t\t\t\t\t<nav class=\"woocommerce-breadcrumb\" aria-label=\"Breadcrumb\" data-no-translation=\"\" data-trp-gettext=\"\">Accueil<\/nav>\t\t\t\t<\/div>\n\t\t\t\t<\/div>\n\t\t\t\t<div class=\"elementor-element elementor-element-b779177 elementor-widget elementor-widget-heading\" data-id=\"b779177\" data-element_type=\"widget\" data-e-type=\"widget\" data-widget_type=\"heading.default\">\n\t\t\t\t<div class=\"elementor-widget-container\">\n\t\t\t\t\t<h2 class=\"elementor-heading-title elementor-size-default\">Politique de confidentialit\u00e9<\/h2>\t\t\t\t<\/div>\n\t\t\t\t<\/div>\n\t\t\t\t\t<\/div>\n\t\t\t\t<\/div>\n\t\t<div class=\"elementor-element elementor-element-341e52cf e-flex e-con-boxed e-con e-parent\" data-id=\"341e52cf\" data-element_type=\"container\" data-e-type=\"container\">\n\t\t\t\t\t<div class=\"e-con-inner\">\n\t\t\t\t<div class=\"elementor-element elementor-element-14fd42aa elementor-widget elementor-widget-text-editor\" data-id=\"14fd42aa\" data-element_type=\"widget\" data-e-type=\"widget\" data-widget_type=\"text-editor.default\">\n\t\t\t\t<div class=\"elementor-widget-container\">\n\t\t\t\t\t\t\t\t\t\n<p><strong>Date d'entr\u00e9e en vigueur : Date du jour<\/strong><\/p>\n\n\n\n<p>Bienvenue \u00e0 BettSun ! Nous nous engageons \u00e0 prot\u00e9ger votre vie priv\u00e9e. La pr\u00e9sente politique de confidentialit\u00e9 d\u00e9crit la mani\u00e8re dont nous recueillons, utilisons, prot\u00e9geons et divulguons les informations obtenues aupr\u00e8s des utilisateurs du site web de BettSun, situ\u00e9 \u00e0 l'adresse suivante <a href=\"https:\/\/bettsun.com\/fr\/\">www.bettsun.com<\/a>.<\/p>\n\n\n\n<p><strong>1. Collecte d'informations<\/strong> Nous recueillons les informations que vous nous fournissez directement lorsque vous vous inscrivez sur notre site, passez une commande, vous abonnez \u00e0 notre bulletin d'information, r\u00e9pondez \u00e0 une enqu\u00eate, remplissez un formulaire ou communiquez avec nous. Il peut s'agir de votre nom, de votre adresse \u00e9lectronique, de votre adresse postale, de votre num\u00e9ro de t\u00e9l\u00e9phone et de vos informations financi\u00e8res.<\/p>\n\n\n\n<p><strong>2. Utilisation des informations<\/strong> Les informations que nous recueillons aupr\u00e8s de vous peuvent \u00eatre utilis\u00e9es de l'une des mani\u00e8res suivantes :<\/p>\n\n\n\n<ul class=\"wp-block-list\">\n<li>Pour personnaliser votre exp\u00e9rience<\/li>\n\n\n\n<li>Am\u00e9liorer notre site web<\/li>\n\n\n\n<li>Traiter les transactions<\/li>\n\n\n\n<li>Envoyer des courriels p\u00e9riodiques concernant votre commande ou d'autres produits et services<\/li>\n<\/ul>\n\n\n\n<p><strong>3. Protection de l'information<\/strong> Nous mettons en \u0153uvre diverses mesures de s\u00e9curit\u00e9 pour pr\u00e9server la s\u00e9curit\u00e9 de vos informations personnelles lorsque vous passez une commande ou lorsque vous entrez, soumettez ou acc\u00e9dez \u00e0 vos informations personnelles.<\/p>\n\n\n\n<p><strong>4. Divulgation d'informations<\/strong> Nous ne vendons pas, n'\u00e9changeons pas et ne transf\u00e9rons pas de quelque mani\u00e8re que ce soit \u00e0 des tiers vos informations personnelles identifiables. Cela n'inclut pas les tiers de confiance qui nous aident \u00e0 exploiter notre site web, \u00e0 mener nos activit\u00e9s ou \u00e0 vous servir, pour autant que ces parties acceptent de garder ces informations confidentielles.<\/p>\n\n\n\n<p><strong>5. Liens avec des tiers<\/strong> Occasionnellement, \u00e0 notre discr\u00e9tion, nous pouvons inclure ou offrir des produits ou services de tiers sur notre site web. Ces sites tiers ont des politiques de confidentialit\u00e9 distinctes et ind\u00e9pendantes. Nous ne sommes donc pas responsables du contenu et des activit\u00e9s de ces sites.<\/p>\n\n\n\n<p><strong>6. Cookies<\/strong> Notre site web peut utiliser des \"cookies\" pour am\u00e9liorer l'exp\u00e9rience de l'utilisateur. Vous pouvez choisir de faire en sorte que votre ordinateur vous avertisse chaque fois qu'un cookie est envoy\u00e9, ou vous pouvez choisir de d\u00e9sactiver tous les cookies via les param\u00e8tres de votre navigateur.<\/p>\n\n\n\n<p><strong>7. Consentement<\/strong> En utilisant notre site, vous acceptez la politique de confidentialit\u00e9 de notre site.<\/p>\n\n\n\n<p><strong>8. Modifications de notre politique de confidentialit\u00e9<\/strong> Si nous d\u00e9cidons de modifier notre politique de confidentialit\u00e9, nous publierons ces changements sur cette page et\/ou mettrons \u00e0 jour la date de modification de la politique de confidentialit\u00e9 indiqu\u00e9e ci-dessus.<\/p>\n\n\n\n<p><strong>9. Nous contacter<\/strong> Si vous avez des questions concernant cette politique de confidentialit\u00e9, vous pouvez nous contacter en utilisant les informations ci-dessous :<\/p>\n\n\n\n<ul class=\"wp-block-list\">\n<li>Courriel : <a>contact@bettsun.com<\/a><\/li>\n\n\n\n<li>T\u00e9l\u00e9phone : +123 456 7890 +123 456 7890<\/li>\n\n\n\n<li>Adresse : 123 Energy Drive, Parc de l'innovation<\/li>\n<\/ul>\n\t\t\t\t\t\t\t\t<\/div>\n\t\t\t\t<\/div>\n\t\t\t\t\t<\/div>\n\t\t\t\t<\/div>\n\t\t\t\t<\/div>","protected":false},"excerpt":{"rendered":"<p>Privacy Policy Effective Date: Today&#8217;s Date Welcome to BettSun! We are committed to protecting your privacy. This Privacy Policy outlines how we collect, use, protect, and disclose information obtained from users of the BettSun website located at www.bettsun.com. 1. Information Collection We collect information that you provide directly to us when you register on our [&hellip;]<\/p>\n","protected":false},"author":2,"featured_media":0,"parent":0,"menu_order":0,"comment_status":"closed","ping_status":"closed","template":"","meta":{"_acf_changed":false,"footnotes":""},"class_list":["post-2004","page","type-page","status-publish","hentry"],"acf":[],"_links":{"self":[{"href":"https:\/\/bettsun.com\/fr\/wp-json\/wp\/v2\/pages\/2004","targetHints":{"allow":["GET"]}}],"collection":[{"href":"https:\/\/bettsun.com\/fr\/wp-json\/wp\/v2\/pages"}],"about":[{"href":"https:\/\/bettsun.com\/fr\/wp-json\/wp\/v2\/types\/page"}],"author":[{"embeddable":true,"href":"https:\/\/bettsun.com\/fr\/wp-json\/wp\/v2\/users\/2"}],"replies":[{"embeddable":true,"href":"https:\/\/bettsun.com\/fr\/wp-json\/wp\/v2\/comments?post=2004"}],"version-history":[{"count":0,"href":"https:\/\/bettsun.com\/fr\/wp-json\/wp\/v2\/pages\/2004\/revisions"}],"wp:attachment":[{"href":"https:\/\/bettsun.com\/fr\/wp-json\/wp\/v2\/media?parent=2004"}],"curies":[{"name":"wp","href":"https:\/\/api.w.org\/{rel}","templated":true}]}}