{"id":2007,"date":"2024-09-10T23:40:38","date_gmt":"2024-09-10T23:40:38","guid":{"rendered":"https:\/\/bettsun.com\/?page_id=2007"},"modified":"2024-09-10T23:44:31","modified_gmt":"2024-09-10T23:44:31","slug":"conditions-generales","status":"publish","type":"page","link":"https:\/\/bettsun.com\/fr\/conditions-generales\/","title":{"rendered":"Conditions g\u00e9n\u00e9rales d'utilisation"},"content":{"rendered":"<div data-elementor-type=\"wp-page\" data-elementor-id=\"2007\" class=\"elementor elementor-2007\" data-elementor-post-type=\"page\">\n\t\t\t\t<div class=\"elementor-element elementor-element-af56cb6 e-flex e-con-boxed e-con e-parent\" data-id=\"af56cb6\" data-element_type=\"container\" data-e-type=\"container\" data-settings=\"{&quot;background_background&quot;:&quot;classic&quot;}\">\n\t\t\t\t\t<div class=\"e-con-inner\">\n\t\t\t\t<div class=\"elementor-element elementor-element-1da980f elementor-widget elementor-widget-woocommerce-breadcrumb\" data-id=\"1da980f\" data-element_type=\"widget\" data-e-type=\"widget\" data-widget_type=\"woocommerce-breadcrumb.default\">\n\t\t\t\t<div class=\"elementor-widget-container\">\n\t\t\t\t\t<nav class=\"woocommerce-breadcrumb\" aria-label=\"Breadcrumb\" data-no-translation=\"\" data-trp-gettext=\"\">Accueil<\/nav>\t\t\t\t<\/div>\n\t\t\t\t<\/div>\n\t\t\t\t<div class=\"elementor-element elementor-element-186b415 elementor-widget elementor-widget-heading\" data-id=\"186b415\" data-element_type=\"widget\" data-e-type=\"widget\" data-widget_type=\"heading.default\">\n\t\t\t\t<div class=\"elementor-widget-container\">\n\t\t\t\t\t<h2 class=\"elementor-heading-title elementor-size-default\">Conditions g\u00e9n\u00e9rales d'utilisation<\/h2>\t\t\t\t<\/div>\n\t\t\t\t<\/div>\n\t\t\t\t\t<\/div>\n\t\t\t\t<\/div>\n\t\t<div class=\"elementor-element elementor-element-1b130f16 e-flex e-con-boxed e-con e-parent\" data-id=\"1b130f16\" data-element_type=\"container\" data-e-type=\"container\">\n\t\t\t\t\t<div class=\"e-con-inner\">\n\t\t\t\t<div class=\"elementor-element elementor-element-6758dfdb elementor-widget elementor-widget-text-editor\" data-id=\"6758dfdb\" data-element_type=\"widget\" data-e-type=\"widget\" data-widget_type=\"text-editor.default\">\n\t\t\t\t<div class=\"elementor-widget-container\">\n\t\t\t\t\t\t\t\t\t\n<p><strong>Bienvenue \u00e0 BettSun !<\/strong><\/p>\n\n\n\n<p>Les pr\u00e9sentes conditions g\u00e9n\u00e9rales d\u00e9finissent les r\u00e8gles d'utilisation du site web de BettSun, situ\u00e9 \u00e0 l'adresse suivante <a href=\"https:\/\/bettsun.com\/fr\/\">www.bettsun.com<\/a>.<\/p>\n\n\n\n<p>En acc\u00e9dant \u00e0 ce site web, nous supposons que vous acceptez ces termes et conditions. Ne continuez pas \u00e0 utiliser BettSun si vous n'acceptez pas tous les termes et conditions \u00e9nonc\u00e9s sur cette page.<\/p>\n\n\n\n<p><strong>1. Licence<\/strong> Sauf indication contraire, BettSun et\/ou ses conc\u00e9dants de licence d\u00e9tiennent les droits de propri\u00e9t\u00e9 intellectuelle pour l'ensemble du contenu de BettSun. Tous les droits de propri\u00e9t\u00e9 intellectuelle sont r\u00e9serv\u00e9s. Vous pouvez acc\u00e9der au contenu de BettSun pour votre usage personnel, sous r\u00e9serve des restrictions \u00e9nonc\u00e9es dans les pr\u00e9sentes conditions g\u00e9n\u00e9rales.<\/p>\n\n\n\n<p><strong>2. Vous ne devez pas :<\/strong><\/p>\n\n\n\n<ul class=\"wp-block-list\">\n<li>Reproduire le mat\u00e9riel de BettSun<\/li>\n\n\n\n<li>Vendre, louer ou conc\u00e9der des sous-licences sur le mat\u00e9riel de BettSun<\/li>\n\n\n\n<li>Reproduire, dupliquer ou copier du mat\u00e9riel de BettSun<\/li>\n\n\n\n<li>Redistribuer le contenu de BettSun<\/li>\n<\/ul>\n\n\n\n<p><strong>3. Commentaires des utilisateurs<\/strong><\/p>\n\n\n\n<ul class=\"wp-block-list\">\n<li>Le pr\u00e9sent accord prend effet \u00e0 sa date.<\/li>\n\n\n\n<li>Certaines parties de ce site Web offrent aux utilisateurs la possibilit\u00e9 de publier et d'\u00e9changer des opinions et des informations. BettSun ne filtre pas, n'\u00e9dite pas, ne publie pas et ne r\u00e9vise pas les commentaires avant qu'ils ne soient publi\u00e9s sur le site web. Les commentaires ne refl\u00e8tent pas les points de vue et les opinions de BettSun, de ses agents ou de ses affili\u00e9s. Les commentaires refl\u00e8tent les points de vue et les opinions de la personne qui les a publi\u00e9s. Dans la mesure o\u00f9 les lois applicables le permettent, BettSun ne peut \u00eatre tenue responsable des commentaires ou de toute responsabilit\u00e9, dommage ou d\u00e9pense caus\u00e9(e) et\/ou subi(e) \u00e0 la suite de l'utilisation et\/ou de la publication et\/ou de l'apparition des commentaires sur ce site web.<\/li>\n<\/ul>\n\n\n\n<p><strong>4. Hyperliens vers notre contenu<\/strong><\/p>\n\n\n\n<ul class=\"wp-block-list\">\n<li>Les organisations peuvent \u00e9tablir un lien avec notre page d'accueil, nos publications ou d'autres informations du site web, \u00e0 condition que le lien ne soit pas trompeur : (a) ne soit en aucun cas trompeur ; (b) n'implique pas faussement le parrainage, l'approbation ou le soutien de la partie qui \u00e9tablit le lien et de ses produits et\/ou services ; et (c) s'inscrive dans le contexte du site de la partie qui \u00e9tablit le lien.<\/li>\n<\/ul>\n\n\n\n<p><strong>5. Responsabilit\u00e9 du contenu<\/strong> Nous ne pouvons \u00eatre tenus responsables du contenu qui appara\u00eet sur votre site web. Vous acceptez de nous prot\u00e9ger et de nous d\u00e9fendre contre toutes les r\u00e9clamations qui s'\u00e9l\u00e8vent sur votre site web. Aucun lien ne doit appara\u00eetre sur un site web qui pourrait \u00eatre interpr\u00e9t\u00e9 comme diffamatoire, obsc\u00e8ne ou criminel, ou qui enfreint, viole ou pr\u00e9conise l'enfreinte ou la violation des droits d'un tiers.<\/p>\n\n\n\n<p><strong>6. R\u00e9serve de droits<\/strong> Nous nous r\u00e9servons le droit de vous demander de supprimer tous les liens ou un lien particulier vers notre site web. Vous acceptez de supprimer imm\u00e9diatement tous les liens vers notre site web sur demande. Nous nous r\u00e9servons \u00e9galement le droit de modifier \u00e0 tout moment les pr\u00e9sentes conditions g\u00e9n\u00e9rales et la politique en mati\u00e8re de liens. En continuant \u00e0 \u00e9tablir des liens vers notre site web, vous acceptez d'\u00eatre li\u00e9 par les pr\u00e9sentes conditions g\u00e9n\u00e9rales et de les respecter.<\/p>\n\n\n\n<p><strong>7. Suppression de liens sur notre site web<\/strong> Si vous trouvez un lien sur notre site web qui est offensant pour quelque raison que ce soit, vous \u00eates libre de nous contacter et de nous en informer \u00e0 tout moment. Nous examinerons les demandes de suppression de liens, mais nous ne sommes pas oblig\u00e9s de le faire ou de vous r\u00e9pondre directement.<\/p>\n\n\n\n<p><strong>8. Clause de non-responsabilit\u00e9<\/strong><\/p>\n\n\n\n<ul class=\"wp-block-list\">\n<li>Les informations contenues dans ce site sont fournies \"en l'\u00e9tat\", avec tous les d\u00e9fauts, et BettSun ne fait aucune d\u00e9claration ou garantie expresse ou implicite, de quelque nature que ce soit, concernant ce site ou les documents qu'il contient. En outre, aucune information contenue sur ce site web ne peut \u00eatre interpr\u00e9t\u00e9e comme un conseil ou une consultation.<\/li>\n<\/ul>\n\n\n\n<p><strong>Nous contacter<\/strong> Si vous avez des questions concernant les pr\u00e9sentes conditions g\u00e9n\u00e9rales, vous pouvez nous contacter \u00e0 l'adresse suivante :<\/p>\n\n\n\n<ul class=\"wp-block-list\">\n<li>Courriel : <a>contact@bettsun.com<\/a><\/li>\n\n\n\n<li>T\u00e9l\u00e9phone : +123 456 7890 +123 456 7890<\/li>\n\n\n\n<li>Adresse : 123 Energy Drive, Parc de l'innovation<\/li>\n<\/ul>\n\t\t\t\t\t\t\t\t<\/div>\n\t\t\t\t<\/div>\n\t\t\t\t\t<\/div>\n\t\t\t\t<\/div>\n\t\t\t\t<\/div>","protected":false},"excerpt":{"rendered":"<p>Terms &#038; Conditions Welcome to BettSun! These terms and conditions outline the rules and regulations for the use of BettSun&#8217;s Website, located at www.bettsun.com. By accessing this website we assume you accept these terms and conditions. Do not continue to use BettSun if you do not agree to take all of the terms and conditions [&hellip;]<\/p>\n","protected":false},"author":2,"featured_media":0,"parent":0,"menu_order":0,"comment_status":"closed","ping_status":"closed","template":"","meta":{"_acf_changed":false,"footnotes":""},"class_list":["post-2007","page","type-page","status-publish","hentry"],"acf":[],"_links":{"self":[{"href":"https:\/\/bettsun.com\/fr\/wp-json\/wp\/v2\/pages\/2007","targetHints":{"allow":["GET"]}}],"collection":[{"href":"https:\/\/bettsun.com\/fr\/wp-json\/wp\/v2\/pages"}],"about":[{"href":"https:\/\/bettsun.com\/fr\/wp-json\/wp\/v2\/types\/page"}],"author":[{"embeddable":true,"href":"https:\/\/bettsun.com\/fr\/wp-json\/wp\/v2\/users\/2"}],"replies":[{"embeddable":true,"href":"https:\/\/bettsun.com\/fr\/wp-json\/wp\/v2\/comments?post=2007"}],"version-history":[{"count":0,"href":"https:\/\/bettsun.com\/fr\/wp-json\/wp\/v2\/pages\/2007\/revisions"}],"wp:attachment":[{"href":"https:\/\/bettsun.com\/fr\/wp-json\/wp\/v2\/media?parent=2007"}],"curies":[{"name":"wp","href":"https:\/\/api.w.org\/{rel}","templated":true}]}}