{"id":3152,"date":"2024-09-24T07:15:24","date_gmt":"2024-09-24T07:15:24","guid":{"rendered":"https:\/\/bettsun.com\/?post_type=product&#038;p=3152"},"modified":"2025-02-17T21:34:01","modified_gmt":"2025-02-17T21:34:01","slug":"bettsun-3kw-48v-hybrid-solar-inverter","status":"publish","type":"product","link":"https:\/\/bettsun.com\/fr\/produits\/bettsun-3kw-48v-hybrid-solar-inverter\/","title":{"rendered":"Onduleur solaire hybride Bettsun 3KW 48V"},"content":{"rendered":"<p>L'onduleur solaire hybride Bettsun 3KW 48V dispose d'une entr\u00e9e PV jusqu'\u00e0 450Vdc, d'un syst\u00e8me de batterie 48V compatible avec diff\u00e9rents types de batteries, d'un MPPT unique avec une efficacit\u00e9 de 99,9%, et supporte des tensions de sortie de 208, 220, 230, et 240Vac. Il d\u00e9livre un courant maximum de 22A.<\/p>","protected":false},"excerpt":{"rendered":"<h3 data-start=\"604\" data-end=\"627\"><strong data-start=\"608\" data-end=\"625\">Caract\u00e9ristiques principales :<\/strong><\/h3>\n<ul>\n<li data-start=\"628\" data-end=\"916\"><strong>PV Plage de tension d'entr\u00e9e :<\/strong> Jusqu'\u00e0 450Vdc pour une compatibilit\u00e9 flexible avec les panneaux solaires.<\/li>\n<li data-start=\"628\" data-end=\"916\"><strong>Syst\u00e8me de batterie :<\/strong> 48V, compatible avec diff\u00e9rents types de batteries.<\/li>\n<li data-start=\"628\" data-end=\"916\"><strong>Simple MPPT :<\/strong> Efficacit\u00e9 de 99,9% avec un courant maximum de 22A.<\/li>\n<li data-start=\"628\" data-end=\"916\"><strong>Plusieurs tensions de sortie :<\/strong> Prend en charge les tensions 208, 220, 230 et 240Vac pour des applications polyvalentes.<\/li>\n<\/ul>","protected":false},"featured_media":2991,"comment_status":"open","ping_status":"closed","template":"","meta":{"_acf_changed":false},"product_brand":[],"product_cat":[66,65],"product_tag":[],"class_list":{"0":"post-3152","1":"product","2":"type-product","3":"status-publish","4":"has-post-thumbnail","6":"product_cat-hybrid-inverter","7":"product_cat-inverter","9":"first","10":"instock","11":"shipping-taxable","12":"purchasable","13":"product-type-simple"},"acf":[],"_links":{"self":[{"href":"https:\/\/bettsun.com\/fr\/wp-json\/wp\/v2\/product\/3152","targetHints":{"allow":["GET"]}}],"collection":[{"href":"https:\/\/bettsun.com\/fr\/wp-json\/wp\/v2\/product"}],"about":[{"href":"https:\/\/bettsun.com\/fr\/wp-json\/wp\/v2\/types\/product"}],"replies":[{"embeddable":true,"href":"https:\/\/bettsun.com\/fr\/wp-json\/wp\/v2\/comments?post=3152"}],"version-history":[{"count":3,"href":"https:\/\/bettsun.com\/fr\/wp-json\/wp\/v2\/product\/3152\/revisions"}],"predecessor-version":[{"id":8280,"href":"https:\/\/bettsun.com\/fr\/wp-json\/wp\/v2\/product\/3152\/revisions\/8280"}],"wp:featuredmedia":[{"embeddable":true,"href":"https:\/\/bettsun.com\/fr\/wp-json\/wp\/v2\/media\/2991"}],"wp:attachment":[{"href":"https:\/\/bettsun.com\/fr\/wp-json\/wp\/v2\/media?parent=3152"}],"wp:term":[{"taxonomy":"product_brand","embeddable":true,"href":"https:\/\/bettsun.com\/fr\/wp-json\/wp\/v2\/product_brand?post=3152"},{"taxonomy":"product_cat","embeddable":true,"href":"https:\/\/bettsun.com\/fr\/wp-json\/wp\/v2\/product_cat?post=3152"},{"taxonomy":"product_tag","embeddable":true,"href":"https:\/\/bettsun.com\/fr\/wp-json\/wp\/v2\/product_tag?post=3152"}],"curies":[{"name":"wp","href":"https:\/\/api.w.org\/{rel}","templated":true}]}}