{"id":3157,"date":"2024-09-24T07:39:49","date_gmt":"2024-09-24T07:39:49","guid":{"rendered":"https:\/\/bettsun.com\/?post_type=product&#038;p=3157"},"modified":"2025-02-17T21:28:31","modified_gmt":"2025-02-17T21:28:31","slug":"bettsun-5kw-48v-hybrid-solar-inverter","status":"publish","type":"product","link":"https:\/\/bettsun.com\/fr\/produits\/bettsun-5kw-48v-hybrid-solar-inverter\/","title":{"rendered":"Onduleur solaire hybride Bettsun 5KW 48V"},"content":{"rendered":"<p>L'onduleur solaire hybride Bettsun 5KW 48V dispose d'une plage d'entr\u00e9e PV de 110-450Vdc, d'un syst\u00e8me de batterie 48V compatible avec les batteries Pb et Li-ion, d'un MPPT unique avec une efficacit\u00e9 de 95,1%, et prend en charge les tensions de sortie de 208Vac, 230Vac, et 240Vac. Il d\u00e9livre une puissance d'entr\u00e9e maximale de 5000W.<\/p>","protected":false},"excerpt":{"rendered":"<h3 data-start=\"608\" data-end=\"631\"><strong data-start=\"612\" data-end=\"629\">Caract\u00e9ristiques principales :<\/strong><\/h3>\n<ul>\n<li data-start=\"632\" data-end=\"915\"><strong>PV Plage de tension d'entr\u00e9e :<\/strong> 110-450Vdc pour une large compatibilit\u00e9 avec les panneaux solaires.<\/li>\n<li data-start=\"632\" data-end=\"915\"><strong>Syst\u00e8me de batterie :<\/strong> 48V, compatible avec les batteries Pb et Li-ion.<\/li>\n<li data-start=\"632\" data-end=\"915\"><strong>Simple MPPT :<\/strong> 95.1% avec une puissance d'entr\u00e9e maximale de 5000W.<\/li>\n<li data-start=\"632\" data-end=\"915\"><strong>Plusieurs tensions de sortie :<\/strong> Prend en charge les tensions 208Vac, 230Vac et 240Vac pour une utilisation polyvalente.<\/li>\n<\/ul>","protected":false},"featured_media":3553,"comment_status":"open","ping_status":"closed","template":"","meta":{"_acf_changed":false},"product_brand":[],"product_cat":[66,65],"product_tag":[],"class_list":{"0":"post-3157","1":"product","2":"type-product","3":"status-publish","4":"has-post-thumbnail","6":"product_cat-hybrid-inverter","7":"product_cat-inverter","9":"first","10":"instock","11":"shipping-taxable","12":"purchasable","13":"product-type-simple"},"acf":[],"_links":{"self":[{"href":"https:\/\/bettsun.com\/fr\/wp-json\/wp\/v2\/product\/3157","targetHints":{"allow":["GET"]}}],"collection":[{"href":"https:\/\/bettsun.com\/fr\/wp-json\/wp\/v2\/product"}],"about":[{"href":"https:\/\/bettsun.com\/fr\/wp-json\/wp\/v2\/types\/product"}],"replies":[{"embeddable":true,"href":"https:\/\/bettsun.com\/fr\/wp-json\/wp\/v2\/comments?post=3157"}],"version-history":[{"count":3,"href":"https:\/\/bettsun.com\/fr\/wp-json\/wp\/v2\/product\/3157\/revisions"}],"predecessor-version":[{"id":8276,"href":"https:\/\/bettsun.com\/fr\/wp-json\/wp\/v2\/product\/3157\/revisions\/8276"}],"wp:featuredmedia":[{"embeddable":true,"href":"https:\/\/bettsun.com\/fr\/wp-json\/wp\/v2\/media\/3553"}],"wp:attachment":[{"href":"https:\/\/bettsun.com\/fr\/wp-json\/wp\/v2\/media?parent=3157"}],"wp:term":[{"taxonomy":"product_brand","embeddable":true,"href":"https:\/\/bettsun.com\/fr\/wp-json\/wp\/v2\/product_brand?post=3157"},{"taxonomy":"product_cat","embeddable":true,"href":"https:\/\/bettsun.com\/fr\/wp-json\/wp\/v2\/product_cat?post=3157"},{"taxonomy":"product_tag","embeddable":true,"href":"https:\/\/bettsun.com\/fr\/wp-json\/wp\/v2\/product_tag?post=3157"}],"curies":[{"name":"wp","href":"https:\/\/api.w.org\/{rel}","templated":true}]}}