{"id":3249,"date":"2024-09-24T15:17:36","date_gmt":"2024-09-24T15:17:36","guid":{"rendered":"https:\/\/bettsun.com\/?post_type=product&#038;p=3249"},"modified":"2025-02-17T21:12:34","modified_gmt":"2025-02-17T21:12:34","slug":"bettsun-12kw-48v-hybrid-solar-inverter-with-dual-mppt-2","status":"publish","type":"product","link":"https:\/\/bettsun.com\/fr\/produits\/bettsun-12kw-48v-hybrid-solar-inverter-with-dual-mppt-2\/","title":{"rendered":"Kit solaire"},"content":{"rendered":"<p>son <strong data-start=\"104\" data-end=\"117\">Kit solaire<\/strong> Il est dot\u00e9 d'une plage d'entr\u00e9e PV de 110 \u00e0 450 Vcc, d'un syst\u00e8me de batterie de 48 V compatible avec les batteries plomb-acide et lithium-ion, d'un double MPPT pour un rendement de 97,51 TTP3T et de tensions de sortie de 208 Vca, 230 Vca et 240 Vca. Il comprend \u00e9galement des capteurs CT et un interrupteur anti-blocage pour la s\u00e9curit\u00e9 du r\u00e9seau.<\/p>","protected":false},"excerpt":{"rendered":"<h3 data-start=\"598\" data-end=\"621\"><strong data-start=\"602\" data-end=\"619\">Caract\u00e9ristiques principales :<\/strong><\/h3>\n<p data-start=\"622\" data-end=\"985\"><strong>PV Plage de tension d'entr\u00e9e :<\/strong> 110-450Vdc pour une compatibilit\u00e9 avec les panneaux flexibles.<br data-start=\"690\" data-end=\"693\" \/><strong>Syst\u00e8me de batterie :<\/strong> 48V, compatible avec les batteries plomb-acide et lithium-ion.<br data-start=\"771\" data-end=\"774\" \/><strong>Double MPPT :<\/strong> Efficacit\u00e9 de 97,5% avec une puissance d'entr\u00e9e maximale de 12000W.<br data-start=\"832\" data-end=\"835\" \/><strong>Plusieurs tensions de sortie :<\/strong> 208Vac, 230Vac et 240Vac pour des applications polyvalentes.<br data-start=\"915\" data-end=\"918\" \/><strong>S\u00e9curit\u00e9 du r\u00e9seau :<\/strong> Capteurs CT et interrupteur anti-blocage pour une int\u00e9gration s\u00fbre.<\/p>","protected":false},"featured_media":2991,"comment_status":"open","ping_status":"closed","template":"","meta":{"_acf_changed":false},"product_brand":[],"product_cat":[90,89],"product_tag":[],"class_list":{"0":"post-3249","1":"product","2":"type-product","3":"status-publish","4":"has-post-thumbnail","6":"product_cat-rv-solutions","7":"product_cat-solutions","9":"first","10":"instock","11":"shipping-taxable","12":"purchasable","13":"product-type-simple"},"acf":[],"_links":{"self":[{"href":"https:\/\/bettsun.com\/fr\/wp-json\/wp\/v2\/product\/3249","targetHints":{"allow":["GET"]}}],"collection":[{"href":"https:\/\/bettsun.com\/fr\/wp-json\/wp\/v2\/product"}],"about":[{"href":"https:\/\/bettsun.com\/fr\/wp-json\/wp\/v2\/types\/product"}],"replies":[{"embeddable":true,"href":"https:\/\/bettsun.com\/fr\/wp-json\/wp\/v2\/comments?post=3249"}],"version-history":[{"count":2,"href":"https:\/\/bettsun.com\/fr\/wp-json\/wp\/v2\/product\/3249\/revisions"}],"predecessor-version":[{"id":8267,"href":"https:\/\/bettsun.com\/fr\/wp-json\/wp\/v2\/product\/3249\/revisions\/8267"}],"wp:featuredmedia":[{"embeddable":true,"href":"https:\/\/bettsun.com\/fr\/wp-json\/wp\/v2\/media\/2991"}],"wp:attachment":[{"href":"https:\/\/bettsun.com\/fr\/wp-json\/wp\/v2\/media?parent=3249"}],"wp:term":[{"taxonomy":"product_brand","embeddable":true,"href":"https:\/\/bettsun.com\/fr\/wp-json\/wp\/v2\/product_brand?post=3249"},{"taxonomy":"product_cat","embeddable":true,"href":"https:\/\/bettsun.com\/fr\/wp-json\/wp\/v2\/product_cat?post=3249"},{"taxonomy":"product_tag","embeddable":true,"href":"https:\/\/bettsun.com\/fr\/wp-json\/wp\/v2\/product_tag?post=3249"}],"curies":[{"name":"wp","href":"https:\/\/api.w.org\/{rel}","templated":true}]}}