{"id":3252,"date":"2024-09-24T15:37:43","date_gmt":"2024-09-24T15:37:43","guid":{"rendered":"https:\/\/bettsun.com\/?post_type=product&#038;p=3252"},"modified":"2025-02-17T21:08:05","modified_gmt":"2025-02-17T21:08:05","slug":"bettsun-m100a-mppt-solar-charge-controller","status":"publish","type":"product","link":"https:\/\/bettsun.com\/fr\/produits\/bettsun-m100a-mppt-solar-charge-controller\/","title":{"rendered":"BettSun M100A MPPT Contr\u00f4leur de charge solaire"},"content":{"rendered":"<p>Le contr\u00f4leur de charge solaire MPPT Bettsun M100A offre un DSP haute performance pour un contr\u00f4le optimis\u00e9, une d\u00e9tection automatique de la tension de la batterie, un VERROUILLAGE de la tension pour un fonctionnement stable et une surveillance \u00e0 distance via une application mobile.<\/p>","protected":false},"excerpt":{"rendered":"<h3 data-start=\"546\" data-end=\"569\"><strong data-start=\"550\" data-end=\"567\">Caract\u00e9ristiques principales :<\/strong><\/h3>\n<ul>\n<li data-start=\"570\" data-end=\"858\"><strong>DSP haute performance :<\/strong> Contr\u00f4le optimis\u00e9 pour une efficacit\u00e9 \u00e9nerg\u00e9tique maximale.<\/li>\n<li data-start=\"570\" data-end=\"858\"><strong>D\u00e9tection automatique de la tension de la batterie :<\/strong> Compatibilit\u00e9 parfaite avec diff\u00e9rents types de piles.<\/li>\n<li data-start=\"570\" data-end=\"858\"><strong>Verrouillage de la tension :<\/strong> Assure un fonctionnement stable et fiable.<\/li>\n<li data-start=\"570\" data-end=\"858\"><strong>Surveillance \u00e0 distance :<\/strong> Acc\u00e8s pratique \u00e0 l'application mobile pour un contr\u00f4le en temps r\u00e9el.<\/li>\n<\/ul>","protected":false},"featured_media":3217,"comment_status":"open","ping_status":"closed","template":"","meta":{"_acf_changed":false},"product_brand":[],"product_cat":[69,77,78,72],"product_tag":[],"class_list":{"0":"post-3252","1":"product","2":"type-product","3":"status-publish","4":"has-post-thumbnail","6":"product_cat-charger","7":"product_cat-controller","8":"product_cat-mppt-solar-controller","9":"product_cat-solar-charger","11":"first","12":"instock","13":"shipping-taxable","14":"purchasable","15":"product-type-simple"},"acf":[],"_links":{"self":[{"href":"https:\/\/bettsun.com\/fr\/wp-json\/wp\/v2\/product\/3252","targetHints":{"allow":["GET"]}}],"collection":[{"href":"https:\/\/bettsun.com\/fr\/wp-json\/wp\/v2\/product"}],"about":[{"href":"https:\/\/bettsun.com\/fr\/wp-json\/wp\/v2\/types\/product"}],"replies":[{"embeddable":true,"href":"https:\/\/bettsun.com\/fr\/wp-json\/wp\/v2\/comments?post=3252"}],"version-history":[{"count":2,"href":"https:\/\/bettsun.com\/fr\/wp-json\/wp\/v2\/product\/3252\/revisions"}],"predecessor-version":[{"id":8266,"href":"https:\/\/bettsun.com\/fr\/wp-json\/wp\/v2\/product\/3252\/revisions\/8266"}],"wp:featuredmedia":[{"embeddable":true,"href":"https:\/\/bettsun.com\/fr\/wp-json\/wp\/v2\/media\/3217"}],"wp:attachment":[{"href":"https:\/\/bettsun.com\/fr\/wp-json\/wp\/v2\/media?parent=3252"}],"wp:term":[{"taxonomy":"product_brand","embeddable":true,"href":"https:\/\/bettsun.com\/fr\/wp-json\/wp\/v2\/product_brand?post=3252"},{"taxonomy":"product_cat","embeddable":true,"href":"https:\/\/bettsun.com\/fr\/wp-json\/wp\/v2\/product_cat?post=3252"},{"taxonomy":"product_tag","embeddable":true,"href":"https:\/\/bettsun.com\/fr\/wp-json\/wp\/v2\/product_tag?post=3252"}],"curies":[{"name":"wp","href":"https:\/\/api.w.org\/{rel}","templated":true}]}}