{"id":3257,"date":"2024-09-24T15:45:05","date_gmt":"2024-09-24T15:45:05","guid":{"rendered":"https:\/\/bettsun.com\/?post_type=product&#038;p=3257"},"modified":"2025-02-17T21:04:17","modified_gmt":"2025-02-17T21:04:17","slug":"bettsun-m120a-mppt-solar-charge-controller","status":"publish","type":"product","link":"https:\/\/bettsun.com\/fr\/produits\/bettsun-m120a-mppt-solar-charge-controller\/","title":{"rendered":"BettSun M120A MPPT Contr\u00f4leur de charge solaire"},"content":{"rendered":"<p>Le contr\u00f4leur de charge solaire MPPT Bettsun M120A est dot\u00e9 d'un DSP haute performance pour un contr\u00f4le optimis\u00e9, d'une d\u00e9tection automatique de la tension de la batterie, d'un verrouillage de la tension pour un fonctionnement stable et d'une surveillance \u00e0 distance via une application mobile.<\/p>","protected":false},"excerpt":{"rendered":"<h3 data-start=\"554\" data-end=\"577\"><strong data-start=\"558\" data-end=\"575\">Caract\u00e9ristiques principales :<\/strong><\/h3>\n<ul>\n<li data-start=\"578\" data-end=\"889\"><strong>DSP haute performance :<\/strong> Contr\u00f4le optimis\u00e9 pour une efficacit\u00e9 solaire maximale.<\/li>\n<li data-start=\"578\" data-end=\"889\"><strong>D\u00e9tection automatique de la tension de la batterie :<\/strong> Assure la compatibilit\u00e9 avec diff\u00e9rents types de piles.<\/li>\n<li data-start=\"578\" data-end=\"889\"><strong>Verrouillage de la tension :<\/strong> Assure un fonctionnement stable en \u00e9vitant les fluctuations de tension.<\/li>\n<li data-start=\"578\" data-end=\"889\"><strong>Surveillance \u00e0 distance :<\/strong> Surveillance et contr\u00f4le via une application mobile pour plus de commodit\u00e9.<\/li>\n<\/ul>","protected":false},"featured_media":3217,"comment_status":"open","ping_status":"closed","template":"","meta":{"_acf_changed":false},"product_brand":[],"product_cat":[69,77,78,72],"product_tag":[],"class_list":{"0":"post-3257","1":"product","2":"type-product","3":"status-publish","4":"has-post-thumbnail","6":"product_cat-charger","7":"product_cat-controller","8":"product_cat-mppt-solar-controller","9":"product_cat-solar-charger","11":"first","12":"instock","13":"shipping-taxable","14":"purchasable","15":"product-type-simple"},"acf":[],"_links":{"self":[{"href":"https:\/\/bettsun.com\/fr\/wp-json\/wp\/v2\/product\/3257","targetHints":{"allow":["GET"]}}],"collection":[{"href":"https:\/\/bettsun.com\/fr\/wp-json\/wp\/v2\/product"}],"about":[{"href":"https:\/\/bettsun.com\/fr\/wp-json\/wp\/v2\/types\/product"}],"replies":[{"embeddable":true,"href":"https:\/\/bettsun.com\/fr\/wp-json\/wp\/v2\/comments?post=3257"}],"version-history":[{"count":2,"href":"https:\/\/bettsun.com\/fr\/wp-json\/wp\/v2\/product\/3257\/revisions"}],"predecessor-version":[{"id":8264,"href":"https:\/\/bettsun.com\/fr\/wp-json\/wp\/v2\/product\/3257\/revisions\/8264"}],"wp:featuredmedia":[{"embeddable":true,"href":"https:\/\/bettsun.com\/fr\/wp-json\/wp\/v2\/media\/3217"}],"wp:attachment":[{"href":"https:\/\/bettsun.com\/fr\/wp-json\/wp\/v2\/media?parent=3257"}],"wp:term":[{"taxonomy":"product_brand","embeddable":true,"href":"https:\/\/bettsun.com\/fr\/wp-json\/wp\/v2\/product_brand?post=3257"},{"taxonomy":"product_cat","embeddable":true,"href":"https:\/\/bettsun.com\/fr\/wp-json\/wp\/v2\/product_cat?post=3257"},{"taxonomy":"product_tag","embeddable":true,"href":"https:\/\/bettsun.com\/fr\/wp-json\/wp\/v2\/product_tag?post=3257"}],"curies":[{"name":"wp","href":"https:\/\/api.w.org\/{rel}","templated":true}]}}