{"id":3504,"date":"2024-09-26T02:24:04","date_gmt":"2024-09-26T02:24:04","guid":{"rendered":"https:\/\/bettsun.com\/?post_type=product&#038;p=3504"},"modified":"2025-02-17T20:34:08","modified_gmt":"2025-02-17T20:34:08","slug":"bettsun-5kw-48v-split-phase-inverter","status":"publish","type":"product","link":"https:\/\/bettsun.com\/fr\/produits\/bettsun-5kw-48v-split-phase-inverter\/","title":{"rendered":"Onduleur Bettsun 5KW 48V Split-Phase"},"content":{"rendered":"<p>L'onduleur Bettsun 5KW 48V Split-Phase est dot\u00e9 de la technologie intelligente 120V\/240V split-phase, d'un double MPPT pour une utilisation maximale de l'\u00e9nergie solaire et prend en charge tous les types de batteries. Il dispose \u00e9galement d'une tension d'entr\u00e9e photovolta\u00efque \u00e9lev\u00e9e allant jusqu'\u00e0 450Vdc.<\/p>","protected":false},"excerpt":{"rendered":"<h3 data-start=\"547\" data-end=\"570\"><strong data-start=\"551\" data-end=\"568\">Caract\u00e9ristiques principales :<\/strong><\/h3>\n<ul>\n<li data-start=\"571\" data-end=\"904\"><strong>120V\/240V Split-Phase Technology :<\/strong> Distribution efficace de l'\u00e9nergie pour des performances fiables.<\/li>\n<li data-start=\"571\" data-end=\"904\"><strong>Compatible avec tous les types de piles :<\/strong> Flexible et compatible avec diff\u00e9rentes technologies de batteries.<\/li>\n<li data-start=\"571\" data-end=\"904\"><strong>Double MPPT :<\/strong> Maximise l'utilisation de l'\u00e9nergie solaire pour une efficacit\u00e9 optimale.<\/li>\n<li data-start=\"571\" data-end=\"904\"><strong>Tension d'entr\u00e9e PV \u00e9lev\u00e9e :<\/strong> Supporte jusqu'\u00e0 450Vdc pour une plus grande compatibilit\u00e9 avec les panneaux solaires.<\/li>\n<\/ul>","protected":false},"featured_media":3215,"comment_status":"open","ping_status":"closed","template":"","meta":{"_acf_changed":false},"product_brand":[],"product_cat":[65,102],"product_tag":[],"class_list":{"0":"post-3504","1":"product","2":"type-product","3":"status-publish","4":"has-post-thumbnail","6":"product_cat-inverter","7":"product_cat-split-phase-inverter","9":"first","10":"instock","11":"shipping-taxable","12":"purchasable","13":"product-type-simple"},"acf":[],"_links":{"self":[{"href":"https:\/\/bettsun.com\/fr\/wp-json\/wp\/v2\/product\/3504","targetHints":{"allow":["GET"]}}],"collection":[{"href":"https:\/\/bettsun.com\/fr\/wp-json\/wp\/v2\/product"}],"about":[{"href":"https:\/\/bettsun.com\/fr\/wp-json\/wp\/v2\/types\/product"}],"replies":[{"embeddable":true,"href":"https:\/\/bettsun.com\/fr\/wp-json\/wp\/v2\/comments?post=3504"}],"version-history":[{"count":3,"href":"https:\/\/bettsun.com\/fr\/wp-json\/wp\/v2\/product\/3504\/revisions"}],"predecessor-version":[{"id":8258,"href":"https:\/\/bettsun.com\/fr\/wp-json\/wp\/v2\/product\/3504\/revisions\/8258"}],"wp:featuredmedia":[{"embeddable":true,"href":"https:\/\/bettsun.com\/fr\/wp-json\/wp\/v2\/media\/3215"}],"wp:attachment":[{"href":"https:\/\/bettsun.com\/fr\/wp-json\/wp\/v2\/media?parent=3504"}],"wp:term":[{"taxonomy":"product_brand","embeddable":true,"href":"https:\/\/bettsun.com\/fr\/wp-json\/wp\/v2\/product_brand?post=3504"},{"taxonomy":"product_cat","embeddable":true,"href":"https:\/\/bettsun.com\/fr\/wp-json\/wp\/v2\/product_cat?post=3504"},{"taxonomy":"product_tag","embeddable":true,"href":"https:\/\/bettsun.com\/fr\/wp-json\/wp\/v2\/product_tag?post=3504"}],"curies":[{"name":"wp","href":"https:\/\/api.w.org\/{rel}","templated":true}]}}