{"id":3508,"date":"2024-09-26T02:41:05","date_gmt":"2024-09-26T02:41:05","guid":{"rendered":"https:\/\/bettsun.com\/?post_type=product&#038;p=3508"},"modified":"2025-02-17T20:26:49","modified_gmt":"2025-02-17T20:26:49","slug":"onduleur-triphase-bettsun-8kw","status":"publish","type":"product","link":"https:\/\/bettsun.com\/fr\/produits\/onduleur-triphase-bettsun-8kw\/","title":{"rendered":"Onduleur triphas\u00e9 Bettsun 8KW"},"content":{"rendered":"<p>L'onduleur triphas\u00e9 Bettsun 8KW est \u00e9quip\u00e9 de deux contr\u00f4leurs MPPT offrant un rendement de 99,9%, d'une technologie triphas\u00e9e intelligente 120V\/240V et d'une fonctionnalit\u00e9 anti-reflux avec un capteur CT externe.<\/p>","protected":false},"excerpt":{"rendered":"<h3 data-start=\"528\" data-end=\"551\"><strong data-start=\"532\" data-end=\"549\">Caract\u00e9ristiques principales :<\/strong><\/h3>\n<ul>\n<li data-start=\"552\" data-end=\"976\"><strong>R\u00e9gulateurs solaires MPPT doubles :<\/strong> Rendement de 99,9% pour une conversion maximale de l'\u00e9nergie.<\/li>\n<li data-start=\"552\" data-end=\"976\"><strong>Technologie triphas\u00e9e :<\/strong> Syst\u00e8me intelligent 120V\/240V pour une distribution optimale de l'\u00e9nergie.<\/li>\n<li data-start=\"552\" data-end=\"976\"><strong>Fonctionnalit\u00e9 anti-reflux :<\/strong> Avec capteur CT externe pour une s\u00e9curit\u00e9 accrue et une meilleure stabilit\u00e9 du r\u00e9seau.<\/li>\n<li data-start=\"552\" data-end=\"976\"><strong>Puissance de sortie \u00e9lev\u00e9e :<\/strong> Capacit\u00e9 de 8KW adapt\u00e9e aux syst\u00e8mes solaires de moyenne et grande envergure.<\/li>\n<li data-start=\"552\" data-end=\"976\"><strong>Conception durable :<\/strong> Con\u00e7us pour r\u00e9sister aux conditions difficiles, ils garantissent des performances \u00e0 long terme.<\/li>\n<\/ul>","protected":false},"featured_media":3215,"comment_status":"open","ping_status":"closed","template":"","meta":{"_acf_changed":false},"product_brand":[],"product_cat":[65],"product_tag":[],"class_list":{"0":"post-3508","1":"product","2":"type-product","3":"status-publish","4":"has-post-thumbnail","6":"product_cat-inverter","8":"first","9":"instock","10":"shipping-taxable","11":"purchasable","12":"product-type-simple"},"acf":[],"_links":{"self":[{"href":"https:\/\/bettsun.com\/fr\/wp-json\/wp\/v2\/product\/3508","targetHints":{"allow":["GET"]}}],"collection":[{"href":"https:\/\/bettsun.com\/fr\/wp-json\/wp\/v2\/product"}],"about":[{"href":"https:\/\/bettsun.com\/fr\/wp-json\/wp\/v2\/types\/product"}],"replies":[{"embeddable":true,"href":"https:\/\/bettsun.com\/fr\/wp-json\/wp\/v2\/comments?post=3508"}],"version-history":[{"count":3,"href":"https:\/\/bettsun.com\/fr\/wp-json\/wp\/v2\/product\/3508\/revisions"}],"predecessor-version":[{"id":8254,"href":"https:\/\/bettsun.com\/fr\/wp-json\/wp\/v2\/product\/3508\/revisions\/8254"}],"wp:featuredmedia":[{"embeddable":true,"href":"https:\/\/bettsun.com\/fr\/wp-json\/wp\/v2\/media\/3215"}],"wp:attachment":[{"href":"https:\/\/bettsun.com\/fr\/wp-json\/wp\/v2\/media?parent=3508"}],"wp:term":[{"taxonomy":"product_brand","embeddable":true,"href":"https:\/\/bettsun.com\/fr\/wp-json\/wp\/v2\/product_brand?post=3508"},{"taxonomy":"product_cat","embeddable":true,"href":"https:\/\/bettsun.com\/fr\/wp-json\/wp\/v2\/product_cat?post=3508"},{"taxonomy":"product_tag","embeddable":true,"href":"https:\/\/bettsun.com\/fr\/wp-json\/wp\/v2\/product_tag?post=3508"}],"curies":[{"name":"wp","href":"https:\/\/api.w.org\/{rel}","templated":true}]}}