{"id":3512,"date":"2024-09-26T02:43:32","date_gmt":"2024-09-26T02:43:32","guid":{"rendered":"https:\/\/bettsun.com\/?post_type=product&#038;p=3512"},"modified":"2025-02-17T20:20:41","modified_gmt":"2025-02-17T20:20:41","slug":"onduleur-triphase-bettsun-12kw","status":"publish","type":"product","link":"https:\/\/bettsun.com\/fr\/produits\/onduleur-triphase-bettsun-12kw\/","title":{"rendered":"Onduleur triphas\u00e9 Bettsun 12KW"},"content":{"rendered":"<p>Onduleur Bettsun 12KW avec deux contr\u00f4leurs MPPT pour une efficacit\u00e9 de 99,9%. Il est dot\u00e9 d'une technologie triphas\u00e9e intelligente 120V\/240V et d'une fonction anti-reflux.<\/p>","protected":false},"excerpt":{"rendered":"<h3 data-start=\"481\" data-end=\"504\"><strong data-start=\"485\" data-end=\"502\">Caract\u00e9ristiques principales :<\/strong><\/h3>\n<ul>\n<li data-start=\"505\" data-end=\"759\"><strong>R\u00e9gulateurs solaires MPPT doubles :<\/strong> Rendement de 99,9% pour une conversion maximale de l'\u00e9nergie.<\/li>\n<li data-start=\"505\" data-end=\"759\"><strong>Technologie triphas\u00e9e :<\/strong> Fonctionnement intelligent 120V\/240V pour une utilisation efficace de l'\u00e9nergie.<\/li>\n<li data-start=\"505\" data-end=\"759\"><strong>Fonctionnalit\u00e9 anti-reflux :<\/strong> Avec capteur CT externe pour une s\u00e9curit\u00e9 accrue et une meilleure stabilit\u00e9 du r\u00e9seau.<\/li>\n<\/ul>","protected":false},"featured_media":3215,"comment_status":"open","ping_status":"closed","template":"","meta":{"_acf_changed":false},"product_brand":[],"product_cat":[65],"product_tag":[],"class_list":{"0":"post-3512","1":"product","2":"type-product","3":"status-publish","4":"has-post-thumbnail","6":"product_cat-inverter","8":"first","9":"instock","10":"shipping-taxable","11":"purchasable","12":"product-type-simple"},"acf":[],"_links":{"self":[{"href":"https:\/\/bettsun.com\/fr\/wp-json\/wp\/v2\/product\/3512","targetHints":{"allow":["GET"]}}],"collection":[{"href":"https:\/\/bettsun.com\/fr\/wp-json\/wp\/v2\/product"}],"about":[{"href":"https:\/\/bettsun.com\/fr\/wp-json\/wp\/v2\/types\/product"}],"replies":[{"embeddable":true,"href":"https:\/\/bettsun.com\/fr\/wp-json\/wp\/v2\/comments?post=3512"}],"version-history":[{"count":3,"href":"https:\/\/bettsun.com\/fr\/wp-json\/wp\/v2\/product\/3512\/revisions"}],"predecessor-version":[{"id":8250,"href":"https:\/\/bettsun.com\/fr\/wp-json\/wp\/v2\/product\/3512\/revisions\/8250"}],"wp:featuredmedia":[{"embeddable":true,"href":"https:\/\/bettsun.com\/fr\/wp-json\/wp\/v2\/media\/3215"}],"wp:attachment":[{"href":"https:\/\/bettsun.com\/fr\/wp-json\/wp\/v2\/media?parent=3512"}],"wp:term":[{"taxonomy":"product_brand","embeddable":true,"href":"https:\/\/bettsun.com\/fr\/wp-json\/wp\/v2\/product_brand?post=3512"},{"taxonomy":"product_cat","embeddable":true,"href":"https:\/\/bettsun.com\/fr\/wp-json\/wp\/v2\/product_cat?post=3512"},{"taxonomy":"product_tag","embeddable":true,"href":"https:\/\/bettsun.com\/fr\/wp-json\/wp\/v2\/product_tag?post=3512"}],"curies":[{"name":"wp","href":"https:\/\/api.w.org\/{rel}","templated":true}]}}