{"id":3546,"date":"2024-09-28T03:28:13","date_gmt":"2024-09-28T03:28:13","guid":{"rendered":"https:\/\/bettsun.com\/?post_type=product&#038;p=3546"},"modified":"2025-02-17T20:06:57","modified_gmt":"2025-02-17T20:06:57","slug":"convertisseur-abaisseur-solaire-dc-dc-pour-appareils-12v-dc","status":"publish","type":"product","link":"https:\/\/bettsun.com\/fr\/produits\/convertisseur-abaisseur-solaire-dc-dc-pour-appareils-12v-dc\/","title":{"rendered":"Convertisseur solaire DC-DC pour appareils 12V DC"},"content":{"rendered":"<p>Le convertisseur solaire DC-DC d\u00e9livre jusqu'\u00e0 80A avec une sortie stable de 13,5V pour les appareils de 12V. Bo\u00eetier IP68 enti\u00e8rement scell\u00e9, certifi\u00e9 CE et ROHS pour la durabilit\u00e9.<\/p>","protected":false},"excerpt":{"rendered":"<p><strong>Caract\u00e9ristiques principales :<\/strong><\/p>\n<ul>\n<li><strong>Convertisseur solaire DC-DC :<\/strong> Fournit une sortie stable de 13,5 V pour les appareils de 12 V.<\/li>\n<li><strong>S\u00e9curit\u00e9 certifi\u00e9e :<\/strong> Certifi\u00e9 CE et ROHS pour un fonctionnement s\u00fbr et efficace.<\/li>\n<li><strong>Bo\u00eetier durable :<\/strong> Conception enti\u00e8rement \u00e9tanche, conforme \u00e0 la norme IP68, pour une protection contre l'eau et la poussi\u00e8re.<\/li>\n<li><strong>Courant de sortie \u00e9lev\u00e9 :<\/strong> D\u00e9livre jusqu'\u00e0 80A pour les applications de haute puissance.<\/li>\n<\/ul>","protected":false},"featured_media":3550,"comment_status":"open","ping_status":"closed","template":"","meta":{"_acf_changed":false},"product_brand":[],"product_cat":[73,76],"product_tag":[],"class_list":{"0":"post-3546","1":"product","2":"type-product","3":"status-publish","4":"has-post-thumbnail","6":"product_cat-converter","7":"product_cat-solar-converter","9":"first","10":"instock","11":"shipping-taxable","12":"purchasable","13":"product-type-simple"},"acf":[],"_links":{"self":[{"href":"https:\/\/bettsun.com\/fr\/wp-json\/wp\/v2\/product\/3546","targetHints":{"allow":["GET"]}}],"collection":[{"href":"https:\/\/bettsun.com\/fr\/wp-json\/wp\/v2\/product"}],"about":[{"href":"https:\/\/bettsun.com\/fr\/wp-json\/wp\/v2\/types\/product"}],"replies":[{"embeddable":true,"href":"https:\/\/bettsun.com\/fr\/wp-json\/wp\/v2\/comments?post=3546"}],"version-history":[{"count":3,"href":"https:\/\/bettsun.com\/fr\/wp-json\/wp\/v2\/product\/3546\/revisions"}],"predecessor-version":[{"id":8247,"href":"https:\/\/bettsun.com\/fr\/wp-json\/wp\/v2\/product\/3546\/revisions\/8247"}],"wp:featuredmedia":[{"embeddable":true,"href":"https:\/\/bettsun.com\/fr\/wp-json\/wp\/v2\/media\/3550"}],"wp:attachment":[{"href":"https:\/\/bettsun.com\/fr\/wp-json\/wp\/v2\/media?parent=3546"}],"wp:term":[{"taxonomy":"product_brand","embeddable":true,"href":"https:\/\/bettsun.com\/fr\/wp-json\/wp\/v2\/product_brand?post=3546"},{"taxonomy":"product_cat","embeddable":true,"href":"https:\/\/bettsun.com\/fr\/wp-json\/wp\/v2\/product_cat?post=3546"},{"taxonomy":"product_tag","embeddable":true,"href":"https:\/\/bettsun.com\/fr\/wp-json\/wp\/v2\/product_tag?post=3546"}],"curies":[{"name":"wp","href":"https:\/\/api.w.org\/{rel}","templated":true}]}}