{"id":3558,"date":"2024-09-28T03:45:15","date_gmt":"2024-09-28T03:45:15","guid":{"rendered":"https:\/\/bettsun.com\/?post_type=product&#038;p=3558"},"modified":"2025-02-17T20:01:43","modified_gmt":"2025-02-17T20:01:43","slug":"convertisseur-rv-100a-dc-dc-pour-appareils-12v","status":"publish","type":"product","link":"https:\/\/bettsun.com\/fr\/produits\/convertisseur-rv-100a-dc-dc-pour-appareils-12v\/","title":{"rendered":"Convertisseur DC-DC RV 100A pour appareils 12V"},"content":{"rendered":"<p><strong data-start=\"153\" data-end=\"175\">Convertisseur DC-DC RV<\/strong> assure une sortie stable de 13,5V avec un courant allant jusqu'\u00e0 100A. Bo\u00eetier IP68 enti\u00e8rement scell\u00e9, certifi\u00e9 CE et ROHS pour la durabilit\u00e9 et la performance.<\/p>","protected":false},"excerpt":{"rendered":"<p><strong data-start=\"441\" data-end=\"458\">Caract\u00e9ristiques principales :<\/strong><\/p>\n<ul>\n<li><strong>S\u00e9curit\u00e9 certifi\u00e9e :<\/strong> Certifi\u00e9 CE et ROHS pour un fonctionnement fiable et s\u00fbr.<\/li>\n<li><strong>Bo\u00eetier durable :<\/strong> Conception enti\u00e8rement \u00e9tanche, conforme \u00e0 la norme IP68, pour une protection contre la poussi\u00e8re et l'eau.<\/li>\n<li><strong>Courant de sortie \u00e9lev\u00e9 :<\/strong> Capable de fournir jusqu'\u00e0 100A pour les appareils de 12V.<\/li>\n<li><strong>Tension d'alimentation stable :<\/strong> Assure une sortie constante de 13,5 V pour des performances efficaces.<\/li>\n<\/ul>","protected":false},"featured_media":3559,"comment_status":"open","ping_status":"closed","template":"","meta":{"_acf_changed":false},"product_brand":[],"product_cat":[77,73,74],"product_tag":[],"class_list":{"0":"post-3558","1":"product","2":"type-product","3":"status-publish","4":"has-post-thumbnail","6":"product_cat-controller","7":"product_cat-converter","8":"product_cat-rv-converter","10":"first","11":"instock","12":"shipping-taxable","13":"purchasable","14":"product-type-simple"},"acf":[],"_links":{"self":[{"href":"https:\/\/bettsun.com\/fr\/wp-json\/wp\/v2\/product\/3558","targetHints":{"allow":["GET"]}}],"collection":[{"href":"https:\/\/bettsun.com\/fr\/wp-json\/wp\/v2\/product"}],"about":[{"href":"https:\/\/bettsun.com\/fr\/wp-json\/wp\/v2\/types\/product"}],"replies":[{"embeddable":true,"href":"https:\/\/bettsun.com\/fr\/wp-json\/wp\/v2\/comments?post=3558"}],"version-history":[{"count":4,"href":"https:\/\/bettsun.com\/fr\/wp-json\/wp\/v2\/product\/3558\/revisions"}],"predecessor-version":[{"id":8245,"href":"https:\/\/bettsun.com\/fr\/wp-json\/wp\/v2\/product\/3558\/revisions\/8245"}],"wp:featuredmedia":[{"embeddable":true,"href":"https:\/\/bettsun.com\/fr\/wp-json\/wp\/v2\/media\/3559"}],"wp:attachment":[{"href":"https:\/\/bettsun.com\/fr\/wp-json\/wp\/v2\/media?parent=3558"}],"wp:term":[{"taxonomy":"product_brand","embeddable":true,"href":"https:\/\/bettsun.com\/fr\/wp-json\/wp\/v2\/product_brand?post=3558"},{"taxonomy":"product_cat","embeddable":true,"href":"https:\/\/bettsun.com\/fr\/wp-json\/wp\/v2\/product_cat?post=3558"},{"taxonomy":"product_tag","embeddable":true,"href":"https:\/\/bettsun.com\/fr\/wp-json\/wp\/v2\/product_tag?post=3558"}],"curies":[{"name":"wp","href":"https:\/\/api.w.org\/{rel}","templated":true}]}}