{"id":3562,"date":"2024-09-28T03:56:43","date_gmt":"2024-09-28T03:56:43","guid":{"rendered":"https:\/\/bettsun.com\/?post_type=product&#038;p=3562"},"modified":"2025-02-17T17:51:52","modified_gmt":"2025-02-17T17:51:52","slug":"convertisseur-dc-rv-150a-pour-appareils-12v","status":"publish","type":"product","link":"https:\/\/bettsun.com\/fr\/produits\/convertisseur-dc-rv-150a-pour-appareils-12v\/","title":{"rendered":"Convertisseur DC-DC RV 150A pour appareils 12V"},"content":{"rendered":"<p>Le convertisseur DC-DC 150A RV durable fournit une sortie stable de 13,5V avec un courant de 150A, une protection IP68 et une certification CE &amp; ROHS pour une alimentation fiable des appareils 12V.<\/p>","protected":false},"excerpt":{"rendered":"<p data-start=\"120\" data-end=\"139\"><strong data-start=\"120\" data-end=\"137\">Caract\u00e9ristiques principales :<\/strong><\/p>\n<ul data-start=\"140\" data-end=\"358\">\n<li data-start=\"140\" data-end=\"201\"><strong data-start=\"142\" data-end=\"165\">Certifi\u00e9 CE et ROHS<\/strong> pour la s\u00e9curit\u00e9 et l'assurance qualit\u00e9.<\/li>\n<li data-start=\"202\" data-end=\"260\"><strong data-start=\"204\" data-end=\"232\">Enti\u00e8rement \u00e9tanche, conforme \u00e0 la norme IP68<\/strong> pour une meilleure durabilit\u00e9.<\/li>\n<li data-start=\"261\" data-end=\"304\"><strong data-start=\"263\" data-end=\"286\">Fournit jusqu'\u00e0 150A<\/strong> courant de sortie.<\/li>\n<li data-start=\"305\" data-end=\"358\"><strong data-start=\"307\" data-end=\"330\">Sortie stable de 13,5 V<\/strong> pour des performances fiables.<\/li>\n<\/ul>","protected":false},"featured_media":3559,"comment_status":"open","ping_status":"closed","template":"","meta":{"_acf_changed":false},"product_brand":[],"product_cat":[73,74],"product_tag":[],"class_list":{"0":"post-3562","1":"product","2":"type-product","3":"status-publish","4":"has-post-thumbnail","6":"product_cat-converter","7":"product_cat-rv-converter","9":"first","10":"instock","11":"shipping-taxable","12":"purchasable","13":"product-type-simple"},"acf":[],"_links":{"self":[{"href":"https:\/\/bettsun.com\/fr\/wp-json\/wp\/v2\/product\/3562","targetHints":{"allow":["GET"]}}],"collection":[{"href":"https:\/\/bettsun.com\/fr\/wp-json\/wp\/v2\/product"}],"about":[{"href":"https:\/\/bettsun.com\/fr\/wp-json\/wp\/v2\/types\/product"}],"replies":[{"embeddable":true,"href":"https:\/\/bettsun.com\/fr\/wp-json\/wp\/v2\/comments?post=3562"}],"version-history":[{"count":2,"href":"https:\/\/bettsun.com\/fr\/wp-json\/wp\/v2\/product\/3562\/revisions"}],"predecessor-version":[{"id":8234,"href":"https:\/\/bettsun.com\/fr\/wp-json\/wp\/v2\/product\/3562\/revisions\/8234"}],"wp:featuredmedia":[{"embeddable":true,"href":"https:\/\/bettsun.com\/fr\/wp-json\/wp\/v2\/media\/3559"}],"wp:attachment":[{"href":"https:\/\/bettsun.com\/fr\/wp-json\/wp\/v2\/media?parent=3562"}],"wp:term":[{"taxonomy":"product_brand","embeddable":true,"href":"https:\/\/bettsun.com\/fr\/wp-json\/wp\/v2\/product_brand?post=3562"},{"taxonomy":"product_cat","embeddable":true,"href":"https:\/\/bettsun.com\/fr\/wp-json\/wp\/v2\/product_cat?post=3562"},{"taxonomy":"product_tag","embeddable":true,"href":"https:\/\/bettsun.com\/fr\/wp-json\/wp\/v2\/product_tag?post=3562"}],"curies":[{"name":"wp","href":"https:\/\/api.w.org\/{rel}","templated":true}]}}