{"id":2007,"date":"2024-09-10T23:40:38","date_gmt":"2024-09-10T23:40:38","guid":{"rendered":"https:\/\/bettsun.com\/?page_id=2007"},"modified":"2024-09-10T23:44:31","modified_gmt":"2024-09-10T23:44:31","slug":"termini-e-condizioni","status":"publish","type":"page","link":"https:\/\/bettsun.com\/it\/termini-e-condizioni\/","title":{"rendered":"Termini e condizioni"},"content":{"rendered":"<div data-elementor-type=\"wp-page\" data-elementor-id=\"2007\" class=\"elementor elementor-2007\" data-elementor-post-type=\"page\">\n\t\t\t\t<div class=\"elementor-element elementor-element-af56cb6 e-flex e-con-boxed e-con e-parent\" data-id=\"af56cb6\" data-element_type=\"container\" data-e-type=\"container\" data-settings=\"{&quot;background_background&quot;:&quot;classic&quot;}\">\n\t\t\t\t\t<div class=\"e-con-inner\">\n\t\t\t\t<div class=\"elementor-element elementor-element-1da980f elementor-widget elementor-widget-woocommerce-breadcrumb\" data-id=\"1da980f\" data-element_type=\"widget\" data-e-type=\"widget\" data-widget_type=\"woocommerce-breadcrumb.default\">\n\t\t\t\t<div class=\"elementor-widget-container\">\n\t\t\t\t\t<nav class=\"woocommerce-breadcrumb\" aria-label=\"Breadcrumb\" data-no-translation=\"\" data-trp-gettext=\"\">Casa<\/nav>\t\t\t\t<\/div>\n\t\t\t\t<\/div>\n\t\t\t\t<div class=\"elementor-element elementor-element-186b415 elementor-widget elementor-widget-heading\" data-id=\"186b415\" data-element_type=\"widget\" data-e-type=\"widget\" data-widget_type=\"heading.default\">\n\t\t\t\t<div class=\"elementor-widget-container\">\n\t\t\t\t\t<h2 class=\"elementor-heading-title elementor-size-default\">Termini e condizioni<\/h2>\t\t\t\t<\/div>\n\t\t\t\t<\/div>\n\t\t\t\t\t<\/div>\n\t\t\t\t<\/div>\n\t\t<div class=\"elementor-element elementor-element-1b130f16 e-flex e-con-boxed e-con e-parent\" data-id=\"1b130f16\" data-element_type=\"container\" data-e-type=\"container\">\n\t\t\t\t\t<div class=\"e-con-inner\">\n\t\t\t\t<div class=\"elementor-element elementor-element-6758dfdb elementor-widget elementor-widget-text-editor\" data-id=\"6758dfdb\" data-element_type=\"widget\" data-e-type=\"widget\" data-widget_type=\"text-editor.default\">\n\t\t\t\t<div class=\"elementor-widget-container\">\n\t\t\t\t\t\t\t\t\t\n<p><strong>Benvenuti su BettSun!<\/strong><\/p>\n\n\n\n<p>I presenti termini e condizioni definiscono le norme e i regolamenti per l'utilizzo del sito web di BettSun, situato all'indirizzo <a href=\"https:\/\/bettsun.com\/it\/\">www.bettsun.com<\/a>.<\/p>\n\n\n\n<p>Accedendo a questo sito web si presume che l'utente accetti questi termini e condizioni. Non continuate a utilizzare BettSun se non accettate tutti i termini e le condizioni indicati in questa pagina.<\/p>\n\n\n\n<p><strong>1. Licenza<\/strong> Se non diversamente specificato, BettSun e\/o i suoi licenziatari detengono i diritti di propriet\u00e0 intellettuale per tutto il materiale presente su BettSun. Tutti i diritti di propriet\u00e0 intellettuale sono riservati. L'utente pu\u00f2 accedere a questo materiale di BettSun per uso personale, nel rispetto delle restrizioni stabilite nei presenti termini e condizioni.<\/p>\n\n\n\n<p><strong>2. Non si deve:<\/strong><\/p>\n\n\n\n<ul class=\"wp-block-list\">\n<li>Ripubblicare materiale da BettSun<\/li>\n\n\n\n<li>Vendere, affittare o concedere in sub-licenza il materiale di BettSun<\/li>\n\n\n\n<li>riprodurre, duplicare o copiare materiale da BettSun<\/li>\n\n\n\n<li>Ridistribuire i contenuti di BettSun<\/li>\n<\/ul>\n\n\n\n<p><strong>3. Commenti degli utenti<\/strong><\/p>\n\n\n\n<ul class=\"wp-block-list\">\n<li>Il presente Accordo decorre dalla data del presente documento.<\/li>\n\n\n\n<li>Alcune parti di questo sito web offrono agli utenti la possibilit\u00e0 di pubblicare e scambiare opinioni e informazioni. BettSun non filtra, modifica, pubblica o rivede i Commenti prima della loro presenza sul sito web. I commenti non riflettono i punti di vista e le opinioni di BettSun, dei suoi agenti o affiliati. I Commenti riflettono i punti di vista e le opinioni della persona che li ha pubblicati. Nella misura consentita dalle leggi applicabili, BettSun non sar\u00e0 responsabile per i Commenti o per qualsiasi responsabilit\u00e0, danno o spesa causati e\/o subiti in seguito all'uso e\/o alla pubblicazione e\/o all'apparizione dei Commenti su questo sito web.<\/li>\n<\/ul>\n\n\n\n<p><strong>4. Collegamento ipertestuale al nostro Contenuto<\/strong><\/p>\n\n\n\n<ul class=\"wp-block-list\">\n<li>Le organizzazioni possono inserire un link alla nostra home page, alle pubblicazioni o ad altre informazioni del sito web a condizione che il link: (a) non sia in alcun modo ingannevole; (b) non implichi falsamente la sponsorizzazione, l'avallo o l'approvazione del linkante e dei suoi prodotti e\/o servizi; e (c) si inserisca nel contesto del sito del linkante.<\/li>\n<\/ul>\n\n\n\n<p><strong>5. Responsabilit\u00e0 per i contenuti<\/strong> Non saremo ritenuti responsabili di alcun contenuto che appaia sul vostro sito web. L'utente accetta di proteggerci e difenderci da tutte le richieste di risarcimento che dovessero sorgere sul suo sito web. Nessun link deve apparire su alcun sito web che possa essere interpretato come diffamatorio, osceno o criminale, o che infranga o violi in altro modo, o che sostenga l'infrazione o altra violazione di diritti di terzi.<\/p>\n\n\n\n<p><strong>6. Riserva di diritti<\/strong> Ci riserviamo il diritto di richiedere la rimozione di tutti i link o di un particolare link al nostro sito web. L'utente accetta di rimuovere immediatamente tutti i link al nostro sito web su richiesta. Ci riserviamo inoltre il diritto di modificare i presenti termini e condizioni e la relativa politica di collegamento in qualsiasi momento. Collegandovi continuamente al nostro sito web, accettate di essere vincolati e di seguire questi termini e condizioni di collegamento.<\/p>\n\n\n\n<p><strong>7. Rimozione di link dal nostro sito web<\/strong> Se sul nostro sito web trovate un link offensivo per qualsiasi motivo, siete liberi di contattarci e informarci in qualsiasi momento. Prenderemo in considerazione le richieste di rimozione dei link, ma non siamo obbligati a farlo o a rispondere direttamente all'utente.<\/p>\n\n\n\n<p><strong>8. Esclusione di responsabilit\u00e0<\/strong><\/p>\n\n\n\n<ul class=\"wp-block-list\">\n<li>Le informazioni contenute in questo sito web sono fornite \"cos\u00ec come sono\", con tutti i difetti, e BettSun non rilascia dichiarazioni o garanzie esplicite o implicite di alcun tipo relative a questo sito web o ai materiali in esso contenuti. Inoltre, nulla di quanto contenuto in questo sito web deve essere interpretato come una consulenza o un consiglio per l'utente.<\/li>\n<\/ul>\n\n\n\n<p><strong>Contattateci<\/strong> In caso di domande sui presenti Termini e condizioni, \u00e8 possibile contattarci all'indirizzo:<\/p>\n\n\n\n<ul class=\"wp-block-list\">\n<li>E-mail: <a>contact@bettsun.com<\/a><\/li>\n\n\n\n<li>Telefono: +123 456 7890<\/li>\n\n\n\n<li>Indirizzo: 123 Energy Drive, Innovation Park<\/li>\n<\/ul>\n\t\t\t\t\t\t\t\t<\/div>\n\t\t\t\t<\/div>\n\t\t\t\t\t<\/div>\n\t\t\t\t<\/div>\n\t\t\t\t<\/div>","protected":false},"excerpt":{"rendered":"<p>Terms &#038; Conditions Welcome to BettSun! These terms and conditions outline the rules and regulations for the use of BettSun&#8217;s Website, located at www.bettsun.com. By accessing this website we assume you accept these terms and conditions. Do not continue to use BettSun if you do not agree to take all of the terms and conditions [&hellip;]<\/p>\n","protected":false},"author":2,"featured_media":0,"parent":0,"menu_order":0,"comment_status":"closed","ping_status":"closed","template":"","meta":{"_acf_changed":false,"footnotes":""},"class_list":["post-2007","page","type-page","status-publish","hentry"],"acf":[],"_links":{"self":[{"href":"https:\/\/bettsun.com\/it\/wp-json\/wp\/v2\/pages\/2007","targetHints":{"allow":["GET"]}}],"collection":[{"href":"https:\/\/bettsun.com\/it\/wp-json\/wp\/v2\/pages"}],"about":[{"href":"https:\/\/bettsun.com\/it\/wp-json\/wp\/v2\/types\/page"}],"author":[{"embeddable":true,"href":"https:\/\/bettsun.com\/it\/wp-json\/wp\/v2\/users\/2"}],"replies":[{"embeddable":true,"href":"https:\/\/bettsun.com\/it\/wp-json\/wp\/v2\/comments?post=2007"}],"version-history":[{"count":0,"href":"https:\/\/bettsun.com\/it\/wp-json\/wp\/v2\/pages\/2007\/revisions"}],"wp:attachment":[{"href":"https:\/\/bettsun.com\/it\/wp-json\/wp\/v2\/media?parent=2007"}],"curies":[{"name":"wp","href":"https:\/\/api.w.org\/{rel}","templated":true}]}}