{"id":2007,"date":"2024-09-10T23:40:38","date_gmt":"2024-09-10T23:40:38","guid":{"rendered":"https:\/\/bettsun.com\/?page_id=2007"},"modified":"2024-09-10T23:44:31","modified_gmt":"2024-09-10T23:44:31","slug":"warunki","status":"publish","type":"page","link":"https:\/\/bettsun.com\/pl\/warunki\/","title":{"rendered":"Regulamin"},"content":{"rendered":"<div data-elementor-type=\"wp-page\" data-elementor-id=\"2007\" class=\"elementor elementor-2007\" data-elementor-post-type=\"page\">\n\t\t\t\t<div class=\"elementor-element elementor-element-af56cb6 e-flex e-con-boxed e-con e-parent\" data-id=\"af56cb6\" data-element_type=\"container\" data-e-type=\"container\" data-settings=\"{&quot;background_background&quot;:&quot;classic&quot;}\">\n\t\t\t\t\t<div class=\"e-con-inner\">\n\t\t\t\t<div class=\"elementor-element elementor-element-1da980f elementor-widget elementor-widget-woocommerce-breadcrumb\" data-id=\"1da980f\" data-element_type=\"widget\" data-e-type=\"widget\" data-widget_type=\"woocommerce-breadcrumb.default\">\n\t\t\t\t<div class=\"elementor-widget-container\">\n\t\t\t\t\t<nav class=\"woocommerce-breadcrumb\" aria-label=\"Breadcrumb\" data-no-translation=\"\" data-trp-gettext=\"\">Strona g\u0142\u00f3wna<\/nav>\t\t\t\t<\/div>\n\t\t\t\t<\/div>\n\t\t\t\t<div class=\"elementor-element elementor-element-186b415 elementor-widget elementor-widget-heading\" data-id=\"186b415\" data-element_type=\"widget\" data-e-type=\"widget\" data-widget_type=\"heading.default\">\n\t\t\t\t<div class=\"elementor-widget-container\">\n\t\t\t\t\t<h2 class=\"elementor-heading-title elementor-size-default\">Regulamin<\/h2>\t\t\t\t<\/div>\n\t\t\t\t<\/div>\n\t\t\t\t\t<\/div>\n\t\t\t\t<\/div>\n\t\t<div class=\"elementor-element elementor-element-1b130f16 e-flex e-con-boxed e-con e-parent\" data-id=\"1b130f16\" data-element_type=\"container\" data-e-type=\"container\">\n\t\t\t\t\t<div class=\"e-con-inner\">\n\t\t\t\t<div class=\"elementor-element elementor-element-6758dfdb elementor-widget elementor-widget-text-editor\" data-id=\"6758dfdb\" data-element_type=\"widget\" data-e-type=\"widget\" data-widget_type=\"text-editor.default\">\n\t\t\t\t<div class=\"elementor-widget-container\">\n\t\t\t\t\t\t\t\t\t\n<p><strong>Witamy w BettSun!<\/strong><\/p>\n\n\n\n<p>Niniejsze warunki okre\u015blaj\u0105 zasady i przepisy dotycz\u0105ce korzystania z witryny internetowej BettSun, znajduj\u0105cej si\u0119 pod adresem <a href=\"https:\/\/bettsun.com\/pl\/\">www.bettsun.com<\/a>.<\/p>\n\n\n\n<p>Wchodz\u0105c na t\u0119 stron\u0119 zak\u0142adamy, \u017ce akceptuj\u0105 Pa\u0144stwo te warunki. Prosz\u0119 nie kontynuowa\u0107 korzystania z BettSun, je\u015bli nie zgadzaj\u0105 si\u0119 Pa\u0144stwo na wszystkie warunki okre\u015blone na tej stronie.<\/p>\n\n\n\n<p><strong>1. Licencja<\/strong> O ile nie zaznaczono inaczej, BettSun i\/lub jego licencjodawcy s\u0105 w\u0142a\u015bcicielami praw w\u0142asno\u015bci intelektualnej do wszystkich materia\u0142\u00f3w na BettSun. Wszelkie prawa w\u0142asno\u015bci intelektualnej s\u0105 zastrze\u017cone. Mog\u0105 Pa\u0144stwo uzyska\u0107 dost\u0119p do tych materia\u0142\u00f3w z BettSun na w\u0142asny u\u017cytek, z zastrze\u017ceniem ogranicze\u0144 okre\u015blonych w niniejszych warunkach.<\/p>\n\n\n\n<p><strong>2. Nie wolno Pa\u0144stwu:<\/strong><\/p>\n\n\n\n<ul class=\"wp-block-list\">\n<li>Prosz\u0119 ponownie opublikowa\u0107 materia\u0142 z BettSun<\/li>\n\n\n\n<li>Sprzedawa\u0107, wynajmowa\u0107 lub udziela\u0107 sublicencji na materia\u0142y z BettSun<\/li>\n\n\n\n<li>Powiela\u0107, powiela\u0107 lub kopiowa\u0107 materia\u0142y z BettSun<\/li>\n\n\n\n<li>Redystrybucja tre\u015bci z BettSun<\/li>\n<\/ul>\n\n\n\n<p><strong>3. Uwagi u\u017cytkownika<\/strong><\/p>\n\n\n\n<ul class=\"wp-block-list\">\n<li>Niniejsza Umowa rozpoczyna si\u0119 w dniu jej zawarcia.<\/li>\n\n\n\n<li>Niekt\u00f3re cz\u0119\u015bci tej strony internetowej oferuj\u0105 u\u017cytkownikom mo\u017cliwo\u015b\u0107 zamieszczania i wymiany opinii i informacji. BettSun nie filtruje, nie edytuje, nie publikuje ani nie przegl\u0105da komentarzy przed ich umieszczeniem na stronie internetowej. Komentarze nie odzwierciedlaj\u0105 pogl\u0105d\u00f3w i opinii firmy BettSun, jej przedstawicieli lub podmiot\u00f3w stowarzyszonych. Komentarze odzwierciedlaj\u0105 pogl\u0105dy i opinie os\u00f3b, kt\u00f3re je zamieszczaj\u0105. W zakresie dozwolonym przez obowi\u0105zuj\u0105ce prawo, BettSun nie ponosi odpowiedzialno\u015bci za Komentarze ani za jak\u0105kolwiek odpowiedzialno\u015b\u0107, szkody lub wydatki spowodowane i\/lub poniesione w wyniku jakiegokolwiek wykorzystania i\/lub opublikowania i\/lub pojawienia si\u0119 Komentarzy na tej stronie.<\/li>\n<\/ul>\n\n\n\n<p><strong>4. Hiper\u0142\u0105cza do naszych Tre\u015bci<\/strong><\/p>\n\n\n\n<ul class=\"wp-block-list\">\n<li>Organizacje mog\u0105 umieszcza\u0107 odno\u015bniki do naszej strony g\u0142\u00f3wnej, publikacji lub innych informacji w witrynie, o ile odno\u015bnik taki (a) nie jest w \u017caden spos\u00f3b myl\u0105cy; (b) nie sugeruje fa\u0142szywie sponsorowania, poparcia lub zatwierdzenia strony linkuj\u0105cej i jej produkt\u00f3w i\/lub us\u0142ug; oraz (c) pasuje do kontekstu strony linkuj\u0105cej.<\/li>\n<\/ul>\n\n\n\n<p><strong>5. Odpowiedzialno\u015b\u0107 za tre\u015b\u0107<\/strong> Nie ponosimy odpowiedzialno\u015bci za jakiekolwiek tre\u015bci pojawiaj\u0105ce si\u0119 w Pa\u0144stwa Witrynie. Zgadzaj\u0105 si\u0119 Pa\u0144stwo chroni\u0107 i broni\u0107 nas przed wszelkimi roszczeniami, kt\u00f3re powstaj\u0105 w Pa\u0144stwa Witrynie. W \u017cadnej Witrynie nie powinny pojawia\u0107 si\u0119 linki, kt\u00f3re mog\u0105 by\u0107 interpretowane jako znies\u0142awiaj\u0105ce, obsceniczne lub przest\u0119pcze, lub kt\u00f3re naruszaj\u0105, w inny spos\u00f3b naruszaj\u0105 lub popieraj\u0105 naruszenie lub inne naruszenie praw os\u00f3b trzecich.<\/p>\n\n\n\n<p><strong>6. Zastrze\u017cenie praw<\/strong> Zastrzegamy sobie prawo do za\u017c\u0105dania od Pa\u0144stwa usuni\u0119cia wszystkich link\u00f3w lub poszczeg\u00f3lnych link\u00f3w do naszej Witryny. Wyra\u017caj\u0105 Pa\u0144stwo zgod\u0119 na natychmiastowe usuni\u0119cie wszystkich link\u00f3w do naszej witryny na \u017c\u0105danie. Zastrzegamy sobie r\u00f3wnie\u017c prawo do zmiany niniejszych warunk\u00f3w i zasad dotycz\u0105cych link\u00f3w w dowolnym momencie. Poprzez ci\u0105g\u0142e linkowanie do naszej strony internetowej, wyra\u017caj\u0105 Pa\u0144stwo zgod\u0119 na przestrzeganie niniejszych zasad i warunk\u00f3w linkowania.<\/p>\n\n\n\n<p><strong>7. Usuni\u0119cie link\u00f3w z naszej strony internetowej<\/strong> Je\u015bli znajd\u0105 Pa\u0144stwo na naszej Stronie jakikolwiek link, kt\u00f3ry z jakiegokolwiek powodu jest obra\u017aliwy, mog\u0105 Pa\u0144stwo skontaktowa\u0107 si\u0119 z nami i poinformowa\u0107 nas o tym w dowolnym momencie. Rozwa\u017cymy pro\u015bby o usuni\u0119cie link\u00f3w, ale nie jeste\u015bmy do tego zobowi\u0105zani ani nie odpowiemy Pa\u0144stwu bezpo\u015brednio.<\/p>\n\n\n\n<p><strong>8. Wy\u0142\u0105czenie odpowiedzialno\u015bci<\/strong><\/p>\n\n\n\n<ul class=\"wp-block-list\">\n<li>Informacje na tej stronie s\u0105 dostarczane \"tak jak s\u0105\", ze wszystkimi wadami, a BettSun nie sk\u0142ada \u017cadnych wyra\u017anych ani dorozumianych o\u015bwiadcze\u0144 ani gwarancji jakiegokolwiek rodzaju zwi\u0105zanych z t\u0105 stron\u0105 lub materia\u0142ami zawartymi na tej stronie. Ponadto, \u017cadne informacje zawarte na tej stronie internetowej nie mog\u0105 by\u0107 interpretowane jako udzielanie Pa\u0144stwu konsultacji lub porad.<\/li>\n<\/ul>\n\n\n\n<p><strong>Kontakt z nami<\/strong> Je\u015bli maj\u0105 Pa\u0144stwo jakiekolwiek pytania dotycz\u0105ce niniejszego Regulaminu, mog\u0105 Pa\u0144stwo skontaktowa\u0107 si\u0119 z nami pod adresem:<\/p>\n\n\n\n<ul class=\"wp-block-list\">\n<li>Email: <a>contact@bettsun.com<\/a><\/li>\n\n\n\n<li>Telefon: +123 456 7890<\/li>\n\n\n\n<li>Adres: 123 Energy Drive, Innovation Park<\/li>\n<\/ul>\n\t\t\t\t\t\t\t\t<\/div>\n\t\t\t\t<\/div>\n\t\t\t\t\t<\/div>\n\t\t\t\t<\/div>\n\t\t\t\t<\/div>","protected":false},"excerpt":{"rendered":"<p>Terms &#038; Conditions Welcome to BettSun! These terms and conditions outline the rules and regulations for the use of BettSun&#8217;s Website, located at www.bettsun.com. By accessing this website we assume you accept these terms and conditions. Do not continue to use BettSun if you do not agree to take all of the terms and conditions [&hellip;]<\/p>\n","protected":false},"author":2,"featured_media":0,"parent":0,"menu_order":0,"comment_status":"closed","ping_status":"closed","template":"","meta":{"_acf_changed":false,"footnotes":""},"class_list":["post-2007","page","type-page","status-publish","hentry"],"acf":[],"_links":{"self":[{"href":"https:\/\/bettsun.com\/pl\/wp-json\/wp\/v2\/pages\/2007","targetHints":{"allow":["GET"]}}],"collection":[{"href":"https:\/\/bettsun.com\/pl\/wp-json\/wp\/v2\/pages"}],"about":[{"href":"https:\/\/bettsun.com\/pl\/wp-json\/wp\/v2\/types\/page"}],"author":[{"embeddable":true,"href":"https:\/\/bettsun.com\/pl\/wp-json\/wp\/v2\/users\/2"}],"replies":[{"embeddable":true,"href":"https:\/\/bettsun.com\/pl\/wp-json\/wp\/v2\/comments?post=2007"}],"version-history":[{"count":0,"href":"https:\/\/bettsun.com\/pl\/wp-json\/wp\/v2\/pages\/2007\/revisions"}],"wp:attachment":[{"href":"https:\/\/bettsun.com\/pl\/wp-json\/wp\/v2\/media?parent=2007"}],"curies":[{"name":"wp","href":"https:\/\/api.w.org\/{rel}","templated":true}]}}