{"id":3133,"date":"2024-09-24T06:24:48","date_gmt":"2024-09-24T06:24:48","guid":{"rendered":"https:\/\/bettsun.com\/?post_type=product&#038;p=3133"},"modified":"2025-02-17T21:36:12","modified_gmt":"2025-02-17T21:36:12","slug":"hybrydowy-falownik-solarny-bettsun-3kw-24v","status":"publish","type":"product","link":"https:\/\/bettsun.com\/pl\/produkty\/hybrydowy-falownik-solarny-bettsun-3kw-24v\/","title":{"rendered":"Hybrydowy falownik s\u0142oneczny Bettsun 3KW 24V"},"content":{"rendered":"<p>Hybrydowy falownik s\u0142oneczny Bettsun 3KW 24V oferuje zakres wej\u015bciowy PV do 450Vdc, system baterii 24V kompatybilny z r\u00f3\u017cnymi typami baterii, pojedynczy MPPT o sprawno\u015bci 99,9% i obs\u0142uguje napi\u0119cia wyj\u015bciowe 208, 220, 230 i 240Vac. Dostarcza pr\u0105d o maksymalnym nat\u0119\u017ceniu 22A.<\/p>","protected":false},"excerpt":{"rendered":"<h3 data-start=\"601\" data-end=\"624\"><strong data-start=\"605\" data-end=\"622\">Kluczowe cechy:<\/strong><\/h3>\n<ul>\n<li data-start=\"625\" data-end=\"913\"><strong>Zakres napi\u0119cia wej\u015bciowego PV:<\/strong> Do 450Vdc dla elastycznej kompatybilno\u015bci z panelami s\u0142onecznymi.<\/li>\n<li data-start=\"625\" data-end=\"913\"><strong>System akumulator\u00f3w:<\/strong> 24 V, kompatybilny z r\u00f3\u017cnymi typami akumulator\u00f3w.<\/li>\n<li data-start=\"625\" data-end=\"913\"><strong>Pojedynczy MPPT:<\/strong> Sprawno\u015b\u0107 99,9% przy maksymalnym pr\u0105dzie 22A.<\/li>\n<li data-start=\"625\" data-end=\"913\"><strong>Wiele napi\u0119\u0107 wyj\u015bciowych:<\/strong> Obs\u0142uguje napi\u0119cia 208, 220, 230 i 240 VAC dla wszechstronnych zastosowa\u0144.<\/li>\n<\/ul>","protected":false},"featured_media":2991,"comment_status":"open","ping_status":"closed","template":"","meta":{"_acf_changed":false},"product_brand":[],"product_cat":[66,65],"product_tag":[],"class_list":{"0":"post-3133","1":"product","2":"type-product","3":"status-publish","4":"has-post-thumbnail","6":"product_cat-hybrid-inverter","7":"product_cat-inverter","9":"first","10":"instock","11":"shipping-taxable","12":"purchasable","13":"product-type-simple"},"acf":[],"_links":{"self":[{"href":"https:\/\/bettsun.com\/pl\/wp-json\/wp\/v2\/product\/3133","targetHints":{"allow":["GET"]}}],"collection":[{"href":"https:\/\/bettsun.com\/pl\/wp-json\/wp\/v2\/product"}],"about":[{"href":"https:\/\/bettsun.com\/pl\/wp-json\/wp\/v2\/types\/product"}],"replies":[{"embeddable":true,"href":"https:\/\/bettsun.com\/pl\/wp-json\/wp\/v2\/comments?post=3133"}],"version-history":[{"count":3,"href":"https:\/\/bettsun.com\/pl\/wp-json\/wp\/v2\/product\/3133\/revisions"}],"predecessor-version":[{"id":8281,"href":"https:\/\/bettsun.com\/pl\/wp-json\/wp\/v2\/product\/3133\/revisions\/8281"}],"wp:featuredmedia":[{"embeddable":true,"href":"https:\/\/bettsun.com\/pl\/wp-json\/wp\/v2\/media\/2991"}],"wp:attachment":[{"href":"https:\/\/bettsun.com\/pl\/wp-json\/wp\/v2\/media?parent=3133"}],"wp:term":[{"taxonomy":"product_brand","embeddable":true,"href":"https:\/\/bettsun.com\/pl\/wp-json\/wp\/v2\/product_brand?post=3133"},{"taxonomy":"product_cat","embeddable":true,"href":"https:\/\/bettsun.com\/pl\/wp-json\/wp\/v2\/product_cat?post=3133"},{"taxonomy":"product_tag","embeddable":true,"href":"https:\/\/bettsun.com\/pl\/wp-json\/wp\/v2\/product_tag?post=3133"}],"curies":[{"name":"wp","href":"https:\/\/api.w.org\/{rel}","templated":true}]}}