{"id":3160,"date":"2024-09-24T07:47:22","date_gmt":"2024-09-24T07:47:22","guid":{"rendered":"https:\/\/bettsun.com\/?post_type=product&#038;p=3160"},"modified":"2025-02-17T21:25:48","modified_gmt":"2025-02-17T21:25:48","slug":"hybrydowy-falownik-solarny-bettsun-6kw-48v","status":"publish","type":"product","link":"https:\/\/bettsun.com\/pl\/produkty\/hybrydowy-falownik-solarny-bettsun-6kw-48v\/","title":{"rendered":"Hybrydowy falownik s\u0142oneczny Bettsun 6KW 48V"},"content":{"rendered":"<p>Hybrydowy inwerter solarny Bettsun 6KW 48V posiada zakres wej\u015bciowy PV 110-450Vdc, system baterii 48V kompatybilny z bateriami kwasowo-o\u0142owiowymi i litowo-jonowymi, pojedynczy MPPT o sprawno\u015bci 97,5% i obs\u0142uguje napi\u0119cia wyj\u015bciowe 208Vac, 230Vac i 240Vac. Zapewnia maksymaln\u0105 moc wej\u015bciow\u0105 6000W.<\/p>","protected":false},"excerpt":{"rendered":"<h3 data-start=\"623\" data-end=\"646\"><strong data-start=\"627\" data-end=\"644\">Kluczowe cechy:<\/strong><\/h3>\n<ul>\n<li data-start=\"647\" data-end=\"942\"><strong>Zakres napi\u0119cia wej\u015bciowego PV:<\/strong> 110-450Vdc dla szerokiej kompatybilno\u015bci z panelami s\u0142onecznymi.<\/li>\n<li data-start=\"647\" data-end=\"942\"><strong>System akumulator\u00f3w<\/strong>: 48V, kompatybilny z akumulatorami kwasowo-o\u0142owiowymi i litowo-jonowymi.<\/li>\n<li data-start=\"647\" data-end=\"942\"><strong>Pojedynczy MPPT:<\/strong> Sprawno\u015b\u0107 97,5% przy maksymalnej mocy wej\u015bciowej 6000W.<\/li>\n<li data-start=\"647\" data-end=\"942\"><strong>Wiele napi\u0119\u0107 wyj\u015bciowych:<\/strong> Obs\u0142uguje napi\u0119cia 208Vac, 230Vac i 240Vac dla wszechstronnego zastosowania.<\/li>\n<\/ul>","protected":false},"featured_media":3553,"comment_status":"open","ping_status":"closed","template":"","meta":{"_acf_changed":false},"product_brand":[],"product_cat":[66,65],"product_tag":[],"class_list":{"0":"post-3160","1":"product","2":"type-product","3":"status-publish","4":"has-post-thumbnail","6":"product_cat-hybrid-inverter","7":"product_cat-inverter","9":"first","10":"instock","11":"shipping-taxable","12":"purchasable","13":"product-type-simple"},"acf":[],"_links":{"self":[{"href":"https:\/\/bettsun.com\/pl\/wp-json\/wp\/v2\/product\/3160","targetHints":{"allow":["GET"]}}],"collection":[{"href":"https:\/\/bettsun.com\/pl\/wp-json\/wp\/v2\/product"}],"about":[{"href":"https:\/\/bettsun.com\/pl\/wp-json\/wp\/v2\/types\/product"}],"replies":[{"embeddable":true,"href":"https:\/\/bettsun.com\/pl\/wp-json\/wp\/v2\/comments?post=3160"}],"version-history":[{"count":3,"href":"https:\/\/bettsun.com\/pl\/wp-json\/wp\/v2\/product\/3160\/revisions"}],"predecessor-version":[{"id":8274,"href":"https:\/\/bettsun.com\/pl\/wp-json\/wp\/v2\/product\/3160\/revisions\/8274"}],"wp:featuredmedia":[{"embeddable":true,"href":"https:\/\/bettsun.com\/pl\/wp-json\/wp\/v2\/media\/3553"}],"wp:attachment":[{"href":"https:\/\/bettsun.com\/pl\/wp-json\/wp\/v2\/media?parent=3160"}],"wp:term":[{"taxonomy":"product_brand","embeddable":true,"href":"https:\/\/bettsun.com\/pl\/wp-json\/wp\/v2\/product_brand?post=3160"},{"taxonomy":"product_cat","embeddable":true,"href":"https:\/\/bettsun.com\/pl\/wp-json\/wp\/v2\/product_cat?post=3160"},{"taxonomy":"product_tag","embeddable":true,"href":"https:\/\/bettsun.com\/pl\/wp-json\/wp\/v2\/product_tag?post=3160"}],"curies":[{"name":"wp","href":"https:\/\/api.w.org\/{rel}","templated":true}]}}