{"id":3242,"date":"2024-09-24T15:04:38","date_gmt":"2024-09-24T15:04:38","guid":{"rendered":"https:\/\/bettsun.com\/?post_type=product&#038;p=3242"},"modified":"2025-02-17T21:23:32","modified_gmt":"2025-02-17T21:23:32","slug":"bettsun-7kw-48v-hybrydowy-falownik-solarny-z-podwojnym-mppt","status":"publish","type":"product","link":"https:\/\/bettsun.com\/pl\/produkty\/bettsun-7kw-48v-hybrydowy-falownik-solarny-z-podwojnym-mppt\/","title":{"rendered":"Hybrydowy falownik solarny Bettsun 7KW 48V z podw\u00f3jnym MPPT"},"content":{"rendered":"<p>Hybrydowy inwerter solarny Bettsun 7KW 48V posiada zakres wej\u015bciowy PV 110-450Vdc, system baterii 48V kompatybilny z bateriami kwasowo-o\u0142owiowymi i litowo-jonowymi, pojedynczy MPPT o sprawno\u015bci 97,5% i obs\u0142uguje napi\u0119cia wyj\u015bciowe 208Vac, 230Vac i 240Vac. Zapewnia maksymaln\u0105 moc wej\u015bciow\u0105 6000W.<\/p>","protected":false},"excerpt":{"rendered":"<h3 data-start=\"637\" data-end=\"660\"><strong data-start=\"641\" data-end=\"658\">Kluczowe cechy:<\/strong><\/h3>\n<ul>\n<li data-start=\"661\" data-end=\"956\"><strong>Zakres napi\u0119cia wej\u015bciowego PV:<\/strong> 110-450Vdc dla szerokiej kompatybilno\u015bci z panelami s\u0142onecznymi.<\/li>\n<li data-start=\"661\" data-end=\"956\"><strong>System akumulator\u00f3w:<\/strong> 48 V, kompatybilny z akumulatorami kwasowo-o\u0142owiowymi i litowo-jonowymi.<\/li>\n<li data-start=\"661\" data-end=\"956\"><strong>Pojedynczy MPPT:<\/strong> Sprawno\u015b\u0107 97,5% przy maksymalnej mocy wej\u015bciowej 6000W.<\/li>\n<li data-start=\"661\" data-end=\"956\"><strong>Wiele napi\u0119\u0107 wyj\u015bciowych:<\/strong> Obs\u0142uguje napi\u0119cia 208Vac, 230Vac i 240Vac dla wszechstronnego zastosowania.<\/li>\n<\/ul>","protected":false},"featured_media":3553,"comment_status":"open","ping_status":"closed","template":"","meta":{"_acf_changed":false},"product_brand":[],"product_cat":[66,65],"product_tag":[],"class_list":{"0":"post-3242","1":"product","2":"type-product","3":"status-publish","4":"has-post-thumbnail","6":"product_cat-hybrid-inverter","7":"product_cat-inverter","9":"first","10":"instock","11":"shipping-taxable","12":"purchasable","13":"product-type-simple"},"acf":[],"_links":{"self":[{"href":"https:\/\/bettsun.com\/pl\/wp-json\/wp\/v2\/product\/3242","targetHints":{"allow":["GET"]}}],"collection":[{"href":"https:\/\/bettsun.com\/pl\/wp-json\/wp\/v2\/product"}],"about":[{"href":"https:\/\/bettsun.com\/pl\/wp-json\/wp\/v2\/types\/product"}],"replies":[{"embeddable":true,"href":"https:\/\/bettsun.com\/pl\/wp-json\/wp\/v2\/comments?post=3242"}],"version-history":[{"count":3,"href":"https:\/\/bettsun.com\/pl\/wp-json\/wp\/v2\/product\/3242\/revisions"}],"predecessor-version":[{"id":8273,"href":"https:\/\/bettsun.com\/pl\/wp-json\/wp\/v2\/product\/3242\/revisions\/8273"}],"wp:featuredmedia":[{"embeddable":true,"href":"https:\/\/bettsun.com\/pl\/wp-json\/wp\/v2\/media\/3553"}],"wp:attachment":[{"href":"https:\/\/bettsun.com\/pl\/wp-json\/wp\/v2\/media?parent=3242"}],"wp:term":[{"taxonomy":"product_brand","embeddable":true,"href":"https:\/\/bettsun.com\/pl\/wp-json\/wp\/v2\/product_brand?post=3242"},{"taxonomy":"product_cat","embeddable":true,"href":"https:\/\/bettsun.com\/pl\/wp-json\/wp\/v2\/product_cat?post=3242"},{"taxonomy":"product_tag","embeddable":true,"href":"https:\/\/bettsun.com\/pl\/wp-json\/wp\/v2\/product_tag?post=3242"}],"curies":[{"name":"wp","href":"https:\/\/api.w.org\/{rel}","templated":true}]}}