{"id":3249,"date":"2024-09-24T15:17:36","date_gmt":"2024-09-24T15:17:36","guid":{"rendered":"https:\/\/bettsun.com\/?post_type=product&#038;p=3249"},"modified":"2025-02-17T21:12:34","modified_gmt":"2025-02-17T21:12:34","slug":"zestaw-solarny","status":"publish","type":"product","link":"https:\/\/bettsun.com\/pl\/produkty\/zestaw-solarny\/","title":{"rendered":"Zestaw solarny"},"content":{"rendered":"<p>jego <strong data-start=\"104\" data-end=\"117\">Zestaw solarny<\/strong> Posiada zakres wej\u015bciowy PV 110-450Vdc, system akumulator\u00f3w 48V kompatybilny z akumulatorami kwasowo-o\u0142owiowymi i litowo-jonowymi, podw\u00f3jny MPPT dla sprawno\u015bci 97,5% oraz napi\u0119cia wyj\u015bciowe 208Vac, 230Vac i 240Vac. Zawiera r\u00f3wnie\u017c czujniki CT i prze\u0142\u0105cznik antyblokady dla bezpiecze\u0144stwa sieci.<\/p>","protected":false},"excerpt":{"rendered":"<h3 data-start=\"598\" data-end=\"621\"><strong data-start=\"602\" data-end=\"619\">Kluczowe cechy:<\/strong><\/h3>\n<p data-start=\"622\" data-end=\"985\"><strong>Zakres napi\u0119cia wej\u015bciowego PV:<\/strong> 110-450Vdc dla kompatybilno\u015bci z panelami elastycznymi.<br data-start=\"690\" data-end=\"693\" \/><strong>System akumulator\u00f3w:<\/strong> 48 V, kompatybilny zar\u00f3wno z akumulatorami kwasowo-o\u0142owiowymi, jak i litowo-jonowymi.<br data-start=\"771\" data-end=\"774\" \/><strong>Podw\u00f3jny MPPT:<\/strong> Sprawno\u015b\u0107 97,5% przy maksymalnej mocy wej\u015bciowej 12000W.<br data-start=\"832\" data-end=\"835\" \/><strong>Wiele napi\u0119\u0107 wyj\u015bciowych:<\/strong> 208Vac, 230Vac i 240Vac dla wszechstronnych zastosowa\u0144.<br data-start=\"915\" data-end=\"918\" \/><strong>Bezpiecze\u0144stwo sieci:<\/strong> Czujniki CT i prze\u0142\u0105cznik zapobiegaj\u0105cy blokowaniu zapewniaj\u0105 bezpieczn\u0105 integracj\u0119.<\/p>","protected":false},"featured_media":2991,"comment_status":"open","ping_status":"closed","template":"","meta":{"_acf_changed":false},"product_brand":[],"product_cat":[90,89],"product_tag":[],"class_list":{"0":"post-3249","1":"product","2":"type-product","3":"status-publish","4":"has-post-thumbnail","6":"product_cat-rv-solutions","7":"product_cat-solutions","9":"first","10":"instock","11":"shipping-taxable","12":"purchasable","13":"product-type-simple"},"acf":[],"_links":{"self":[{"href":"https:\/\/bettsun.com\/pl\/wp-json\/wp\/v2\/product\/3249","targetHints":{"allow":["GET"]}}],"collection":[{"href":"https:\/\/bettsun.com\/pl\/wp-json\/wp\/v2\/product"}],"about":[{"href":"https:\/\/bettsun.com\/pl\/wp-json\/wp\/v2\/types\/product"}],"replies":[{"embeddable":true,"href":"https:\/\/bettsun.com\/pl\/wp-json\/wp\/v2\/comments?post=3249"}],"version-history":[{"count":2,"href":"https:\/\/bettsun.com\/pl\/wp-json\/wp\/v2\/product\/3249\/revisions"}],"predecessor-version":[{"id":8267,"href":"https:\/\/bettsun.com\/pl\/wp-json\/wp\/v2\/product\/3249\/revisions\/8267"}],"wp:featuredmedia":[{"embeddable":true,"href":"https:\/\/bettsun.com\/pl\/wp-json\/wp\/v2\/media\/2991"}],"wp:attachment":[{"href":"https:\/\/bettsun.com\/pl\/wp-json\/wp\/v2\/media?parent=3249"}],"wp:term":[{"taxonomy":"product_brand","embeddable":true,"href":"https:\/\/bettsun.com\/pl\/wp-json\/wp\/v2\/product_brand?post=3249"},{"taxonomy":"product_cat","embeddable":true,"href":"https:\/\/bettsun.com\/pl\/wp-json\/wp\/v2\/product_cat?post=3249"},{"taxonomy":"product_tag","embeddable":true,"href":"https:\/\/bettsun.com\/pl\/wp-json\/wp\/v2\/product_tag?post=3249"}],"curies":[{"name":"wp","href":"https:\/\/api.w.org\/{rel}","templated":true}]}}