{"id":3257,"date":"2024-09-24T15:45:05","date_gmt":"2024-09-24T15:45:05","guid":{"rendered":"https:\/\/bettsun.com\/?post_type=product&#038;p=3257"},"modified":"2025-02-17T21:04:17","modified_gmt":"2025-02-17T21:04:17","slug":"kontroler-ladowania-slonecznego-bettsun-m120a-mppt","status":"publish","type":"product","link":"https:\/\/bettsun.com\/pl\/produkty\/kontroler-ladowania-slonecznego-bettsun-m120a-mppt\/","title":{"rendered":"Kontroler \u0142adowania s\u0142onecznego BettSun M120A MPPT"},"content":{"rendered":"<p>Kontroler \u0142adowania s\u0142onecznego Bettsun M120A MPPT posiada wysokowydajny procesor DSP zapewniaj\u0105cy zoptymalizowane sterowanie, automatyczne wykrywanie napi\u0119cia akumulatora, blokad\u0119 napi\u0119cia zapewniaj\u0105c\u0105 stabiln\u0105 prac\u0119 oraz zdalne monitorowanie za pomoc\u0105 aplikacji mobilnej.<\/p>","protected":false},"excerpt":{"rendered":"<h3 data-start=\"554\" data-end=\"577\"><strong data-start=\"558\" data-end=\"575\">Kluczowe cechy:<\/strong><\/h3>\n<ul>\n<li data-start=\"578\" data-end=\"889\"><strong>Wysokowydajny procesor DSP:<\/strong> Zoptymalizowane sterowanie dla maksymalnej wydajno\u015bci solarnej.<\/li>\n<li data-start=\"578\" data-end=\"889\"><strong>Automatyczne wykrywanie napi\u0119cia akumulatora:<\/strong> Zapewnia kompatybilno\u015b\u0107 z r\u00f3\u017cnymi typami baterii.<\/li>\n<li data-start=\"578\" data-end=\"889\"><strong>Blokada napi\u0119cia:<\/strong> Zapewnia stabiln\u0105 prac\u0119, zapobiegaj\u0105c wahaniom napi\u0119cia.<\/li>\n<li data-start=\"578\" data-end=\"889\"><strong>Zdalne monitorowanie:<\/strong> Monitorowanie i sterowanie za pomoc\u0105 aplikacji mobilnej dla wygody.<\/li>\n<\/ul>","protected":false},"featured_media":3217,"comment_status":"open","ping_status":"closed","template":"","meta":{"_acf_changed":false},"product_brand":[],"product_cat":[69,77,78,72],"product_tag":[],"class_list":{"0":"post-3257","1":"product","2":"type-product","3":"status-publish","4":"has-post-thumbnail","6":"product_cat-charger","7":"product_cat-controller","8":"product_cat-mppt-solar-controller","9":"product_cat-solar-charger","11":"first","12":"instock","13":"shipping-taxable","14":"purchasable","15":"product-type-simple"},"acf":[],"_links":{"self":[{"href":"https:\/\/bettsun.com\/pl\/wp-json\/wp\/v2\/product\/3257","targetHints":{"allow":["GET"]}}],"collection":[{"href":"https:\/\/bettsun.com\/pl\/wp-json\/wp\/v2\/product"}],"about":[{"href":"https:\/\/bettsun.com\/pl\/wp-json\/wp\/v2\/types\/product"}],"replies":[{"embeddable":true,"href":"https:\/\/bettsun.com\/pl\/wp-json\/wp\/v2\/comments?post=3257"}],"version-history":[{"count":2,"href":"https:\/\/bettsun.com\/pl\/wp-json\/wp\/v2\/product\/3257\/revisions"}],"predecessor-version":[{"id":8264,"href":"https:\/\/bettsun.com\/pl\/wp-json\/wp\/v2\/product\/3257\/revisions\/8264"}],"wp:featuredmedia":[{"embeddable":true,"href":"https:\/\/bettsun.com\/pl\/wp-json\/wp\/v2\/media\/3217"}],"wp:attachment":[{"href":"https:\/\/bettsun.com\/pl\/wp-json\/wp\/v2\/media?parent=3257"}],"wp:term":[{"taxonomy":"product_brand","embeddable":true,"href":"https:\/\/bettsun.com\/pl\/wp-json\/wp\/v2\/product_brand?post=3257"},{"taxonomy":"product_cat","embeddable":true,"href":"https:\/\/bettsun.com\/pl\/wp-json\/wp\/v2\/product_cat?post=3257"},{"taxonomy":"product_tag","embeddable":true,"href":"https:\/\/bettsun.com\/pl\/wp-json\/wp\/v2\/product_tag?post=3257"}],"curies":[{"name":"wp","href":"https:\/\/api.w.org\/{rel}","templated":true}]}}