{"id":3500,"date":"2024-09-26T02:15:06","date_gmt":"2024-09-26T02:15:06","guid":{"rendered":"https:\/\/bettsun.com\/?post_type=product&#038;p=3500"},"modified":"2025-02-17T20:36:55","modified_gmt":"2025-02-17T20:36:55","slug":"falownik-bettsun-4kw-48v-split-phase","status":"publish","type":"product","link":"https:\/\/bettsun.com\/pl\/produkty\/falownik-bettsun-4kw-48v-split-phase\/","title":{"rendered":"Falownik Bettsun 4KW 48V Split-Phase"},"content":{"rendered":"<p>Inwerter Bettsun 4KW 48V Split-Phase posiada inteligentn\u0105 technologi\u0119 split-phase 120V\/240V, podw\u00f3jny MPPT dla maksymalnego wykorzystania energii s\u0142onecznej i obs\u0142uguje wszystkie typy akumulator\u00f3w. Posiada wysokie napi\u0119cie wej\u015bciowe PV do 450Vdc.<\/p>","protected":false},"excerpt":{"rendered":"<h3 data-start=\"542\" data-end=\"565\"><strong data-start=\"546\" data-end=\"563\">Kluczowe cechy:<\/strong><\/h3>\n<ul>\n<li data-start=\"566\" data-end=\"902\"><strong>120V\/240V Technologia Split-Phase:<\/strong> Zapewnia wydajn\u0105 dystrybucj\u0119 mocy dla optymalnej wydajno\u015bci.<\/li>\n<li data-start=\"566\" data-end=\"902\"><strong>Kompatybilny ze wszystkimi typami baterii:<\/strong> Wszechstronny i wsp\u00f3\u0142pracuje z r\u00f3\u017cnymi technologiami akumulator\u00f3w.<\/li>\n<li data-start=\"566\" data-end=\"902\"><strong>Podw\u00f3jny MPPT:<\/strong> Maksymalizuje konwersj\u0119 energii s\u0142onecznej, zapewniaj\u0105c wy\u017csz\u0105 wydajno\u015b\u0107.<\/li>\n<li data-start=\"566\" data-end=\"902\"><strong>Wysokie napi\u0119cie wej\u015bciowe PV:<\/strong> Obs\u0142uguje do 450Vdc dla lepszej kompatybilno\u015bci z panelami.<\/li>\n<\/ul>","protected":false},"featured_media":3215,"comment_status":"open","ping_status":"closed","template":"","meta":{"_acf_changed":false},"product_brand":[],"product_cat":[65,102],"product_tag":[],"class_list":{"0":"post-3500","1":"product","2":"type-product","3":"status-publish","4":"has-post-thumbnail","6":"product_cat-inverter","7":"product_cat-split-phase-inverter","9":"first","10":"instock","11":"shipping-taxable","12":"purchasable","13":"product-type-simple"},"acf":[],"_links":{"self":[{"href":"https:\/\/bettsun.com\/pl\/wp-json\/wp\/v2\/product\/3500","targetHints":{"allow":["GET"]}}],"collection":[{"href":"https:\/\/bettsun.com\/pl\/wp-json\/wp\/v2\/product"}],"about":[{"href":"https:\/\/bettsun.com\/pl\/wp-json\/wp\/v2\/types\/product"}],"replies":[{"embeddable":true,"href":"https:\/\/bettsun.com\/pl\/wp-json\/wp\/v2\/comments?post=3500"}],"version-history":[{"count":3,"href":"https:\/\/bettsun.com\/pl\/wp-json\/wp\/v2\/product\/3500\/revisions"}],"predecessor-version":[{"id":8260,"href":"https:\/\/bettsun.com\/pl\/wp-json\/wp\/v2\/product\/3500\/revisions\/8260"}],"wp:featuredmedia":[{"embeddable":true,"href":"https:\/\/bettsun.com\/pl\/wp-json\/wp\/v2\/media\/3215"}],"wp:attachment":[{"href":"https:\/\/bettsun.com\/pl\/wp-json\/wp\/v2\/media?parent=3500"}],"wp:term":[{"taxonomy":"product_brand","embeddable":true,"href":"https:\/\/bettsun.com\/pl\/wp-json\/wp\/v2\/product_brand?post=3500"},{"taxonomy":"product_cat","embeddable":true,"href":"https:\/\/bettsun.com\/pl\/wp-json\/wp\/v2\/product_cat?post=3500"},{"taxonomy":"product_tag","embeddable":true,"href":"https:\/\/bettsun.com\/pl\/wp-json\/wp\/v2\/product_tag?post=3500"}],"curies":[{"name":"wp","href":"https:\/\/api.w.org\/{rel}","templated":true}]}}