{"id":3546,"date":"2024-09-28T03:28:13","date_gmt":"2024-09-28T03:28:13","guid":{"rendered":"https:\/\/bettsun.com\/?post_type=product&#038;p=3546"},"modified":"2025-02-17T20:06:57","modified_gmt":"2025-02-17T20:06:57","slug":"konwerter-solar-dc-dc-step-down-dla-urzadzen-12v-dc","status":"publish","type":"product","link":"https:\/\/bettsun.com\/pl\/produkty\/konwerter-solar-dc-dc-step-down-dla-urzadzen-12v-dc\/","title":{"rendered":"Solarna przetwornica DC-DC Step Down dla urz\u0105dze\u0144 12 V DC"},"content":{"rendered":"<p>Solarny konwerter DC-DC dostarcza do 80A ze stabilnym wyj\u015bciem 13,5V dla urz\u0105dze\u0144 12V. W pe\u0142ni szczelna obudowa IP68, certyfikaty CE i ROHS zapewniaj\u0105 trwa\u0142o\u015b\u0107.<\/p>","protected":false},"excerpt":{"rendered":"<p><strong>Kluczowe cechy:<\/strong><\/p>\n<ul>\n<li><strong>S\u0142oneczny konwerter DC-DC:<\/strong> Zapewnia stabilne wyj\u015bcie 13,5 V dla urz\u0105dze\u0144 12 V.<\/li>\n<li><strong>Certyfikowane bezpiecze\u0144stwo:<\/strong> Certyfikaty CE i ROHS zapewniaj\u0105 bezpieczn\u0105 i wydajn\u0105 prac\u0119.<\/li>\n<li><strong>Trwa\u0142a obudowa:<\/strong> W pe\u0142ni szczelna konstrukcja o stopniu ochrony IP68 zapewnia ochron\u0119 przed wod\u0105 i py\u0142em.<\/li>\n<li><strong>Wysoki pr\u0105d wyj\u015bciowy:<\/strong> Dostarcza do 80A dla aplikacji o du\u017cej mocy.<\/li>\n<\/ul>","protected":false},"featured_media":3550,"comment_status":"open","ping_status":"closed","template":"","meta":{"_acf_changed":false},"product_brand":[],"product_cat":[73,76],"product_tag":[],"class_list":{"0":"post-3546","1":"product","2":"type-product","3":"status-publish","4":"has-post-thumbnail","6":"product_cat-converter","7":"product_cat-solar-converter","9":"first","10":"instock","11":"shipping-taxable","12":"purchasable","13":"product-type-simple"},"acf":[],"_links":{"self":[{"href":"https:\/\/bettsun.com\/pl\/wp-json\/wp\/v2\/product\/3546","targetHints":{"allow":["GET"]}}],"collection":[{"href":"https:\/\/bettsun.com\/pl\/wp-json\/wp\/v2\/product"}],"about":[{"href":"https:\/\/bettsun.com\/pl\/wp-json\/wp\/v2\/types\/product"}],"replies":[{"embeddable":true,"href":"https:\/\/bettsun.com\/pl\/wp-json\/wp\/v2\/comments?post=3546"}],"version-history":[{"count":3,"href":"https:\/\/bettsun.com\/pl\/wp-json\/wp\/v2\/product\/3546\/revisions"}],"predecessor-version":[{"id":8247,"href":"https:\/\/bettsun.com\/pl\/wp-json\/wp\/v2\/product\/3546\/revisions\/8247"}],"wp:featuredmedia":[{"embeddable":true,"href":"https:\/\/bettsun.com\/pl\/wp-json\/wp\/v2\/media\/3550"}],"wp:attachment":[{"href":"https:\/\/bettsun.com\/pl\/wp-json\/wp\/v2\/media?parent=3546"}],"wp:term":[{"taxonomy":"product_brand","embeddable":true,"href":"https:\/\/bettsun.com\/pl\/wp-json\/wp\/v2\/product_brand?post=3546"},{"taxonomy":"product_cat","embeddable":true,"href":"https:\/\/bettsun.com\/pl\/wp-json\/wp\/v2\/product_cat?post=3546"},{"taxonomy":"product_tag","embeddable":true,"href":"https:\/\/bettsun.com\/pl\/wp-json\/wp\/v2\/product_tag?post=3546"}],"curies":[{"name":"wp","href":"https:\/\/api.w.org\/{rel}","templated":true}]}}